{"id":2511,"date":"2025-05-15T07:32:48","date_gmt":"2025-05-15T07:32:48","guid":{"rendered":"https:\/\/cmykprinted.com\/?post_type=product&#038;p=2511"},"modified":"2025-05-15T07:37:54","modified_gmt":"2025-05-15T07:37:54","slug":"6-foot-logo-table-covers-for-trade-shows","status":"publish","type":"product","link":"https:\/\/cmykprinted.com\/hu\/termek\/6-lab-logos-asztalteritok-kiallitasokra\/","title":{"rendered":"6 l\u00e1bas log\u00f3s asztalter\u00edt\u0151k kereskedelmi ki\u00e1ll\u00edt\u00e1sokra"},"content":{"rendered":"","protected":false},"excerpt":{"rendered":"<p>Egy rendk\u00edv\u00fcl hat\u00e9kony \u00e9s k\u00f6lts\u00e9gbar\u00e1t m\u00f3dszer a ki\u00e1ll\u00edt\u00e1si stand feldob\u00e1s\u00e1ra a vizu\u00e1lisan felt\u0171n\u0151, egyedi asztalter\u00edt\u0151k haszn\u00e1lata. Fejlett szublim\u00e1ci\u00f3s nyomtat\u00e1si technol\u00f3gi\u00e1nk seg\u00edts\u00e9g\u00e9vel ezek a ter\u00edt\u0151k nemcsak leny\u0171g\u00f6z\u0151ek, de k\u00f6nny\u0171ek, egyszer\u0171en \u00f6sszeszerelhet\u0151k \u00e9s k\u00f6nnyen kezelhet\u0151k is. Ez teszi \u0151ket a legjobb v\u00e1laszt\u00e1ss\u00e1 a ki\u00e1ll\u00edt\u00e1si r\u00e9sztvev\u0151k sz\u00e1m\u00e1ra. A nyomtatott mint\u00e1k bemutatj\u00e1k a m\u00e1rkaidentit\u00e1st. Szem\u00e9lyre szabhatja az esem\u00e9nyre sz\u00e1nt asztalter\u00edt\u0151it m\u00e1rk\u00e1zott elemek, p\u00e9ld\u00e1ul c\u00e9ge log\u00f3j\u00e1nak, el\u00e9rhet\u0151s\u00e9geinek, k\u00e9peinek \u00e9s jellegzetes m\u00e1rkasz\u00edneinek beilleszt\u00e9s\u00e9vel.<\/p>\n<div style=\"width: 1280px;\" class=\"wp-video\"><!--[if lt IE 9]><script>document.createElement('video');<\/script><![endif]--><br \/>\n<video class=\"wp-video-shortcode\" id=\"video-2511-1\" width=\"1280\" height=\"720\" preload=\"metadata\" controls=\"controls\"><source type=\"video\/mp4\" src=\"https:\/\/cmykprinted.com\/wp-content\/uploads\/2025\/05\/Logo-Table-Covers-for-Trade-Shows-01.mp4?_=1\" \/><a href=\"https:\/\/cmykprinted.com\/wp-content\/uploads\/2025\/05\/Logo-Table-Covers-for-Trade-Shows-01.mp4\">https:\/\/cmykprinted.com\/wp-content\/uploads\/2025\/05\/Logo-Table-Covers-for-Trade-Shows-01.mp4<\/a><\/video><\/div>","protected":false},"featured_media":2518,"template":"","meta":{"_kad_post_transparent":"default","_kad_post_title":"hide","_kad_post_layout":"fullwidth","_kad_post_sidebar_id":"","_kad_post_content_style":"unboxed","_kad_post_vertical_padding":"hide","_kad_post_feature":"hide","_kad_post_feature_position":"","_kad_post_header":false,"_kad_post_footer":false},"product_cat":[80,81],"product_tag":[560,561,559],"class_list":{"0":"post-2511","1":"product","2":"type-product","3":"status-publish","4":"has-post-thumbnail","6":"product_cat-custom-tablecloth","7":"product_cat-custom-stretch-tablecloth","8":"product_tag-6-foot-logo-table-covers-for-trade-shows","9":"product_tag-6-foot-table-covers","10":"product_tag-table-covers-for-trade-shows","12":"first","13":"instock","14":"shipping-taxable","15":"product-type-simple","16":"entry","17":"content-bg","18":"loop-entry"},"_links":{"self":[{"href":"https:\/\/cmykprinted.com\/hu\/wp-json\/wp\/v2\/product\/2511","targetHints":{"allow":["GET"]}}],"collection":[{"href":"https:\/\/cmykprinted.com\/hu\/wp-json\/wp\/v2\/product"}],"about":[{"href":"https:\/\/cmykprinted.com\/hu\/wp-json\/wp\/v2\/types\/product"}],"version-history":[{"count":3,"href":"https:\/\/cmykprinted.com\/hu\/wp-json\/wp\/v2\/product\/2511\/revisions"}],"predecessor-version":[{"id":2522,"href":"https:\/\/cmykprinted.com\/hu\/wp-json\/wp\/v2\/product\/2511\/revisions\/2522"}],"wp:featuredmedia":[{"embeddable":true,"href":"https:\/\/cmykprinted.com\/hu\/wp-json\/wp\/v2\/media\/2518"}],"wp:attachment":[{"href":"https:\/\/cmykprinted.com\/hu\/wp-json\/wp\/v2\/media?parent=2511"}],"wp:term":[{"taxonomy":"product_cat","embeddable":true,"href":"https:\/\/cmykprinted.com\/hu\/wp-json\/wp\/v2\/product_cat?post=2511"},{"taxonomy":"product_tag","embeddable":true,"href":"https:\/\/cmykprinted.com\/hu\/wp-json\/wp\/v2\/product_tag?post=2511"}],"curies":[{"name":"wp","href":"https:\/\/api.w.org\/{rel}","templated":true}]}}