{"id":2524,"date":"2025-05-16T07:24:19","date_gmt":"2025-05-16T07:24:19","guid":{"rendered":"https:\/\/cmykprinted.com\/?post_type=product&#038;p=2524"},"modified":"2025-05-16T07:24:19","modified_gmt":"2025-05-16T07:24:19","slug":"custom-table-cloths-for-6-foot-table","status":"publish","type":"product","link":"https:\/\/cmykprinted.com\/hu\/termek\/egyedi-asztalteritok-6-labas-asztalhoz\/","title":{"rendered":"Egyedi ter\u00edt\u0151k 6 l\u00e1bas asztalhoz"},"content":{"rendered":"","protected":false},"excerpt":{"rendered":"<p>Egyedi ter\u00edt\u0151k 6 l\u00e1bas asztalhoz \u2013 Szem\u00e9lyre szabott elegancia \u00e9s funkcionalit\u00e1s<\/p>\n<p>V\u00e1ltoztasson \u00e1t b\u00e1rmilyen rendezv\u00e9nyt, szakki\u00e1ll\u00edt\u00e1st vagy \u00e9tkez\u0151t pr\u00e9mium, 6 l\u00e1bas asztalokhoz val\u00f3, egyedi ter\u00edt\u0151inkkel. Abroszaink t\u00f6k\u00e9letesen illeszkednek a szabv\u00e1nyos, 6 l\u00e1bas t\u00e9glalap alak\u00fa asztalokhoz (jellemz\u0151en 72 h\u00fcvelyk hossz\u00faak, 30 h\u00fcvelyk sz\u00e9lesek \u00e9s 29-30 h\u00fcvelyk magasak), \u00e9s az egyedi diz\u00e1jn, a kiv\u00e1l\u00f3 min\u0151s\u00e9g\u0171 anyagok \u00e9s a szem\u00e9lyre szabott st\u00edlus ide\u00e1lis kombin\u00e1ci\u00f3j\u00e1t k\u00edn\u00e1lj\u00e1k. Ak\u00e1r v\u00e1llalkoz\u00e1s\u00e1t n\u00e9pszer\u0171s\u00edti, ak\u00e1r otthon\u00e1t d\u00edsz\u00edti, ezek az egyedi asztalter\u00edt\u0151k egyszerre sz\u00e9pek \u00e9s praktikusak.<\/p>\n<p>Testreszabott szab\u00e1s a professzion\u00e1lis megjelen\u00e9s\u00e9rt<br \/>\nEgyedi asztalter\u00edt\u0151ink prec\u00edz kidolgoz\u00e1ssal k\u00e9sz\u00fclnek, hogy k\u00e9nyelmesen \u00e9s eleg\u00e1nsan illeszkedjenek egy 1,8 m\u00e9teres asztalra. Az ar\u00e1nyok \u00fagy vannak kialak\u00edtva, hogy minden oldalon sim\u00e1n esszenek, tiszta, gy\u0171r\u0151d\u00e9smentes megjelen\u00e9st biztos\u00edtva, amely fokozza prezent\u00e1ci\u00f3ja vagy rendezv\u00e9nye eszt\u00e9tik\u00e1j\u00e1t. Ak\u00e1r hivatalos banketteken, ki\u00e1ll\u00edt\u00e1sokon vagy laza \u00f6sszej\u00f6veteleken haszn\u00e1lj\u00e1k, a testhez\u00e1ll\u00f3 st\u00edlus professzionalizmust \u00e9s kifinomults\u00e1got k\u00f6lcs\u00f6n\u00f6z.<\/p>\n<div style=\"width: 1280px;\" class=\"wp-video\"><!--[if lt IE 9]><script>document.createElement('video');<\/script><![endif]--><br \/>\n<video class=\"wp-video-shortcode\" id=\"video-2524-1\" width=\"1280\" height=\"720\" preload=\"metadata\" controls=\"controls\"><source type=\"video\/mp4\" src=\"https:\/\/cmykprinted.com\/wp-content\/uploads\/2025\/05\/Logo-Table-Covers-for-Trade-Shows-01.mp4?_=1\" \/><a href=\"https:\/\/cmykprinted.com\/wp-content\/uploads\/2025\/05\/Logo-Table-Covers-for-Trade-Shows-01.mp4\">https:\/\/cmykprinted.com\/wp-content\/uploads\/2025\/05\/Logo-Table-Covers-for-Trade-Shows-01.mp4<\/a><\/video><\/div>","protected":false},"featured_media":2527,"template":"","meta":{"_kad_post_transparent":"default","_kad_post_title":"hide","_kad_post_layout":"fullwidth","_kad_post_sidebar_id":"","_kad_post_content_style":"unboxed","_kad_post_vertical_padding":"hide","_kad_post_feature":"hide","_kad_post_feature_position":"","_kad_post_header":false,"_kad_post_footer":false},"product_cat":[80,81],"product_tag":[563,158,562],"class_list":{"0":"post-2524","1":"product","2":"type-product","3":"status-publish","4":"has-post-thumbnail","6":"product_cat-custom-tablecloth","7":"product_cat-custom-stretch-tablecloth","8":"product_tag-custom-table-cloths","9":"product_tag-custom-tablecloth","10":"product_tag-tablecloth-for-6-foot-table","12":"first","13":"instock","14":"shipping-taxable","15":"product-type-simple","16":"entry","17":"content-bg","18":"loop-entry"},"_links":{"self":[{"href":"https:\/\/cmykprinted.com\/hu\/wp-json\/wp\/v2\/product\/2524","targetHints":{"allow":["GET"]}}],"collection":[{"href":"https:\/\/cmykprinted.com\/hu\/wp-json\/wp\/v2\/product"}],"about":[{"href":"https:\/\/cmykprinted.com\/hu\/wp-json\/wp\/v2\/types\/product"}],"version-history":[{"count":2,"href":"https:\/\/cmykprinted.com\/hu\/wp-json\/wp\/v2\/product\/2524\/revisions"}],"predecessor-version":[{"id":2530,"href":"https:\/\/cmykprinted.com\/hu\/wp-json\/wp\/v2\/product\/2524\/revisions\/2530"}],"wp:featuredmedia":[{"embeddable":true,"href":"https:\/\/cmykprinted.com\/hu\/wp-json\/wp\/v2\/media\/2527"}],"wp:attachment":[{"href":"https:\/\/cmykprinted.com\/hu\/wp-json\/wp\/v2\/media?parent=2524"}],"wp:term":[{"taxonomy":"product_cat","embeddable":true,"href":"https:\/\/cmykprinted.com\/hu\/wp-json\/wp\/v2\/product_cat?post=2524"},{"taxonomy":"product_tag","embeddable":true,"href":"https:\/\/cmykprinted.com\/hu\/wp-json\/wp\/v2\/product_tag?post=2524"}],"curies":[{"name":"wp","href":"https:\/\/api.w.org\/{rel}","templated":true}]}}