{"id":2533,"date":"2025-05-19T07:28:34","date_gmt":"2025-05-19T07:28:34","guid":{"rendered":"https:\/\/cmykprinted.com\/?post_type=product&#038;p=2533"},"modified":"2025-05-19T07:28:34","modified_gmt":"2025-05-19T07:28:34","slug":"ez-tube-trade-show-tension-fabric-displays","status":"publish","type":"product","link":"https:\/\/cmykprinted.com\/hu\/termek\/ez-cso-kereskedelmi-kiallitas-feszitett-szovet-kijelzok\/","title":{"rendered":"EZ Tube Trade Show fesz\u00edt\u0151sz\u00f6vet-ki\u00e1ll\u00edt\u00e1sok"},"content":{"rendered":"","protected":false},"excerpt":{"rendered":"<p>Az EZ Tube Trade Show fesz\u00edtett sz\u00f6vetb\u0151l k\u00e9sz\u00fclt displayek k\u00f6nny\u0171, hordozhat\u00f3 displayrendszerek, amelyeket szakv\u00e1s\u00e1rokra, ki\u00e1ll\u00edt\u00e1sokra \u00e9s prom\u00f3ci\u00f3s rendezv\u00e9nyekre terveztek. Ezek a displayek tart\u00f3s alum\u00ednium cs\u0151v\u00e1zzal rendelkeznek, amely szersz\u00e1mok n\u00e9lk\u00fcl is k\u00f6nnyen \u00f6sszepattinthat\u00f3. Az egyedi nyomtat\u00e1s\u00fa, ny\u00fajthat\u00f3 fesz\u00edtett sz\u00f6vetb\u0151l k\u00e9sz\u00fclt grafika p\u00e1rnahuzatk\u00e9nt cs\u00faszik a keretre, sima, gy\u0171r\u0151d\u00e9smentes megjelen\u00e9st biztos\u00edtva. Az \u00e9l\u00e9nk, nagy felbont\u00e1s\u00fa grafik\u00e1k szublim\u00e1ci\u00f3s elj\u00e1r\u00e1ssal k\u00e9sz\u00fclnek a tart\u00f3s sz\u00ednek \u00e9s hat\u00e1s \u00e9rdek\u00e9ben. Az EZ Tube displayek k\u00fcl\u00f6nb\u00f6z\u0151 m\u00e9retekben \u00e9s st\u00edlusokban kaphat\u00f3k, bele\u00e9rtve a h\u00e1ttereket, tornyokat, pultokat \u00e9s f\u00fcgg\u0151 t\u00e1bl\u00e1kat. K\u00f6nnyen \u00f6sszeszerelhet\u0151k, sz\u00e9tszerelhet\u0151k \u00e9s sz\u00e1ll\u00edthat\u00f3k, \u00edgy n\u00e9pszer\u0171 v\u00e1laszt\u00e1s azoknak a v\u00e1llalkoz\u00e1soknak, amelyek professzion\u00e1lis \u00e9s k\u00e9nyelmes m\u00e1rka\u00e9p\u00edt\u00e9si megold\u00e1st keresnek \u00fatk\u00f6zben. Az EZ Tube displayek ide\u00e1lisak a szemet gy\u00f6ny\u00f6rk\u00f6dtet\u0151 jelenl\u00e9t megteremt\u00e9s\u00e9hez, mivel egyetlen kompakt csomagban \u00f6tv\u00f6zik a st\u00edlust, a funkcionalit\u00e1st \u00e9s a k\u00f6nny\u0171 haszn\u00e1latot.<\/p>\n<div style=\"width: 1280px;\" class=\"wp-video\"><!--[if lt IE 9]><script>document.createElement('video');<\/script><![endif]--><br \/>\n<video class=\"wp-video-shortcode\" id=\"video-2533-1\" width=\"1280\" height=\"720\" preload=\"metadata\" controls=\"controls\"><source type=\"video\/mp4\" src=\"https:\/\/cmykprinted.com\/wp-content\/uploads\/2024\/04\/custom-tension-fabric-display.mp4?_=1\" \/><a href=\"https:\/\/cmykprinted.com\/wp-content\/uploads\/2024\/04\/custom-tension-fabric-display.mp4\">https:\/\/cmykprinted.com\/wp-content\/uploads\/2024\/04\/custom-tension-fabric-display.mp4<\/a><\/video><\/div>\n<p>&nbsp;<\/p>\n<p>&nbsp;<\/p>","protected":false},"featured_media":2541,"template":"","meta":{"_kad_post_transparent":"default","_kad_post_title":"hide","_kad_post_layout":"fullwidth","_kad_post_sidebar_id":"","_kad_post_content_style":"unboxed","_kad_post_vertical_padding":"hide","_kad_post_feature":"hide","_kad_post_feature_position":"","_kad_post_header":false,"_kad_post_footer":false},"product_cat":[97,99],"product_tag":[565,134,564],"class_list":{"0":"post-2533","1":"product","2":"type-product","3":"status-publish","4":"has-post-thumbnail","6":"product_cat-tension-fabric-displays","7":"product_cat-custom-fabric-displays","8":"product_tag-ez-tube-fabric-displays","9":"product_tag-tension-fabric-displays","10":"product_tag-trade-show-tension-fabric-displays","12":"first","13":"instock","14":"shipping-taxable","15":"product-type-simple","16":"entry","17":"content-bg","18":"loop-entry"},"_links":{"self":[{"href":"https:\/\/cmykprinted.com\/hu\/wp-json\/wp\/v2\/product\/2533","targetHints":{"allow":["GET"]}}],"collection":[{"href":"https:\/\/cmykprinted.com\/hu\/wp-json\/wp\/v2\/product"}],"about":[{"href":"https:\/\/cmykprinted.com\/hu\/wp-json\/wp\/v2\/types\/product"}],"version-history":[{"count":1,"href":"https:\/\/cmykprinted.com\/hu\/wp-json\/wp\/v2\/product\/2533\/revisions"}],"predecessor-version":[{"id":2542,"href":"https:\/\/cmykprinted.com\/hu\/wp-json\/wp\/v2\/product\/2533\/revisions\/2542"}],"wp:featuredmedia":[{"embeddable":true,"href":"https:\/\/cmykprinted.com\/hu\/wp-json\/wp\/v2\/media\/2541"}],"wp:attachment":[{"href":"https:\/\/cmykprinted.com\/hu\/wp-json\/wp\/v2\/media?parent=2533"}],"wp:term":[{"taxonomy":"product_cat","embeddable":true,"href":"https:\/\/cmykprinted.com\/hu\/wp-json\/wp\/v2\/product_cat?post=2533"},{"taxonomy":"product_tag","embeddable":true,"href":"https:\/\/cmykprinted.com\/hu\/wp-json\/wp\/v2\/product_tag?post=2533"}],"curies":[{"name":"wp","href":"https:\/\/api.w.org\/{rel}","templated":true}]}}