{"id":2545,"date":"2025-05-19T09:09:51","date_gmt":"2025-05-19T09:09:51","guid":{"rendered":"https:\/\/cmykprinted.com\/?post_type=product&#038;p=2545"},"modified":"2025-05-19T09:09:51","modified_gmt":"2025-05-19T09:09:51","slug":"custom-step-and-repeat-logo-wall-backdrop","status":"publish","type":"product","link":"https:\/\/cmykprinted.com\/hu\/termek\/egyedi-step-and-repeat-logo-fal-hatter\/","title":{"rendered":"Egyedi l\u00e9p\u00e9s- \u00e9s ism\u00e9tl\u00e9slog\u00f3 fali h\u00e1tt\u00e9r"},"content":{"rendered":"","protected":false},"excerpt":{"rendered":"<p>Az Egyedi L\u00e9pcs\u0151s \u00e9s Ism\u00e9tl\u0151d\u0151 Log\u00f3fali H\u00e1tt\u00e9rk\u00e9p professzion\u00e1lis \u00e9s figyelemfelkelt\u0151 megold\u00e1s rendezv\u00e9nyekre, v\u00f6r\u00f6s sz\u0151nyeges megmozdul\u00e1sokra, sajt\u00f3t\u00e1j\u00e9koztat\u00f3kra \u00e9s fot\u00f3z\u00e1si alkalmakra. \u00dagy tervezt\u00e9k, hogy a log\u00f3kat ism\u00e9tl\u0151d\u0151 mint\u00e1zatban jelen\u00edtse meg, fokozza a m\u00e1rka l\u00e1that\u00f3s\u00e1g\u00e1t, \u00e9s kifinomult, nagy hat\u00e1s\u00fa k\u00f6rnyezetet teremt. Tart\u00f3s, \u00e1ll\u00edthat\u00f3 kerettel \u00e9s kiv\u00e1l\u00f3 min\u0151s\u00e9g\u0171 sz\u00f6vet- vagy vinilnyomattal rendelkezik, amelyre egyedi tervez\u00e9s\u0171 log\u00f3k vagy grafik\u00e1k k\u00e9sz\u00fclnek. K\u00f6nnyen fel\u00e1ll\u00edthat\u00f3 \u00e9s sz\u00e1ll\u00edthat\u00f3, t\u00f6k\u00e9letes prom\u00f3ci\u00f3s esem\u00e9nyekre, m\u00e9diafalakra vagy szponzor\u00e1ci\u00f3s bemutat\u00f3kra. A z\u00f6kken\u0151mentes kialak\u00edt\u00e1s minden fot\u00f3n tiszta \u00e9s professzion\u00e1lis megjelen\u00e9st biztos\u00edt. Ide\u00e1lis marketing, PR vagy v\u00e1llalati arculattervez\u00e9shez, a l\u00e9pcs\u0151s \u00e9s ism\u00e9tl\u0151d\u0151 h\u00e1tt\u00e9r egyetlen sokoldal\u00fa kijelz\u0151n biztos\u00edtja a st\u00edlust \u00e9s a l\u00e1that\u00f3s\u00e1got.<\/p>\n<div style=\"width: 1280px;\" class=\"wp-video\"><!--[if lt IE 9]><script>document.createElement('video');<\/script><![endif]--><br \/>\n<video class=\"wp-video-shortcode\" id=\"video-2545-1\" width=\"1280\" height=\"720\" preload=\"metadata\" controls=\"controls\"><source type=\"video\/mp4\" src=\"https:\/\/cmykprinted.com\/wp-content\/uploads\/2025\/05\/Custom-Step-and-Repeat-Backdrop.mp4?_=1\" \/><a href=\"https:\/\/cmykprinted.com\/wp-content\/uploads\/2025\/05\/Custom-Step-and-Repeat-Backdrop.mp4\">https:\/\/cmykprinted.com\/wp-content\/uploads\/2025\/05\/Custom-Step-and-Repeat-Backdrop.mp4<\/a><\/video><\/div>","protected":false},"featured_media":2548,"template":"","meta":{"_kad_post_transparent":"default","_kad_post_title":"hide","_kad_post_layout":"fullwidth","_kad_post_sidebar_id":"","_kad_post_content_style":"unboxed","_kad_post_vertical_padding":"hide","_kad_post_feature":"hide","_kad_post_feature_position":"","_kad_post_header":false,"_kad_post_footer":false},"product_cat":[97,98],"product_tag":[567,566,568],"class_list":{"0":"post-2545","1":"product","2":"type-product","3":"status-publish","4":"has-post-thumbnail","6":"product_cat-tension-fabric-displays","7":"product_cat-curved-tension-fabric-pop-up-displays","8":"product_tag-custom-step-and-repeat-backdrop","9":"product_tag-logo-wall-backdrop","10":"product_tag-step-and-repeat-logo-backdrop","12":"first","13":"instock","14":"shipping-taxable","15":"product-type-simple","16":"entry","17":"content-bg","18":"loop-entry"},"_links":{"self":[{"href":"https:\/\/cmykprinted.com\/hu\/wp-json\/wp\/v2\/product\/2545","targetHints":{"allow":["GET"]}}],"collection":[{"href":"https:\/\/cmykprinted.com\/hu\/wp-json\/wp\/v2\/product"}],"about":[{"href":"https:\/\/cmykprinted.com\/hu\/wp-json\/wp\/v2\/types\/product"}],"version-history":[{"count":1,"href":"https:\/\/cmykprinted.com\/hu\/wp-json\/wp\/v2\/product\/2545\/revisions"}],"predecessor-version":[{"id":2552,"href":"https:\/\/cmykprinted.com\/hu\/wp-json\/wp\/v2\/product\/2545\/revisions\/2552"}],"wp:featuredmedia":[{"embeddable":true,"href":"https:\/\/cmykprinted.com\/hu\/wp-json\/wp\/v2\/media\/2548"}],"wp:attachment":[{"href":"https:\/\/cmykprinted.com\/hu\/wp-json\/wp\/v2\/media?parent=2545"}],"wp:term":[{"taxonomy":"product_cat","embeddable":true,"href":"https:\/\/cmykprinted.com\/hu\/wp-json\/wp\/v2\/product_cat?post=2545"},{"taxonomy":"product_tag","embeddable":true,"href":"https:\/\/cmykprinted.com\/hu\/wp-json\/wp\/v2\/product_tag?post=2545"}],"curies":[{"name":"wp","href":"https:\/\/api.w.org\/{rel}","templated":true}]}}