{"id":2582,"date":"2025-05-21T06:04:22","date_gmt":"2025-05-21T06:04:22","guid":{"rendered":"https:\/\/cmykprinted.com\/?post_type=product&#038;p=2582"},"modified":"2025-05-21T06:04:22","modified_gmt":"2025-05-21T06:04:22","slug":"custom-feather-flags-australia-queensland-beach-banners","status":"publish","type":"product","link":"https:\/\/cmykprinted.com\/hu\/termek\/egyedi-toll-zaszlok-ausztralia-queensland-strand-molinok\/","title":{"rendered":"Egyedi toll z\u00e1szl\u00f3k Ausztr\u00e1lia Queensland Beach bannerek"},"content":{"rendered":"","protected":false},"excerpt":{"rendered":"<p>Az egyedi tollz\u00e1szl\u00f3k \u00e9l\u00e9nk \u00e9s hat\u00e9kony m\u00f3dja annak, hogy v\u00e1llalkoz\u00e1s\u00e1t, m\u00e1rk\u00e1j\u00e1t vagy rendezv\u00e9ny\u00e9t Ausztr\u00e1li\u00e1ban n\u00e9pszer\u0171s\u00edtse. A nagy l\u00e1that\u00f3s\u00e1gra tervezett, szemet gy\u00f6ny\u00f6rk\u00f6dtet\u0151 bannerek t\u00f6k\u00e9letesek szabadt\u00e9ri piacokra, \u00fczletek kirakataiba, fesztiv\u00e1lokra, sportesem\u00e9nyekre \u00e9s szakki\u00e1ll\u00edt\u00e1sokra. Ak\u00e1r kisv\u00e1llalkoz\u00e1sr\u00f3l, ak\u00e1r orsz\u00e1gos m\u00e1rk\u00e1r\u00f3l van sz\u00f3, a tollz\u00e1szl\u00f3k professzion\u00e1lis \u00e9s megfizethet\u0151 hirdet\u00e9si megold\u00e1st k\u00edn\u00e1lnak.<\/p>\n<p>Ausztr\u00e1lia v\u00e1ltozatos \u00e9ghajlat\u00e1n tollas z\u00e1szl\u00f3ink \u200b\u200btart\u00f3sak. Tart\u00f3s poli\u00e9szter anyagb\u00f3l k\u00e9sz\u00fcltek \u00e9s UV-\u00e1ll\u00f3 fest\u00e9kekkel nyomtattak, \u00edgy ellen\u00e1llnak a zord naps\u00fct\u00e9snek, sz\u00e9lnek \u00e9s es\u0151nek. K\u00f6nny\u0171 kialak\u00edt\u00e1suknak k\u00f6sz\u00f6nhet\u0151en k\u00f6nnyen fel\u00e1ll\u00edthat\u00f3k, sz\u00e1ll\u00edthat\u00f3k \u00e9s sz\u00fcks\u00e9g eset\u00e9n \u00e1thelyezhet\u0151k.<\/p>\n<p>V\u00e1laszthat egyoldalas vagy k\u00e9toldalas nyomtat\u00e1st, a l\u00e1that\u00f3s\u00e1gi ig\u00e9nyeit\u0151l f\u00fcgg\u0151en. Minden egyes z\u00e1szl\u00f3 teljes m\u00e9rt\u00e9kben testreszabhat\u00f3 a log\u00f3j\u00e1val, sz\u00edneivel \u00e9s \u00fczenet\u00e9vel, \u00edgy kit\u0171nhet b\u00e1rhol. K\u00fcl\u00f6nb\u00f6z\u0151 m\u00e9retek \u00e9s talpopci\u00f3k \u00e1llnak rendelkez\u00e9sre, hogy illeszkedjenek a k\u00fcl\u00f6nb\u00f6z\u0151 fel\u00fcletekhez \u2013 legyen sz\u00f3 ak\u00e1r f\u00f6ldbe sz\u00fart c\u00f6vekekr\u0151l strandokra \u00e9s mez\u0151kre, ak\u00e1r kereszttalpakr\u00f3l v\u00edzzs\u00e1kokkal betonra vagy belt\u00e9ri ter\u00fcletekre.<\/p>\n<p>Melbourne-t\u0151l Brisbane-ig, Sydney-t\u0151l Perth-ig orsz\u00e1gszerte ell\u00e1tunk v\u00e1llalkoz\u00e1sokat egyedi tollz\u00e1szl\u00f3kkal, amelyek gyorsan elk\u00e9sz\u00edthet\u0151k \u00e9s egyszer\u0171en felszerelhet\u0151k. Csapatunk k\u00e9szen \u00e1ll, hogy t\u00e1mogassa \u00d6nt a tervez\u00e9sben, a nyomtat\u00e1sban \u00e9s a kisz\u00e1ll\u00edt\u00e1sban, biztos\u00edtva a z\u00f6kken\u0151mentes \u00e9s megb\u00edzhat\u00f3 \u00e9lm\u00e9nyt minden alkalommal.<\/p>\n<p>V\u00e1lassza az Egyedi Feather Flags Australia szolg\u00e1ltat\u00e1st, hogy fokozza m\u00e1rk\u00e1ja jelenl\u00e9t\u00e9t \u00e9s felh\u00edvja mag\u00e1ra a figyelmet, b\u00e1rhov\u00e1 is megy.<\/p>","protected":false},"featured_media":2584,"template":"","meta":{"_kad_post_transparent":"default","_kad_post_title":"hide","_kad_post_layout":"fullwidth","_kad_post_sidebar_id":"","_kad_post_content_style":"unboxed","_kad_post_vertical_padding":"hide","_kad_post_feature":"hide","_kad_post_feature_position":"","_kad_post_header":false,"_kad_post_footer":false},"product_cat":[64,65,66,67],"product_tag":[321,573,574,575],"class_list":{"0":"post-2582","1":"product","2":"type-product","3":"status-publish","4":"has-post-thumbnail","6":"product_cat-beach-flags","7":"product_cat-feather-flags-banners","8":"product_cat-rectangular-flags-banners","9":"product_cat-teardrop-flags-banners","10":"product_tag-custom-feather-flags","11":"product_tag-feather-flags-australia","12":"product_tag-feather-flags-queensland","13":"product_tag-queensland-beach-banners","15":"first","16":"instock","17":"shipping-taxable","18":"product-type-simple","19":"entry","20":"content-bg","21":"loop-entry"},"_links":{"self":[{"href":"https:\/\/cmykprinted.com\/hu\/wp-json\/wp\/v2\/product\/2582","targetHints":{"allow":["GET"]}}],"collection":[{"href":"https:\/\/cmykprinted.com\/hu\/wp-json\/wp\/v2\/product"}],"about":[{"href":"https:\/\/cmykprinted.com\/hu\/wp-json\/wp\/v2\/types\/product"}],"version-history":[{"count":1,"href":"https:\/\/cmykprinted.com\/hu\/wp-json\/wp\/v2\/product\/2582\/revisions"}],"predecessor-version":[{"id":2590,"href":"https:\/\/cmykprinted.com\/hu\/wp-json\/wp\/v2\/product\/2582\/revisions\/2590"}],"wp:featuredmedia":[{"embeddable":true,"href":"https:\/\/cmykprinted.com\/hu\/wp-json\/wp\/v2\/media\/2584"}],"wp:attachment":[{"href":"https:\/\/cmykprinted.com\/hu\/wp-json\/wp\/v2\/media?parent=2582"}],"wp:term":[{"taxonomy":"product_cat","embeddable":true,"href":"https:\/\/cmykprinted.com\/hu\/wp-json\/wp\/v2\/product_cat?post=2582"},{"taxonomy":"product_tag","embeddable":true,"href":"https:\/\/cmykprinted.com\/hu\/wp-json\/wp\/v2\/product_tag?post=2582"}],"curies":[{"name":"wp","href":"https:\/\/api.w.org\/{rel}","templated":true}]}}