{"id":2591,"date":"2025-05-21T09:11:06","date_gmt":"2025-05-21T09:11:06","guid":{"rendered":"https:\/\/cmykprinted.com\/?post_type=product&#038;p=2591"},"modified":"2025-05-23T14:07:36","modified_gmt":"2025-05-23T14:07:36","slug":"custom-printed-promotional-tablecloths-australia","status":"publish","type":"product","link":"https:\/\/cmykprinted.com\/hu\/termek\/egyedi-nyomtatott-promocios-asztalteritok-ausztralia\/","title":{"rendered":"Egyedi nyomtatott prom\u00f3ci\u00f3s ter\u00edt\u0151k Ausztr\u00e1li\u00e1ban"},"content":{"rendered":"","protected":false},"excerpt":{"rendered":"<p data-start=\"197\" data-end=\"540\">Az egyedi nyomtat\u00e1s\u00fa prom\u00f3ci\u00f3s ter\u00edt\u0151k n\u00e9lk\u00fcl\u00f6zhetetlen m\u00e1rka\u00e9p\u00edt\u00e9si eszk\u00f6z\u00f6k azoknak a v\u00e1llalkoz\u00e1soknak \u00e9s szervezeteknek, amelyek professzion\u00e1lis \u00e9s figyelemfelkelt\u0151 megjelen\u00e9st szeretn\u00e9nek l\u00e9trehozni Ausztr\u00e1lia-szerte megrendezett szakki\u00e1ll\u00edt\u00e1sokon, ki\u00e1ll\u00edt\u00e1sokon, term\u00e9kbemutat\u00f3kon \u00e9s egy\u00e9b rendezv\u00e9nyeken. Ezek az asztalter\u00edt\u0151k, amelyeket a l\u00e1that\u00f3s\u00e1g \u00e9s a m\u00e1rka jelenl\u00e9t\u00e9nek fokoz\u00e1s\u00e1ra terveztek, egyszerre funkcion\u00e1lisak \u00e9s st\u00edlusosak.<\/p>\n<p data-start=\"542\" data-end=\"865\">Ter\u00edt\u0151ink kiv\u00e1l\u00f3 min\u0151s\u00e9g\u0171 poli\u00e9szter anyagb\u00f3l k\u00e9sz\u00fclnek, amely tart\u00f3ss\u00e1g\u00e1r\u00f3l, gy\u0171r\u0151d\u00e9s\u00e1ll\u00f3s\u00e1g\u00e1r\u00f3l \u00e9s \u00e9l\u00e9nk sz\u00ednvisszaad\u00e1s\u00e1r\u00f3l ismert. Fejlett szublim\u00e1ci\u00f3s nyomtat\u00e1ssal teljes m\u00e9rt\u00e9kben szem\u00e9lyre szabhatjuk asztalter\u00edt\u0151j\u00e9t log\u00f3kkal, szlogenekkel, grafik\u00e1kkal vagy teljes fel\u00fclet\u0171 mint\u00e1kkal \u2013 biztos\u00edtva, hogy m\u00e1rk\u00e1ja minden sz\u00f6gb\u0151l \u00e9szrevehet\u0151 legyen.<\/p>\n<p data-start=\"867\" data-end=\"931\">K\u00fcl\u00f6nb\u00f6z\u0151 st\u00edlusokat k\u00edn\u00e1lunk a k\u00fcl\u00f6nb\u00f6z\u0151 ig\u00e9nyek kiel\u00e9g\u00edt\u00e9s\u00e9re, bele\u00e9rtve:<\/p>\n<ul data-start=\"932\" data-end=\"1201\">\n<li data-start=\"932\" data-end=\"1022\">\n<p data-start=\"934\" data-end=\"1022\"><strong data-start=\"934\" data-end=\"961\">Laza\/drap\u00e9z ter\u00edt\u0151k<\/strong> \u2013 Sokoldal\u00fa opci\u00f3, amely a legt\u00f6bb szabv\u00e1nyos bakasztalhoz illeszkedik.<\/p>\n<\/li>\n<li data-start=\"1023\" data-end=\"1105\">\n<p data-start=\"1025\" data-end=\"1105\"><strong data-start=\"1025\" data-end=\"1048\">Felszerelt asztalter\u00edt\u0151k<\/strong> \u2013 Letisztult, testreszabott megjelen\u00e9st biztos\u00edt \u00e9les vonalakkal.<\/p>\n<\/li>\n<li data-start=\"1106\" data-end=\"1201\">\n<p data-start=\"1108\" data-end=\"1201\"><strong data-start=\"1108\" data-end=\"1132\">Ny\u00fajthat\u00f3 asztalbor\u00edt\u00f3k<\/strong> \u2013 Modern \u00e9s eleg\u00e1ns, k\u00e9nyelmes illeszked\u00e9st \u00e9s gy\u0171r\u0151d\u00e9smentes megjelen\u00e9st biztos\u00edtanak.<\/p>\n<\/li>\n<\/ul>\n<p data-start=\"1203\" data-end=\"1377\">1,2 m, 1,8 m \u00e9s 2,4 m hossz\u00fa asztalokhoz kaphat\u00f3, egyedi m\u00e9retek k\u00e9r\u00e9sre. A lehet\u0151s\u00e9gek k\u00f6z\u00e9 tartozik a nyitott h\u00e1t\u00fa (\u00fcl\u0151 szem\u00e9lyzet vagy rakt\u00e1rak sz\u00e1m\u00e1ra) vagy a z\u00e1rt h\u00e1t\u00fa kialak\u00edt\u00e1s.<\/p>\n<p data-start=\"1379\" data-end=\"1529\">Ezek a prom\u00f3ci\u00f3s asztalter\u00edt\u0151k belt\u00e9ri \u00e9s k\u00fclt\u00e9ri haszn\u00e1latra egyar\u00e1nt t\u00f6k\u00e9letesek, mos\u00f3g\u00e9pben moshat\u00f3k \u00e9s \u00fajrafelhaszn\u00e1lhat\u00f3k, \u00edgy k\u00f6lts\u00e9ghat\u00e9kony marketingbefektet\u00e9st jelentenek.<\/p>\n<p data-start=\"1531\" data-end=\"1673\">Ak\u00e1r Sydneyben, Melbourne-ben, Brisbane-ben vagy Perthben \u00e1ll\u00edt ki, egyedi nyomtatott ter\u00edt\u0151ink seg\u00edtenek er\u0151s, maradand\u00f3 benyom\u00e1st kelteni.<\/p>\n<div style=\"width: 1280px;\" class=\"wp-video\"><!--[if lt IE 9]><script>document.createElement('video');<\/script><![endif]--><br \/>\n<video class=\"wp-video-shortcode\" id=\"video-2591-1\" width=\"1280\" height=\"720\" preload=\"metadata\" controls=\"controls\"><source type=\"video\/mp4\" src=\"https:\/\/cmykprinted.com\/wp-content\/uploads\/2025\/05\/Promotional-Tablecloths-Australia.mp4?_=1\" \/><a href=\"https:\/\/cmykprinted.com\/wp-content\/uploads\/2025\/05\/Promotional-Tablecloths-Australia.mp4\">https:\/\/cmykprinted.com\/wp-content\/uploads\/2025\/05\/Promotional-Tablecloths-Australia.mp4<\/a><\/video><\/div>","protected":false},"featured_media":2610,"template":"","meta":{"_kad_post_transparent":"default","_kad_post_title":"hide","_kad_post_layout":"fullwidth","_kad_post_sidebar_id":"","_kad_post_content_style":"unboxed","_kad_post_vertical_padding":"hide","_kad_post_feature":"hide","_kad_post_feature_position":"","_kad_post_header":false,"_kad_post_footer":false},"product_cat":[80,81],"product_tag":[577,579,578,576],"class_list":{"0":"post-2591","1":"product","2":"type-product","3":"status-publish","4":"has-post-thumbnail","6":"product_cat-custom-tablecloth","7":"product_cat-custom-stretch-tablecloth","8":"product_tag-custom-printed-promotional-tablecloths","9":"product_tag-custom-printed-tablecloths","10":"product_tag-printed-promotional-tablecloths","11":"product_tag-promotional-tablecloths-australia","13":"first","14":"instock","15":"shipping-taxable","16":"product-type-simple","17":"entry","18":"content-bg","19":"loop-entry"},"_links":{"self":[{"href":"https:\/\/cmykprinted.com\/hu\/wp-json\/wp\/v2\/product\/2591","targetHints":{"allow":["GET"]}}],"collection":[{"href":"https:\/\/cmykprinted.com\/hu\/wp-json\/wp\/v2\/product"}],"about":[{"href":"https:\/\/cmykprinted.com\/hu\/wp-json\/wp\/v2\/types\/product"}],"version-history":[{"count":2,"href":"https:\/\/cmykprinted.com\/hu\/wp-json\/wp\/v2\/product\/2591\/revisions"}],"predecessor-version":[{"id":2611,"href":"https:\/\/cmykprinted.com\/hu\/wp-json\/wp\/v2\/product\/2591\/revisions\/2611"}],"wp:featuredmedia":[{"embeddable":true,"href":"https:\/\/cmykprinted.com\/hu\/wp-json\/wp\/v2\/media\/2610"}],"wp:attachment":[{"href":"https:\/\/cmykprinted.com\/hu\/wp-json\/wp\/v2\/media?parent=2591"}],"wp:term":[{"taxonomy":"product_cat","embeddable":true,"href":"https:\/\/cmykprinted.com\/hu\/wp-json\/wp\/v2\/product_cat?post=2591"},{"taxonomy":"product_tag","embeddable":true,"href":"https:\/\/cmykprinted.com\/hu\/wp-json\/wp\/v2\/product_tag?post=2591"}],"curies":[{"name":"wp","href":"https:\/\/api.w.org\/{rel}","templated":true}]}}