{"id":2602,"date":"2025-05-23T13:50:03","date_gmt":"2025-05-23T13:50:03","guid":{"rendered":"https:\/\/cmykprinted.com\/?post_type=product&#038;p=2602"},"modified":"2025-05-23T13:56:32","modified_gmt":"2025-05-23T13:56:32","slug":"custom-fitted-table-cloth-with-zipper-back-australia","status":"publish","type":"product","link":"https:\/\/cmykprinted.com\/hu\/termek\/egyedi-meretre-keszult-asztalterito-cipzarral-a-hatuljan-ausztralia\/","title":{"rendered":"Egyedi m\u00e9retre szabott ter\u00edt\u0151 cipz\u00e1rral Ausztr\u00e1li\u00e1ban"},"content":{"rendered":"","protected":false},"excerpt":{"rendered":"<p>N\u00f6velje m\u00e1rk\u00e1ja jelenl\u00e9t\u00e9t rendezv\u00e9nyeken, v\u00e1s\u00e1rokon \u00e9s ki\u00e1ll\u00edt\u00e1sokon pr\u00e9mium, egyedi m\u00e9retre szabott, cipz\u00e1ras ter\u00edt\u0151nkkel \u2013 kifejezetten ausztr\u00e1l v\u00e1llalkoz\u00e1sok sz\u00e1m\u00e1ra szabva. Kiv\u00e1l\u00f3 min\u0151s\u00e9g\u0171, rugalmas poli\u00e9szter anyagb\u00f3l k\u00e9sz\u00fclt, ez az asztalter\u00edt\u0151 \u00fagy lett kialak\u00edtva, hogy z\u00f6kken\u0151mentesen k\u00f6r\u00fcl\u00f6lelje az asztalt, letisztult, professzion\u00e1lis megjelen\u00e9st k\u00f6lcs\u00f6n\u00f6zve, amely kiemelkedik a t\u00f6megb\u0151l.<\/p>\n<p>A h\u00e1ts\u00f3 cipz\u00e1r k\u00e9nyelmes hozz\u00e1f\u00e9r\u00e9st biztos\u00edt az asztal alatti t\u00e1rol\u00e1shoz, elrejtve a rendetlens\u00e9get, mik\u00f6zben biztos\u00edtja a marketinganyagok, szem\u00e9lyes t\u00e1rgyak vagy k\u00e9szletek k\u00f6nny\u0171 el\u00e9r\u00e9s\u00e9t. Standard 4, 6 \u00e9s 8 l\u00e1bas asztalokhoz kaphat\u00f3, \u00e9s minden egyes ter\u00edt\u0151 teljes m\u00e9rt\u00e9kben testreszabhat\u00f3 az \u00d6n log\u00f3j\u00e1val, sz\u00edneivel \u00e9s grafik\u00e1ival \u00e9l\u00e9nk, teljes sz\u00edn\u0171 szublim\u00e1ci\u00f3s nyomtat\u00e1ssal.<\/p>\n<p>Ide\u00e1lis konferenci\u00e1kra, ki\u00e1ll\u00edt\u00e1sokra, kiskereskedelmi \u00e9s prom\u00f3ci\u00f3s rendezv\u00e9nyekre, ez a testhez\u00e1ll\u00f3 ter\u00edt\u0151 gy\u0171r\u0151d\u00e9smentes, mos\u00f3g\u00e9pben moshat\u00f3 \u00e9s \u00fajrafelhaszn\u00e1lhat\u00f3 \u2013 hossz\u00fa t\u00e1v\u00fa \u00e9rt\u00e9ket \u00e9s m\u00e1rkaismerts\u00e9get k\u00edn\u00e1lva. Ausztr\u00e1li\u00e1ban tervezt\u00e9k \u00e9s nyomtatt\u00e1k, gyors \u00e1tfut\u00e1si id\u0151vel \u00e9s orsz\u00e1gos kisz\u00e1ll\u00edt\u00e1ssal.<\/p>\n<p>T\u0171nj\u00f6n ki a t\u00f6megb\u0151l, \u00e9s tegye felejthetetlenn\u00e9 a megjelen\u00e9s\u00e9t professzion\u00e1lis, cipz\u00e1ras asztalter\u00edt\u0151inkkel.<\/p>\n<div style=\"width: 1280px;\" class=\"wp-video\"><!--[if lt IE 9]><script>document.createElement('video');<\/script><![endif]--><br \/>\n<video class=\"wp-video-shortcode\" id=\"video-2602-1\" width=\"1280\" height=\"720\" preload=\"metadata\" controls=\"controls\"><source type=\"video\/mp4\" src=\"https:\/\/cmykprinted.com\/wp-content\/uploads\/2025\/05\/Promotional-Tablecloths-Australia.mp4?_=1\" \/><a href=\"https:\/\/cmykprinted.com\/wp-content\/uploads\/2025\/05\/Promotional-Tablecloths-Australia.mp4\">https:\/\/cmykprinted.com\/wp-content\/uploads\/2025\/05\/Promotional-Tablecloths-Australia.mp4<\/a><\/video><\/div>","protected":false},"featured_media":2609,"template":"","meta":{"_kad_post_transparent":"default","_kad_post_title":"hide","_kad_post_layout":"fullwidth","_kad_post_sidebar_id":"","_kad_post_content_style":"unboxed","_kad_post_vertical_padding":"hide","_kad_post_feature":"hide","_kad_post_feature_position":"","_kad_post_header":false,"_kad_post_footer":false},"product_cat":[80,81],"product_tag":[535,580,581,582],"class_list":{"0":"post-2602","1":"product","2":"type-product","3":"status-publish","4":"has-post-thumbnail","6":"product_cat-custom-tablecloth","7":"product_cat-custom-stretch-tablecloth","8":"product_tag-custom-fitted-table-cloth","9":"product_tag-fitted-table-cloth","10":"product_tag-fitted-table-cloth-with-zipper-back","11":"product_tag-fitted-table-cloth-with-zipper-back-australia","13":"first","14":"instock","15":"shipping-taxable","16":"product-type-simple","17":"entry","18":"content-bg","19":"loop-entry"},"_links":{"self":[{"href":"https:\/\/cmykprinted.com\/hu\/wp-json\/wp\/v2\/product\/2602","targetHints":{"allow":["GET"]}}],"collection":[{"href":"https:\/\/cmykprinted.com\/hu\/wp-json\/wp\/v2\/product"}],"about":[{"href":"https:\/\/cmykprinted.com\/hu\/wp-json\/wp\/v2\/types\/product"}],"version-history":[{"count":1,"href":"https:\/\/cmykprinted.com\/hu\/wp-json\/wp\/v2\/product\/2602\/revisions"}],"predecessor-version":[{"id":2607,"href":"https:\/\/cmykprinted.com\/hu\/wp-json\/wp\/v2\/product\/2602\/revisions\/2607"}],"wp:featuredmedia":[{"embeddable":true,"href":"https:\/\/cmykprinted.com\/hu\/wp-json\/wp\/v2\/media\/2609"}],"wp:attachment":[{"href":"https:\/\/cmykprinted.com\/hu\/wp-json\/wp\/v2\/media?parent=2602"}],"wp:term":[{"taxonomy":"product_cat","embeddable":true,"href":"https:\/\/cmykprinted.com\/hu\/wp-json\/wp\/v2\/product_cat?post=2602"},{"taxonomy":"product_tag","embeddable":true,"href":"https:\/\/cmykprinted.com\/hu\/wp-json\/wp\/v2\/product_tag?post=2602"}],"curies":[{"name":"wp","href":"https:\/\/api.w.org\/{rel}","templated":true}]}}