{"id":2612,"date":"2025-05-26T09:45:45","date_gmt":"2025-05-26T09:45:45","guid":{"rendered":"https:\/\/cmykprinted.com\/?post_type=product&#038;p=2612"},"modified":"2025-05-26T12:51:05","modified_gmt":"2025-05-26T12:51:05","slug":"cheap-custom-stretch-printed-tablecloth-near-me","status":"publish","type":"product","link":"https:\/\/cmykprinted.com\/hu\/termek\/olcso-egyedi-rugalmas-nyomtatott-asztalterito-hozzam-kozel\/","title":{"rendered":"Olcs\u00f3, egyedi, rugalmas nyomtatott ter\u00edt\u0151 a k\u00f6zelemben"},"content":{"rendered":"","protected":false},"excerpt":{"rendered":"<p data-start=\"139\" data-end=\"468\">Megfizethet\u0151 m\u00f3dot keres standja vagy bemutat\u00f3asztala feldob\u00e1s\u00e1ra rendezv\u00e9nyeken? <strong data-start=\"223\" data-end=\"267\">Olcs\u00f3, egyedi, rugalmas nyomtatott ter\u00edt\u0151k<\/strong> A t\u00f6k\u00e9letes megold\u00e1s! \u00dagy tervezt\u00e9k, hogy szorosan illeszkedjenek a szabv\u00e1nyos 1,8 \u00e9s 2,4 m\u00e9teres asztalokra, ezek a rugalmas asztaltakar\u00f3k letisztult, professzion\u00e1lis megjelen\u00e9st k\u00f6lcs\u00f6n\u00f6znek, mik\u00f6zben \u00e9l\u00e9nk, sz\u00ednes nyomtat\u00e1ssal mutatj\u00e1k be m\u00e1rk\u00e1j\u00e1t.<\/p>\n<p data-start=\"470\" data-end=\"837\">Kiv\u00e1l\u00f3 min\u0151s\u00e9g\u0171, gy\u0171r\u0151d\u00e9smentes poli\u00e9szter spandexb\u0151l k\u00e9sz\u00fcltek, ezek a huzatok tart\u00f3sak, \u00fajrafelhaszn\u00e1lhat\u00f3k \u00e9s mos\u00f3g\u00e9pben moshat\u00f3k. A rugalmas anyag k\u00f6veti az asztal k\u00f6rvonalait, letisztult \u00e9s modern megjelen\u00e9st k\u00f6lcs\u00f6n\u00f6zve \u2013 nincs sz\u00fcks\u00e9g csipeszekre vagy gombost\u0171kre. Szabja testre c\u00e9ge log\u00f3j\u00e1val, szlogenj\u00e9vel vagy grafik\u00e1j\u00e1val a maxim\u00e1lis m\u00e1rkal\u00e1that\u00f3s\u00e1g \u00e9rdek\u00e9ben a szakv\u00e1s\u00e1rokon, piacokon, exp\u00f3kon \u00e9s c\u00e9ges rendezv\u00e9nyeken.<\/p>\n<p data-start=\"839\" data-end=\"1105\">V\u00e1laszthat\u00f3an nyitott vagy z\u00e1rt h\u00e1t\u00fa kivitelben, valamint cipz\u00e1ras opci\u00f3kkal a nagyobb k\u00e9nyelem \u00e9rdek\u00e9ben. Ak\u00e1r kisv\u00e1llalkoz\u00e1sr\u00f3l, ak\u00e1r startupr\u00f3l van sz\u00f3, ak\u00e1r a k\u00f6vetkez\u0151 szakmai rendezv\u00e9ny\u00e9re k\u00e9sz\u00fcl, nyomtatott, rugalmas asztalter\u00edt\u0151ink k\u00f6lts\u00e9ghat\u00e9kony arculati megold\u00e1st k\u00edn\u00e1lnak az \u00d6n k\u00f6zel\u00e9ben.<\/p>\n<p data-start=\"1107\" data-end=\"1265\">Gyors helyi sz\u00e1ll\u00edt\u00e1s, egyszer\u0171 online rendel\u00e9s \u00e9s t\u00f6meges kedvezm\u00e9nyek el\u00e9rhet\u0151k. Keltsd fel a figyelmet an\u00e9lk\u00fcl, hogy t\u00fall\u00e9pn\u00e9d a k\u00f6lts\u00e9gvet\u00e9sedet \u2013 rendeld meg egyedi, rugalmas asztalter\u00edt\u0151det m\u00e9g ma!<\/p>\n<div style=\"width: 960px;\" class=\"wp-video\"><!--[if lt IE 9]><script>document.createElement('video');<\/script><![endif]--><br \/>\n<video class=\"wp-video-shortcode\" id=\"video-2612-1\" width=\"960\" height=\"544\" preload=\"metadata\" controls=\"controls\"><source type=\"video\/mp4\" src=\"https:\/\/cmykprinted.com\/wp-content\/uploads\/2025\/05\/Custom-Printed-Tablecloth-Stretch.mp4?_=1\" \/><a href=\"https:\/\/cmykprinted.com\/wp-content\/uploads\/2025\/05\/Custom-Printed-Tablecloth-Stretch.mp4\">https:\/\/cmykprinted.com\/wp-content\/uploads\/2025\/05\/Custom-Printed-Tablecloth-Stretch.mp4<\/a><\/video><\/div>","protected":false},"featured_media":2614,"template":"","meta":{"_kad_post_transparent":"default","_kad_post_title":"hide","_kad_post_layout":"fullwidth","_kad_post_sidebar_id":"","_kad_post_content_style":"unboxed","_kad_post_vertical_padding":"hide","_kad_post_feature":"hide","_kad_post_feature_position":"","_kad_post_header":false,"_kad_post_footer":false},"product_cat":[80,81],"product_tag":[585,584,583,586],"class_list":{"0":"post-2612","1":"product","2":"type-product","3":"status-publish","4":"has-post-thumbnail","6":"product_cat-custom-tablecloth","7":"product_cat-custom-stretch-tablecloth","8":"product_tag-cheap-custom-stretch-printed-tablecloth","9":"product_tag-custom-stretch-printed-tablecloth","10":"product_tag-stretch-printed-tablecloth","11":"product_tag-stretch-printed-tablecloth-near-me","13":"first","14":"instock","15":"shipping-taxable","16":"product-type-simple","17":"entry","18":"content-bg","19":"loop-entry"},"_links":{"self":[{"href":"https:\/\/cmykprinted.com\/hu\/wp-json\/wp\/v2\/product\/2612","targetHints":{"allow":["GET"]}}],"collection":[{"href":"https:\/\/cmykprinted.com\/hu\/wp-json\/wp\/v2\/product"}],"about":[{"href":"https:\/\/cmykprinted.com\/hu\/wp-json\/wp\/v2\/types\/product"}],"version-history":[{"count":1,"href":"https:\/\/cmykprinted.com\/hu\/wp-json\/wp\/v2\/product\/2612\/revisions"}],"predecessor-version":[{"id":2615,"href":"https:\/\/cmykprinted.com\/hu\/wp-json\/wp\/v2\/product\/2612\/revisions\/2615"}],"wp:featuredmedia":[{"embeddable":true,"href":"https:\/\/cmykprinted.com\/hu\/wp-json\/wp\/v2\/media\/2614"}],"wp:attachment":[{"href":"https:\/\/cmykprinted.com\/hu\/wp-json\/wp\/v2\/media?parent=2612"}],"wp:term":[{"taxonomy":"product_cat","embeddable":true,"href":"https:\/\/cmykprinted.com\/hu\/wp-json\/wp\/v2\/product_cat?post=2612"},{"taxonomy":"product_tag","embeddable":true,"href":"https:\/\/cmykprinted.com\/hu\/wp-json\/wp\/v2\/product_tag?post=2612"}],"curies":[{"name":"wp","href":"https:\/\/api.w.org\/{rel}","templated":true}]}}