{"id":2620,"date":"2025-05-27T07:13:40","date_gmt":"2025-05-27T07:13:40","guid":{"rendered":"https:\/\/cmykprinted.com\/?post_type=product&#038;p=2620"},"modified":"2025-05-27T07:45:05","modified_gmt":"2025-05-27T07:45:05","slug":"custom-printed-branded-tablecloth-for-events","status":"publish","type":"product","link":"https:\/\/cmykprinted.com\/hu\/termek\/egyedi-nyomtatott-markas-asztalterito-esemenyekre\/","title":{"rendered":"Egyedi nyomtatott m\u00e1rk\u00e1s ter\u00edt\u0151 rendezv\u00e9nyekre"},"content":{"rendered":"","protected":false},"excerpt":{"rendered":"<p>A nyomtatott, m\u00e1rk\u00e1zott ter\u00edt\u0151 n\u00e9lk\u00fcl\u00f6zhetetlen prom\u00f3ci\u00f3s eszk\u00f6z minden v\u00e1llalkoz\u00e1s sz\u00e1m\u00e1ra, amely r\u00e9szt vesz olyan esem\u00e9nyeken, mint a szakv\u00e1s\u00e1rok, ki\u00e1ll\u00edt\u00e1sok, konferenci\u00e1k, term\u00e9kbemutat\u00f3k \u00e9s marketingaktivit\u00e1sok. Egy hagyom\u00e1nyos asztalt professzion\u00e1lis \u00e9s vizu\u00e1lisan vonz\u00f3 kijelz\u0151v\u00e9 alak\u00edt, amely seg\u00edt m\u00e1rk\u00e1j\u00e1nak kit\u0171nni a forgalmas rendezv\u00e9nyk\u00f6rnyezetben. Kiv\u00e1l\u00f3 min\u0151s\u00e9g\u0171, tart\u00f3s anyagokb\u00f3l, p\u00e9ld\u00e1ul poli\u00e9szterb\u0151l vagy rugalmas spandexb\u0151l k\u00e9sz\u00fcltek, \u00e9s belt\u00e9ri \u00e9s k\u00fclt\u00e9ri haszn\u00e1latra egyar\u00e1nt alkalmasak.<\/p>\n<p>A diz\u00e1jn jellemz\u0151en tartalmazza a log\u00f3t, a m\u00e1rka sz\u00edneit, a szlogenj\u00e9t \u00e9s egy\u00e9b relev\u00e1ns grafik\u00e1kat, amelyeket teljes sz\u00ednben nyomtatnak szublim\u00e1ci\u00f3s vagy digit\u00e1lis nyomtat\u00e1si technik\u00e1val. Ez \u00e9l\u00e9nk, tart\u00f3s l\u00e1tv\u00e1nyt biztos\u00edt, amely m\u00e9g t\u00f6bbsz\u00f6ri mos\u00e1s ut\u00e1n is ellen\u00e1ll a fakul\u00e1snak. K\u00fcl\u00f6nb\u00f6z\u0151 st\u00edlusokban \u2013 p\u00e9ld\u00e1ul testhez\u00e1ll\u00f3, laza drap\u00e9ri\u00e1j\u00fa vagy rugalmas \u2013 kaphat\u00f3k, a m\u00e1rk\u00e1s ter\u00edt\u0151k testreszabhat\u00f3k szabv\u00e1nyos asztalm\u00e9retekhez, p\u00e9ld\u00e1ul 1,2 m, 1,8 m vagy 2,4 m asztalm\u00e9rethez, vagy egyedi asztalm\u00e9retekhez igaz\u00edthat\u00f3k.<\/p>\n<p>Ak\u00e1r a h\u00e1romoldalas kialak\u00edt\u00e1st v\u00e1lasztja az asztal alatti t\u00e1rol\u00f3helyek k\u00f6nny\u0171 el\u00e9r\u00e9s\u00e9hez, ak\u00e1r a n\u00e9gyoldalas ter\u00edt\u0151t a letisztult 360\u00b0-os megjelen\u00e9s\u00e9rt, egy m\u00e1rk\u00e1zott ter\u00edt\u0151 professzionalizmust \u00e9s m\u00e1rkakonzisztenci\u00e1t k\u00f6lcs\u00f6n\u00f6z. K\u00f6nnyen \u00f6sszehajthat\u00f3, t\u00e1rolhat\u00f3 \u00e9s sz\u00e1ll\u00edthat\u00f3, \u00edgy ide\u00e1lis azoknak a v\u00e1llalkoz\u00e1soknak, amelyek rendszeresen r\u00e9szt vesznek rendezv\u00e9nyeken. A megfizethet\u0151, \u00fajrafelhaszn\u00e1lhat\u00f3 \u00e9s hat\u00e9kony, nyomtatott, m\u00e1rk\u00e1zott ter\u00edt\u0151k okos befektet\u00e9st jelentenek m\u00e1rk\u00e1ja jelenl\u00e9t\u00e9nek fokoz\u00e1s\u00e1ra b\u00e1rmilyen esem\u00e9nyen.<\/p>\n<div style=\"width: 1280px;\" class=\"wp-video\"><!--[if lt IE 9]><script>document.createElement('video');<\/script><![endif]--><br \/>\n<video class=\"wp-video-shortcode\" id=\"video-2620-1\" width=\"1280\" height=\"720\" preload=\"metadata\" controls=\"controls\"><source type=\"video\/mp4\" src=\"https:\/\/cmykprinted.com\/wp-content\/uploads\/2025\/05\/Printed-Branded-Tablecloth-for-Events.mp4?_=1\" \/><a href=\"https:\/\/cmykprinted.com\/wp-content\/uploads\/2025\/05\/Printed-Branded-Tablecloth-for-Events.mp4\">https:\/\/cmykprinted.com\/wp-content\/uploads\/2025\/05\/Printed-Branded-Tablecloth-for-Events.mp4<\/a><\/video><\/div>","protected":false},"featured_media":2626,"template":"","meta":{"_kad_post_transparent":"default","_kad_post_title":"hide","_kad_post_layout":"fullwidth","_kad_post_sidebar_id":"","_kad_post_content_style":"unboxed","_kad_post_vertical_padding":"hide","_kad_post_feature":"hide","_kad_post_feature_position":"","_kad_post_header":false,"_kad_post_footer":false},"product_cat":[80,81,83],"product_tag":[587,590,589,588],"class_list":{"0":"post-2620","1":"product","2":"type-product","3":"status-publish","4":"has-post-thumbnail","6":"product_cat-custom-tablecloth","7":"product_cat-custom-stretch-tablecloth","8":"product_cat-fitted-table-cover","9":"product_tag-branded-tablecloth-for-events","10":"product_tag-custom-branded-tablecloth-for-events","11":"product_tag-custom-printed-branded-tablecloth-f","12":"product_tag-printed-branded-tablecloth","14":"first","15":"instock","16":"shipping-taxable","17":"product-type-simple","18":"entry","19":"content-bg","20":"loop-entry"},"_links":{"self":[{"href":"https:\/\/cmykprinted.com\/hu\/wp-json\/wp\/v2\/product\/2620","targetHints":{"allow":["GET"]}}],"collection":[{"href":"https:\/\/cmykprinted.com\/hu\/wp-json\/wp\/v2\/product"}],"about":[{"href":"https:\/\/cmykprinted.com\/hu\/wp-json\/wp\/v2\/types\/product"}],"version-history":[{"count":1,"href":"https:\/\/cmykprinted.com\/hu\/wp-json\/wp\/v2\/product\/2620\/revisions"}],"predecessor-version":[{"id":2622,"href":"https:\/\/cmykprinted.com\/hu\/wp-json\/wp\/v2\/product\/2620\/revisions\/2622"}],"wp:featuredmedia":[{"embeddable":true,"href":"https:\/\/cmykprinted.com\/hu\/wp-json\/wp\/v2\/media\/2626"}],"wp:attachment":[{"href":"https:\/\/cmykprinted.com\/hu\/wp-json\/wp\/v2\/media?parent=2620"}],"wp:term":[{"taxonomy":"product_cat","embeddable":true,"href":"https:\/\/cmykprinted.com\/hu\/wp-json\/wp\/v2\/product_cat?post=2620"},{"taxonomy":"product_tag","embeddable":true,"href":"https:\/\/cmykprinted.com\/hu\/wp-json\/wp\/v2\/product_tag?post=2620"}],"curies":[{"name":"wp","href":"https:\/\/api.w.org\/{rel}","templated":true}]}}