{"id":2634,"date":"2025-05-28T05:01:54","date_gmt":"2025-05-28T05:01:54","guid":{"rendered":"https:\/\/cmykprinted.com\/?post_type=product&#038;p=2634"},"modified":"2025-05-28T05:01:54","modified_gmt":"2025-05-28T05:01:54","slug":"custom-metal-transfer-logo-stickers-for-perfume-bottle","status":"publish","type":"product","link":"https:\/\/cmykprinted.com\/hu\/termek\/egyedi-fem-transzfer-logos-matricak-parfumos-uveghez\/","title":{"rendered":"Egyedi f\u00e9m transzfer log\u00f3 matric\u00e1k parf\u00fcm\u00f6s \u00fcveghez"},"content":{"rendered":"","protected":false},"excerpt":{"rendered":"<p>Fokozza term\u00e9ke eleganci\u00e1j\u00e1t \u00e9s m\u00e1rkaidentit\u00e1s\u00e1t pr\u00e9mium min\u0151s\u00e9g\u0171, egyedi f\u00e9m transzfer log\u00f3 matric\u00e1inkkal, amelyeket kifejezetten parf\u00fcm\u00f6s \u00fcvegekhez tervezt\u00fcnk. Ezek a kiv\u00e1l\u00f3 min\u0151s\u00e9g\u0171 f\u00e9m matric\u00e1k luxus \u00e9s professzion\u00e1lis megjelen\u00e9st biztos\u00edtanak, azonnal kiemelik csomagol\u00e1s\u00e1t \u00e9s t\u00fckr\u00f6zik m\u00e1rk\u00e1ja min\u0151s\u00e9g\u00e9t.<\/p>\n<p>A fejlett transzfertechnol\u00f3gi\u00e1val k\u00e9sz\u00fclt matric\u00e1k eleg\u00e1ns f\u00e9mfel\u00fclettel \u00e9s prec\u00edz r\u00e9szletekkel rendelkeznek, \u00edgy ide\u00e1lisak log\u00f3k, m\u00e1rkanevek vagy d\u00edsz\u00edt\u0151elemek felragaszt\u00e1s\u00e1hoz. A transzferfelvitel biztos\u00edtja, hogy csak a f\u00e9mes r\u00e9sz tapadjon a fel\u00fclethez, ne hagyjon h\u00e1tteret vagy ragaszt\u00f3s sz\u00e9leket \u2013 \u00edgy z\u00f6kken\u0151mentes, grav\u00edrozott megjelen\u00e9st hoz l\u00e9tre k\u00f6zvetlen\u00fcl az \u00fcvegen vagy m\u0171anyag palackon.<\/p>\n<p>K\u00fcl\u00f6nb\u00f6z\u0151 kivitelben, p\u00e9ld\u00e1ul arany, ez\u00fcst, roz\u00e9arany, matt fekete \u00e9s kr\u00f3m sz\u00ednben kaphat\u00f3 f\u00e9m log\u00f3matric\u00e1ink testreszabhat\u00f3k, hogy illeszkedjenek m\u00e1rk\u00e1ja eszt\u00e9tik\u00e1j\u00e1hoz. Ak\u00e1r minimalista monogramot, ak\u00e1r bonyolult log\u00f3tervet szeretne, szem\u00e9lyre szabott megold\u00e1sokat k\u00edn\u00e1lunk az \u00d6n egyedi ig\u00e9nyeinek kiel\u00e9g\u00edt\u00e9s\u00e9re.<\/p>\n<p>Ezek a matric\u00e1k nemcsak vizu\u00e1lisan vonz\u00f3ak, hanem tart\u00f3sak is \u2013 ellen\u00e1llnak a v\u00edznek, olajnak \u00e9s parf\u00fcmnek, \u00edgy biztos\u00edtva, hogy a m\u00e1rkajelz\u00e9s id\u0151vel is \u00e9p maradjon. T\u00f6k\u00e9letesek luxus parf\u00fcm\u00f6kh\u00f6z, kozmetikai term\u00e9kekhez vagy pr\u00e9mium prom\u00f3ci\u00f3s cikkekhez.<\/p>\n<p>Tervez\u0151csapatunk szorosan egy\u00fcttm\u0171k\u00f6dik \u00d6nnel, hogy elk\u00e9sz\u00edtse a t\u00f6k\u00e9letes log\u00f3matric\u00e1t, amely t\u00fckr\u00f6zi m\u00e1rk\u00e1ja identit\u00e1s\u00e1t. Minimum rendel\u00e9si mennyis\u00e9g \u00e9s t\u00f6meges \u00e1rak el\u00e9rhet\u0151k nagykereskedelmi megrendel\u00e9sek eset\u00e9n.<\/p>\n<p>Dobd fel csomagol\u00e1sodat eleganci\u00e1val \u00e9s megk\u00fcl\u00f6nb\u00f6ztet\u00e9ssel \u2013 v\u00e1laszd egyedi f\u00e9m transzfer log\u00f3matric\u00e1inkat a kifinomult befejez\u00e9shez.<\/p>\n<div style=\"width: 480px;\" class=\"wp-video\"><!--[if lt IE 9]><script>document.createElement('video');<\/script><![endif]--><br \/>\n<video class=\"wp-video-shortcode\" id=\"video-2634-1\" width=\"480\" height=\"480\" preload=\"metadata\" controls=\"controls\"><source type=\"video\/mp4\" src=\"https:\/\/cmykprinted.com\/wp-content\/uploads\/2025\/05\/Metal-Transfer-Logo-Stickers-For-Perfume-Bottle.mp4?_=1\" \/><a href=\"https:\/\/cmykprinted.com\/wp-content\/uploads\/2025\/05\/Metal-Transfer-Logo-Stickers-For-Perfume-Bottle.mp4\">https:\/\/cmykprinted.com\/wp-content\/uploads\/2025\/05\/Metal-Transfer-Logo-Stickers-For-Perfume-Bottle.mp4<\/a><\/video><\/div>","protected":false},"featured_media":2635,"template":"","meta":{"_kad_post_transparent":"default","_kad_post_title":"hide","_kad_post_layout":"fullwidth","_kad_post_sidebar_id":"","_kad_post_content_style":"unboxed","_kad_post_vertical_padding":"hide","_kad_post_feature":"hide","_kad_post_feature_position":"","_kad_post_header":false,"_kad_post_footer":false},"product_cat":[101,102],"product_tag":[596,594,595,597],"class_list":{"0":"post-2634","1":"product","2":"type-product","3":"status-publish","4":"has-post-thumbnail","6":"product_cat-transfer-stickers","7":"product_cat-metal-transfer-stickers","8":"product_tag-custom-metal-transfer-logo-stickers","9":"product_tag-logo-stickers-for-perfume-bottle","10":"product_tag-metal-transfer-logo-stickers","11":"product_tag-transfer-logo-stickers-for-perfume-bottle","13":"first","14":"instock","15":"shipping-taxable","16":"product-type-simple","17":"entry","18":"content-bg","19":"loop-entry"},"_links":{"self":[{"href":"https:\/\/cmykprinted.com\/hu\/wp-json\/wp\/v2\/product\/2634","targetHints":{"allow":["GET"]}}],"collection":[{"href":"https:\/\/cmykprinted.com\/hu\/wp-json\/wp\/v2\/product"}],"about":[{"href":"https:\/\/cmykprinted.com\/hu\/wp-json\/wp\/v2\/types\/product"}],"version-history":[{"count":1,"href":"https:\/\/cmykprinted.com\/hu\/wp-json\/wp\/v2\/product\/2634\/revisions"}],"predecessor-version":[{"id":2640,"href":"https:\/\/cmykprinted.com\/hu\/wp-json\/wp\/v2\/product\/2634\/revisions\/2640"}],"wp:featuredmedia":[{"embeddable":true,"href":"https:\/\/cmykprinted.com\/hu\/wp-json\/wp\/v2\/media\/2635"}],"wp:attachment":[{"href":"https:\/\/cmykprinted.com\/hu\/wp-json\/wp\/v2\/media?parent=2634"}],"wp:term":[{"taxonomy":"product_cat","embeddable":true,"href":"https:\/\/cmykprinted.com\/hu\/wp-json\/wp\/v2\/product_cat?post=2634"},{"taxonomy":"product_tag","embeddable":true,"href":"https:\/\/cmykprinted.com\/hu\/wp-json\/wp\/v2\/product_tag?post=2634"}],"curies":[{"name":"wp","href":"https:\/\/api.w.org\/{rel}","templated":true}]}}