{"id":2668,"date":"2025-06-06T04:34:33","date_gmt":"2025-06-06T04:34:33","guid":{"rendered":"https:\/\/cmykprinted.com\/?post_type=product&#038;p=2668"},"modified":"2025-06-06T05:55:38","modified_gmt":"2025-06-06T05:55:38","slug":"custom-made-canopy-tents-with-your-logo-printed","status":"publish","type":"product","link":"https:\/\/cmykprinted.com\/hu\/termek\/egyedi-gyartasu-satrak-a-te-logoddal-nyomtatva\/","title":{"rendered":"Egyedi gy\u00e1rt\u00e1s\u00fa ponyvas\u00e1trak log\u00f3val nyomtatva"},"content":{"rendered":"","protected":false},"excerpt":{"rendered":"<p>T\u0171nj\u00f6n ki b\u00e1rmilyen rendezv\u00e9nyen kiv\u00e1l\u00f3 min\u0151s\u00e9g\u0171, egyedi ponyvas\u00e1trainkkal! M\u00e1rk\u00e1ja bemutat\u00e1s\u00e1ra tervezett s\u00e1trainkon minden oldalra sz\u00ednes nyomtat\u00e1ssal l\u00e1that\u00f3 log\u00f3ja, szlogenje vagy grafikai eleme. Ak\u00e1r szakki\u00e1ll\u00edt\u00e1son, fesztiv\u00e1lon, piacon vagy sportesem\u00e9nyen vesz r\u00e9szt, szem\u00e9lyre szabott s\u00e1traink maxim\u00e1lis l\u00e1that\u00f3s\u00e1got \u00e9s professzion\u00e1lis jelenl\u00e9tet biztos\u00edtanak.<\/p>\n<p>Minden s\u00e1tor tart\u00f3s, id\u0151j\u00e1r\u00e1s\u00e1ll\u00f3 anyagokb\u00f3l k\u00e9sz\u00fclt, hogy ellen\u00e1lljon az ausztr\u00e1l \u00e9ghajlatnak. V\u00e1lasszon a k\u00fcl\u00f6nb\u00f6z\u0151 m\u00e9retek, keretvastags\u00e1gok \u00e9s nyomtat\u00e1si lehet\u0151s\u00e9gek k\u00f6z\u00fcl, hogy megfeleljen az ig\u00e9nyeinek. A felhajthat\u00f3 kialak\u00edt\u00e1s gyors \u00e9s egyszer\u0171 fel\u00e1ll\u00edt\u00e1st tesz lehet\u0151v\u00e9, \u00edgy t\u00f6k\u00e9letes mind belt\u00e9ri, mind k\u00fclt\u00e9ri haszn\u00e1latra.<\/p>\n<p>A legmodernebb nyomtat\u00e1si technol\u00f3gi\u00e1t alkalmazzuk az \u00e9l\u00e9nk, tart\u00f3s \u00e9s fakul\u00f3 sz\u00ednek biztos\u00edt\u00e1s\u00e1ra. Opcion\u00e1lis kieg\u00e9sz\u00edt\u0151kk\u00e9nt falak, bannerek, z\u00e1szl\u00f3k \u00e9s hordt\u00e1sk\u00e1k is rendelhet\u0151k \u2013 mindegyik teljesen szem\u00e9lyre szabhat\u00f3.<\/p>\n<p>M\u00e1rk\u00e1s ponyvas\u00e1traink t\u00f6k\u00e9letesek v\u00e1llalkoz\u00e1sok, iskol\u00e1k, non-profit szervezetek \u00e9s rendezv\u00e9nyszervez\u0151k sz\u00e1m\u00e1ra, \u00e9s seg\u00edtenek felejthetetlen els\u0151 benyom\u00e1st kelteni.<\/p>\n<p>Ragyogtasd a m\u00e1rk\u00e1dat \u2013 k\u00e9rj \u00e1raj\u00e1nlatot vagy ingyenes modellt m\u00e9g ma!<\/p>\n<div style=\"width: 960px;\" class=\"wp-video\"><!--[if lt IE 9]><script>document.createElement('video');<\/script><![endif]--><br \/>\n<video class=\"wp-video-shortcode\" id=\"video-2668-1\" width=\"960\" height=\"544\" preload=\"metadata\" controls=\"controls\"><source type=\"video\/mp4\" src=\"https:\/\/cmykprinted.com\/wp-content\/uploads\/2024\/04\/digicel-tents.mp4?_=1\" \/><a href=\"https:\/\/cmykprinted.com\/wp-content\/uploads\/2024\/04\/digicel-tents.mp4\">https:\/\/cmykprinted.com\/wp-content\/uploads\/2024\/04\/digicel-tents.mp4<\/a><\/video><\/div>","protected":false},"featured_media":2677,"template":"","meta":{"_kad_post_transparent":"default","_kad_post_title":"hide","_kad_post_layout":"normal","_kad_post_sidebar_id":"","_kad_post_content_style":"unboxed","_kad_post_vertical_padding":"hide","_kad_post_feature":"hide","_kad_post_feature_position":"","_kad_post_header":false,"_kad_post_footer":false},"product_cat":[68,76,74],"product_tag":[605,604,606],"class_list":{"0":"post-2668","1":"product","2":"type-product","3":"status-publish","4":"has-post-thumbnail","6":"product_cat-custom-canopy-tents","7":"product_cat-10x15ft-pop-up-tents-50mm-heavy-duty-hexagon-aluminum-tents-custom-canopy-tents","8":"product_cat-50mm-heavy-duty-hexagon-aluminum-tents","9":"product_tag-custom-canopy-tents-with-logo","10":"product_tag-custom-made-canopy-tents","11":"product_tag-custom-printed-canopy-tents","13":"first","14":"instock","15":"shipping-taxable","16":"product-type-simple","17":"entry","18":"content-bg","19":"loop-entry"},"_links":{"self":[{"href":"https:\/\/cmykprinted.com\/hu\/wp-json\/wp\/v2\/product\/2668","targetHints":{"allow":["GET"]}}],"collection":[{"href":"https:\/\/cmykprinted.com\/hu\/wp-json\/wp\/v2\/product"}],"about":[{"href":"https:\/\/cmykprinted.com\/hu\/wp-json\/wp\/v2\/types\/product"}],"version-history":[{"count":1,"href":"https:\/\/cmykprinted.com\/hu\/wp-json\/wp\/v2\/product\/2668\/revisions"}],"predecessor-version":[{"id":2671,"href":"https:\/\/cmykprinted.com\/hu\/wp-json\/wp\/v2\/product\/2668\/revisions\/2671"}],"wp:featuredmedia":[{"embeddable":true,"href":"https:\/\/cmykprinted.com\/hu\/wp-json\/wp\/v2\/media\/2677"}],"wp:attachment":[{"href":"https:\/\/cmykprinted.com\/hu\/wp-json\/wp\/v2\/media?parent=2668"}],"wp:term":[{"taxonomy":"product_cat","embeddable":true,"href":"https:\/\/cmykprinted.com\/hu\/wp-json\/wp\/v2\/product_cat?post=2668"},{"taxonomy":"product_tag","embeddable":true,"href":"https:\/\/cmykprinted.com\/hu\/wp-json\/wp\/v2\/product_tag?post=2668"}],"curies":[{"name":"wp","href":"https:\/\/api.w.org\/{rel}","templated":true}]}}