{"id":2678,"date":"2025-06-09T08:44:00","date_gmt":"2025-06-09T08:44:00","guid":{"rendered":"https:\/\/cmykprinted.com\/?post_type=product&#038;p=2678"},"modified":"2025-06-09T08:44:00","modified_gmt":"2025-06-09T08:44:00","slug":"outdoor-marketing-flags-supplier-best-price-with-48-hours-turnaround","status":"publish","type":"product","link":"https:\/\/cmykprinted.com\/hu\/termek\/kulteri-marketing-zaszlok-szallitoja-legjobb-ar-48-oras-hataridovel\/","title":{"rendered":"K\u00fclt\u00e9ri rekl\u00e1mz\u00e1szl\u00f3k besz\u00e1ll\u00edt\u00f3ja a legjobb \u00e1ron, 48 \u00f3r\u00e1s \u00e1tfut\u00e1si id\u0151vel"},"content":{"rendered":"","protected":false},"excerpt":{"rendered":"<p>A rekl\u00e1moz\u00e1s gyorsan v\u00e1ltoz\u00f3 vil\u00e1g\u00e1ban a figyelemfelkelt\u00e9s mindenn\u00e9l fontosabb. Ak\u00e1r egy megnyit\u00f3t n\u00e9pszer\u0171s\u00edt, ak\u00e1r egy le\u00e1raz\u00e1st hirdet, ak\u00e1r egy szakki\u00e1ll\u00edt\u00e1son vesz r\u00e9szt, vagy egyszer\u0171en csak egy forgalmas utc\u00e1n pr\u00f3b\u00e1l kit\u0171nni, az egyedi k\u00fclt\u00e9ri marketing tollz\u00e1szl\u00f3k n\u00e9lk\u00fcl\u00f6zhetetlen \u00e9s hat\u00e9kony prom\u00f3ci\u00f3s eszk\u00f6zz\u00e9 v\u00e1ltak minden m\u00e9ret\u0171 v\u00e1llalkoz\u00e1s sz\u00e1m\u00e1ra. Ezek a szemet gy\u00f6ny\u00f6rk\u00f6dtet\u0151 bannerek lebegnek a sz\u00e9lben, dinamikus mozg\u00e1st \u00e9s l\u00e1that\u00f3s\u00e1got teremtve, biztos\u00edtva, hogy az \u00fczenet hangosan \u00e9s tiszt\u00e1n l\u00e1that\u00f3 legyen.<\/p>\n<p>Ebben az \u00fatmutat\u00f3ban mindent megvizsg\u00e1lunk, amit a k\u00fclt\u00e9ri marketingben haszn\u00e1lt tollz\u00e1szl\u00f3kr\u00f3l tudni kell: mik ezek, mi\u00e9rt m\u0171k\u00f6dnek, hogyan tervezz\u00fck meg \u0151ket hat\u00e9konyan, valamint hol \u00e9s mikor haszn\u00e1ljuk \u0151ket.<\/p>\n<p>Az egyedi k\u00fclt\u00e9ri tollz\u00e1szl\u00f3k okos, st\u00edlusos \u00e9s sk\u00e1l\u00e1zhat\u00f3 megold\u00e1st jelentenek a modern marketingesek sz\u00e1m\u00e1ra. A mozg\u00e1s, a magass\u00e1g, a sz\u00edn \u00e9s a megfizethet\u0151s\u00e9g kombin\u00e1ci\u00f3ja teszi \u0151ket a ma el\u00e9rhet\u0151 egyik leghat\u00e1sosabb hirdet\u00e9si eszk\u00f6zz\u00e9. Ak\u00e1r egyetlen z\u00e1szl\u00f3ra van sz\u00fcks\u00e9ge egy h\u00e9tv\u00e9gi akci\u00f3hoz, ak\u00e1r z\u00e1szl\u00f3k eg\u00e9sz flott\u00e1j\u00e1ra egy nagyszab\u00e1s\u00fa kamp\u00e1nyhoz, az egyedi tollz\u00e1szl\u00f3kba val\u00f3 befektet\u00e9s egy bev\u00e1lt strat\u00e9gia a figyelemfelkelt\u00e9sre \u2013 \u00e9s a forgalom v\u00e1s\u00e1rl\u00f3kk\u00e1 alak\u00edt\u00e1s\u00e1ra.<\/p>\n<p>A megfelel\u0151 diz\u00e1jnnal, min\u0151s\u00e9gi anyagokkal \u00e9s strat\u00e9giai elhelyez\u00e9ssel a tollas z\u00e1szl\u00f3d kem\u00e9nyen fog szolg\u00e1lni a v\u00e1llalkoz\u00e1sodat \u2013 es\u0151ben vagy naps\u00fct\u00e9sben, nap mint nap.<\/p>\n<p>&nbsp;<\/p>","protected":false},"featured_media":2679,"template":"","meta":{"_kad_post_transparent":"default","_kad_post_title":"hide","_kad_post_layout":"fullwidth","_kad_post_sidebar_id":"","_kad_post_content_style":"unboxed","_kad_post_vertical_padding":"hide","_kad_post_feature":"hide","_kad_post_feature_position":"","_kad_post_header":false,"_kad_post_footer":false},"product_cat":[64,65],"product_tag":[609,610,607,608],"class_list":{"0":"post-2678","1":"product","2":"type-product","3":"status-publish","4":"has-post-thumbnail","6":"product_cat-beach-flags","7":"product_cat-feather-flags-banners","8":"product_tag-outdoor-flags","9":"product_tag-outdoor-flags-with-best-price","10":"product_tag-outdoor-marketing-flags","11":"product_tag-outdoor-marketing-flags-supplier","13":"first","14":"instock","15":"shipping-taxable","16":"product-type-simple","17":"entry","18":"content-bg","19":"loop-entry"},"_links":{"self":[{"href":"https:\/\/cmykprinted.com\/hu\/wp-json\/wp\/v2\/product\/2678","targetHints":{"allow":["GET"]}}],"collection":[{"href":"https:\/\/cmykprinted.com\/hu\/wp-json\/wp\/v2\/product"}],"about":[{"href":"https:\/\/cmykprinted.com\/hu\/wp-json\/wp\/v2\/types\/product"}],"version-history":[{"count":1,"href":"https:\/\/cmykprinted.com\/hu\/wp-json\/wp\/v2\/product\/2678\/revisions"}],"predecessor-version":[{"id":2684,"href":"https:\/\/cmykprinted.com\/hu\/wp-json\/wp\/v2\/product\/2678\/revisions\/2684"}],"wp:featuredmedia":[{"embeddable":true,"href":"https:\/\/cmykprinted.com\/hu\/wp-json\/wp\/v2\/media\/2679"}],"wp:attachment":[{"href":"https:\/\/cmykprinted.com\/hu\/wp-json\/wp\/v2\/media?parent=2678"}],"wp:term":[{"taxonomy":"product_cat","embeddable":true,"href":"https:\/\/cmykprinted.com\/hu\/wp-json\/wp\/v2\/product_cat?post=2678"},{"taxonomy":"product_tag","embeddable":true,"href":"https:\/\/cmykprinted.com\/hu\/wp-json\/wp\/v2\/product_tag?post=2678"}],"curies":[{"name":"wp","href":"https:\/\/api.w.org\/{rel}","templated":true}]}}