{"id":2686,"date":"2025-06-14T12:05:03","date_gmt":"2025-06-14T12:05:03","guid":{"rendered":"https:\/\/cmykprinted.com\/?post_type=product&#038;p=2686"},"modified":"2025-06-14T12:58:32","modified_gmt":"2025-06-14T12:58:32","slug":"factory-with-best-quality-custom-canopy-tent-10x15","status":"publish","type":"product","link":"https:\/\/cmykprinted.com\/hu\/termek\/gyar-legjobb-minosegu-egyedi-sator-10x15\/","title":{"rendered":"Gy\u00e1rilag a legjobb min\u0151s\u00e9g\u0171, egyedi ponyvas\u00e1tor 10\u00d715"},"content":{"rendered":"","protected":false},"excerpt":{"rendered":"<p>A t\u00f6k\u00e9letes k\u00fclt\u00e9ri megold\u00e1st keresed m\u00e1rk\u00e1d jelenl\u00e9t\u00e9nek fokoz\u00e1s\u00e1ra? 10\u00d715-\u00f6s egyedi ponyvas\u00e1trainkat professzion\u00e1lis gy\u00e1runkban k\u00e9sz\u00edtj\u00fck a legkiv\u00e1l\u00f3bb min\u0151s\u00e9g\u0171 anyagokb\u00f3l \u00e9s prec\u00edzi\u00f3s gy\u00e1rt\u00e1ssal. Ak\u00e1r szakki\u00e1ll\u00edt\u00e1son, szabadt\u00e9ri piacon, fesztiv\u00e1lon, sportesem\u00e9nyen vagy prom\u00f3ci\u00f3s aktivit\u00e1son mutatod be v\u00e1llalkoz\u00e1sodat, ez a s\u00e1tor p\u00e1ratlan tart\u00f3ss\u00e1got, funkcionalit\u00e1st \u00e9s st\u00edlust k\u00edn\u00e1l.<\/p>\n<p>Nagy teherb\u00edr\u00e1s\u00fa 600D poli\u00e9szterb\u0151l k\u00e9sz\u00fcltek, v\u00edz\u00e1ll\u00f3, UV-\u00e1ll\u00f3 \u00e9s t\u0171z\u00e1ll\u00f3 tulajdons\u00e1gokkal, \u00edgy ponyvatet\u0151ink minden id\u0151j\u00e1r\u00e1si k\u00f6r\u00fclm\u00e9nynek ellen\u00e1llnak. A massz\u00edv alum\u00ednium vagy ac\u00e9l keretek tart\u00f3s tart\u00e1st biztos\u00edtanak, \u00e9s percek alatt k\u00f6nnyen fel\u00e1ll\u00edthat\u00f3k. Szabjon testre minden r\u00e9szletet \u2013 adja hozz\u00e1 sz\u00ednes log\u00f3j\u00e1t, m\u00e1rka\u00fczenet\u00e9t vagy nagy hat\u00e1s\u00fa vizu\u00e1lis elemeit a fejlett szublim\u00e1ci\u00f3s nyomtat\u00e1ssal, amely \u00e9l\u00e9nk, fakul\u00e1s\u00e1ll\u00f3 eredm\u00e9nyt biztos\u00edt.<\/p>\n<p>A k\u00f6zvetlen gy\u00e1ri \u00e1rakkal, a gyors \u00e1tfut\u00e1si id\u0151kkel \u00e9s a vil\u00e1g minden t\u00e1j\u00e1ra t\u00f6rt\u00e9n\u0151 sz\u00e1ll\u00edt\u00e1ssal nem csak egy s\u00e1trat kapsz \u2013 egy j\u00f3l l\u00e1that\u00f3 marketingeszk\u00f6zt, amely a teljes\u00edtm\u00e9nyre k\u00e9sz\u00fclt. T\u0171nj ki a t\u00f6megb\u0151l a legjobb min\u0151s\u00e9g\u0171, 10\u00d715-\u00f6s egyedi ponyvas\u00e1trunkkal.<\/p>","protected":false},"featured_media":2690,"template":"","meta":{"_kad_post_transparent":"default","_kad_post_title":"hide","_kad_post_layout":"normal","_kad_post_sidebar_id":"","_kad_post_content_style":"unboxed","_kad_post_vertical_padding":"hide","_kad_post_feature":"hide","_kad_post_feature_position":"","_kad_post_header":false,"_kad_post_footer":false},"product_cat":[68,76,74],"product_tag":[612,613,611],"class_list":{"0":"post-2686","1":"product","2":"type-product","3":"status-publish","4":"has-post-thumbnail","6":"product_cat-custom-canopy-tents","7":"product_cat-10x15ft-pop-up-tents-50mm-heavy-duty-hexagon-aluminum-tents-custom-canopy-tents","8":"product_cat-50mm-heavy-duty-hexagon-aluminum-tents","9":"product_tag-best-quality-custom-canopy-tent","10":"product_tag-canopy-tent-10x15","11":"product_tag-custom-canopy-tent-10x15","13":"first","14":"instock","15":"shipping-taxable","16":"product-type-simple","17":"entry","18":"content-bg","19":"loop-entry"},"_links":{"self":[{"href":"https:\/\/cmykprinted.com\/hu\/wp-json\/wp\/v2\/product\/2686","targetHints":{"allow":["GET"]}}],"collection":[{"href":"https:\/\/cmykprinted.com\/hu\/wp-json\/wp\/v2\/product"}],"about":[{"href":"https:\/\/cmykprinted.com\/hu\/wp-json\/wp\/v2\/types\/product"}],"version-history":[{"count":1,"href":"https:\/\/cmykprinted.com\/hu\/wp-json\/wp\/v2\/product\/2686\/revisions"}],"predecessor-version":[{"id":2688,"href":"https:\/\/cmykprinted.com\/hu\/wp-json\/wp\/v2\/product\/2686\/revisions\/2688"}],"wp:featuredmedia":[{"embeddable":true,"href":"https:\/\/cmykprinted.com\/hu\/wp-json\/wp\/v2\/media\/2690"}],"wp:attachment":[{"href":"https:\/\/cmykprinted.com\/hu\/wp-json\/wp\/v2\/media?parent=2686"}],"wp:term":[{"taxonomy":"product_cat","embeddable":true,"href":"https:\/\/cmykprinted.com\/hu\/wp-json\/wp\/v2\/product_cat?post=2686"},{"taxonomy":"product_tag","embeddable":true,"href":"https:\/\/cmykprinted.com\/hu\/wp-json\/wp\/v2\/product_tag?post=2686"}],"curies":[{"name":"wp","href":"https:\/\/api.w.org\/{rel}","templated":true}]}}