{"id":2696,"date":"2025-06-16T04:06:39","date_gmt":"2025-06-16T04:06:39","guid":{"rendered":"https:\/\/cmykprinted.com\/?post_type=product&#038;p=2696"},"modified":"2025-06-16T04:08:43","modified_gmt":"2025-06-16T04:08:43","slug":"custom-printed-canopy-tent-10x10-with-free-mock-up","status":"publish","type":"product","link":"https:\/\/cmykprinted.com\/hu\/termek\/egyedi-nyomtatott-sator-10x10-ingyenes-latvanytervvel\/","title":{"rendered":"Egyedi Nyomtat\u00e1s\u00fa Ponyvas\u00e1tor 10\u00d710 Ingyenes Mint\u00e1val"},"content":{"rendered":"","protected":false},"excerpt":{"rendered":"<p>T\u0171nj ki b\u00e1rmilyen rendezv\u00e9nyen egy egyedi nyomtat\u00e1s\u00fa 10 x 10 l\u00e1b (300*300 cm) ponyvas\u00e1torral \u2013 Ingyenes maketttel!<\/p>\n<p>Tedd m\u00e1rk\u00e1dat figyelmen k\u00edv\u00fcl hagyhatatlann\u00e1 egyedi nyomtat\u00e1s\u00fa 10 x 10-es ponyvas\u00e1trunkkal, amely t\u00f6k\u00e9letes kereskedelmi ki\u00e1ll\u00edt\u00e1sokra, fesztiv\u00e1lokra, szabadt\u00e9ri piacokra, sportesem\u00e9nyekre \u00e9s sok m\u00e1sra. A tart\u00f3ss\u00e1got, az egyszer\u0171 fel\u00e1ll\u00edt\u00e1st \u00e9s a leny\u0171g\u00f6z\u0151, sz\u00ednes grafik\u00e1t \u00f6tv\u00f6z\u0151 s\u00e1tor b\u00e1rmilyen teret professzion\u00e1lis, figyelemfelkelt\u0151 m\u00e1rkabemutat\u00f3v\u00e1 var\u00e1zsol.<\/p>\n<p>1. Teljesen sz\u00ednes nyomtatott ponyva \u2013 Nyomtassa ki log\u00f3j\u00e1t, \u00fczenet\u00e9t vagy grafik\u00e1j\u00e1t minden oldalra a l\u00e1that\u00f3s\u00e1g \u00e9s a m\u00e1rkahat\u00e1s maximaliz\u00e1l\u00e1sa \u00e9rdek\u00e9ben.<br \/>\n2. Ingyenes makett v\u00e1s\u00e1rl\u00e1s el\u0151tt \u2013 A gy\u00e1rt\u00e1s megkezd\u00e9se el\u0151tt val\u00f3s\u00e1gh\u0171 digit\u00e1lis el\u0151n\u00e9zetet kaphat a terv\u00e9r\u0151l. Nincsenek tal\u00e1lgat\u00e1sok, nincsenek meglepet\u00e9sek.<br \/>\n3. Strapab\u00edr\u00f3 v\u00e1z + Id\u0151j\u00e1r\u00e1s\u00e1ll\u00f3 600 D t\u0171z\u00e1ll\u00f3 sz\u00f6vet \u2013 Ellen\u00e1ll a sz\u00e9lnek, az es\u0151nek \u00e9s a napnak, mik\u00f6zben a f\u00fclke st\u00edlusosan n\u00e9z ki.<br \/>\n4. Gyors \u00e9s szersz\u00e1mmentes fel\u00e1ll\u00edt\u00e1s \u2013 Felhaszn\u00e1l\u00f3bar\u00e1t felnyithat\u00f3 s\u00e1trunkkal percek alatt fel\u00e1ll\u00edthatja s\u00e1tr\u00e1t.<br \/>\n5. Ide\u00e1lis 10 x 10-es m\u00e9ret \u2013 T\u00f6k\u00e9letes professzion\u00e1lis megjelen\u00e9s megteremt\u00e9s\u00e9hez, mik\u00f6zben k\u00e9nyelmesen elf\u00e9r a standard standokon.<\/p>\n<p>Ak\u00e1r egy term\u00e9ket n\u00e9pszer\u0171s\u00edt, ak\u00e1r a tudatoss\u00e1got n\u00f6veli, vagy egyszer\u0171en csak t\u00f6bb forgalmat vonz, egyedi nyomtat\u00e1s\u00fa ponyvas\u00e1traink a figyelem k\u00f6z\u00e9ppontj\u00e1ba helyezik m\u00e1rk\u00e1j\u00e1t \u2013 nulla tervez\u00e9si kock\u00e1zattal ingyenes modellszolg\u00e1ltat\u00e1sunknak k\u00f6sz\u00f6nhet\u0151en!<\/p>\n<p><strong>\u00a0Rendelj m\u00e9g ma, \u00e9s hagyd, hogy a s\u00e1trad besz\u00e9ljen helyetted!<\/strong><\/p>","protected":false},"featured_media":2704,"template":"","meta":{"_kad_post_transparent":"default","_kad_post_title":"hide","_kad_post_layout":"normal","_kad_post_sidebar_id":"","_kad_post_content_style":"unboxed","_kad_post_vertical_padding":"hide","_kad_post_feature":"hide","_kad_post_feature_position":"","_kad_post_header":false,"_kad_post_footer":false},"product_cat":[68,76,74],"product_tag":[615,614],"class_list":{"0":"post-2696","1":"product","2":"type-product","3":"status-publish","4":"has-post-thumbnail","6":"product_cat-custom-canopy-tents","7":"product_cat-10x15ft-pop-up-tents-50mm-heavy-duty-hexagon-aluminum-tents-custom-canopy-tents","8":"product_cat-50mm-heavy-duty-hexagon-aluminum-tents","9":"product_tag-custom-printed-canopy-tent","10":"product_tag-custom-printed-canopy-tent-10x10","12":"first","13":"instock","14":"shipping-taxable","15":"product-type-simple","16":"entry","17":"content-bg","18":"loop-entry"},"_links":{"self":[{"href":"https:\/\/cmykprinted.com\/hu\/wp-json\/wp\/v2\/product\/2696","targetHints":{"allow":["GET"]}}],"collection":[{"href":"https:\/\/cmykprinted.com\/hu\/wp-json\/wp\/v2\/product"}],"about":[{"href":"https:\/\/cmykprinted.com\/hu\/wp-json\/wp\/v2\/types\/product"}],"version-history":[{"count":1,"href":"https:\/\/cmykprinted.com\/hu\/wp-json\/wp\/v2\/product\/2696\/revisions"}],"predecessor-version":[{"id":2703,"href":"https:\/\/cmykprinted.com\/hu\/wp-json\/wp\/v2\/product\/2696\/revisions\/2703"}],"wp:featuredmedia":[{"embeddable":true,"href":"https:\/\/cmykprinted.com\/hu\/wp-json\/wp\/v2\/media\/2704"}],"wp:attachment":[{"href":"https:\/\/cmykprinted.com\/hu\/wp-json\/wp\/v2\/media?parent=2696"}],"wp:term":[{"taxonomy":"product_cat","embeddable":true,"href":"https:\/\/cmykprinted.com\/hu\/wp-json\/wp\/v2\/product_cat?post=2696"},{"taxonomy":"product_tag","embeddable":true,"href":"https:\/\/cmykprinted.com\/hu\/wp-json\/wp\/v2\/product_tag?post=2696"}],"curies":[{"name":"wp","href":"https:\/\/api.w.org\/{rel}","templated":true}]}}