{"id":2705,"date":"2025-06-18T08:15:16","date_gmt":"2025-06-18T08:15:16","guid":{"rendered":"https:\/\/cmykprinted.com\/?post_type=product&#038;p=2705"},"modified":"2025-06-23T02:43:20","modified_gmt":"2025-06-23T02:43:20","slug":"3d-metal-transfer-stickers","status":"publish","type":"product","link":"https:\/\/cmykprinted.com\/hu\/termek\/egyedi-3d-fem-transzfer-matricak-a-sajat-mualkotasoddal\/","title":{"rendered":"Egyedi-3D-f\u00e9m-transzfer-matric\u00e1k-a-saj\u00e1t-m\u0171alkot\u00e1soddal"},"content":{"rendered":"","protected":false},"excerpt":{"rendered":"<p>Emeld ki m\u00e1rk\u00e1dat egyedi 3D f\u00e9m transzfer matric\u00e1kkal \u2013 tervezted, leny\u0171g\u00f6z\u0151!<\/p>\n<p>Adjon pr\u00e9mium, szemet gy\u00f6ny\u00f6rk\u00f6dtet\u0151 megjelen\u00e9st term\u00e9keinek, csomagol\u00e1s\u00e1nak vagy prom\u00f3ci\u00f3s t\u00e1rgyainak egyedi 3D f\u00e9m transzfer matric\u00e1kkal, amelyek saj\u00e1t grafik\u00e1t tartalmaznak. Ezek a letisztult, f\u00e9mes embl\u00e9m\u00e1k exkluz\u00edv, professzion\u00e1lis megjelen\u00e9st k\u00f6lcs\u00f6n\u00f6znek, amelyek azonnal kiemelik m\u00e1rk\u00e1j\u00e1t. Ak\u00e1r laptopokra, elektronik\u00e1ra, aut\u00f3alkatr\u00e9szekre vagy kiskereskedelmi \u00e1rukra alkalmazza \u0151ket, ezek a f\u00e9m matric\u00e1k mer\u00e9sz min\u0151s\u00e9gi \u00e9s diz\u00e1jnos kijelent\u00e9st tesznek.<\/p>\n<p>Tart\u00f3s, id\u0151j\u00e1r\u00e1s\u00e1ll\u00f3 anyagokb\u00f3l, p\u00e9ld\u00e1ul kr\u00f3mb\u00f3l, sz\u00e1lcsiszolt alum\u00edniumb\u00f3l vagy rozsdamentes ac\u00e9lb\u00f3l k\u00e9sz\u00fclt 3D matric\u00e1ink nemcsak a megjelen\u00e9s kedv\u00e9\u00e9rt k\u00e9sz\u00fcltek \u2013 tart\u00f3sak is. Minden darab prec\u00edzi\u00f3san v\u00e1gott, er\u0151s ragaszt\u00f3val \u00e9s k\u00f6nnyen leh\u00fazhat\u00f3 transzferf\u00f3li\u00e1val rendelkezik, \u00edgy minden alkalommal bubor\u00e9kmentes \u00e9s foltmentes felhelyez\u00e9st biztos\u00edt.<\/p>\n<p>Nincs minim\u00e1lis rendel\u00e9si \u00e9rt\u00e9k. Gyors \u00e1tfut\u00e1si id\u0151. Ingyenes digit\u00e1lis makettek. K\u00fcldje be log\u00f3j\u00e1t vagy egyedi terv\u00e9t m\u00e9g ma, \u00e9s v\u00e1ltsa kreat\u00edv elk\u00e9pzel\u00e9s\u00e9t hat\u00e1sos f\u00e9mes val\u00f3s\u00e1gg\u00e1.<\/p>\n<div style=\"width: 726px;\" class=\"wp-video\"><!--[if lt IE 9]><script>document.createElement('video');<\/script><![endif]--><br \/>\n<video class=\"wp-video-shortcode\" id=\"video-2705-1\" width=\"726\" height=\"720\" preload=\"metadata\" controls=\"controls\"><source type=\"video\/mp4\" src=\"https:\/\/cmykprinted.com\/wp-content\/uploads\/2025\/06\/3d-Metal-Transfer-Stickers.mp4?_=1\" \/><a href=\"https:\/\/cmykprinted.com\/wp-content\/uploads\/2025\/06\/3d-Metal-Transfer-Stickers.mp4\">https:\/\/cmykprinted.com\/wp-content\/uploads\/2025\/06\/3d-Metal-Transfer-Stickers.mp4<\/a><\/video><\/div>","protected":false},"featured_media":2711,"template":"","meta":{"_kad_post_transparent":"default","_kad_post_title":"hide","_kad_post_layout":"fullwidth","_kad_post_sidebar_id":"","_kad_post_content_style":"unboxed","_kad_post_vertical_padding":"hide","_kad_post_feature":"hide","_kad_post_feature_position":"","_kad_post_header":false,"_kad_post_footer":false},"product_cat":[101,102],"product_tag":[299,618,617,616],"class_list":{"0":"post-2705","1":"product","2":"type-product","3":"status-publish","4":"has-post-thumbnail","6":"product_cat-transfer-stickers","7":"product_cat-metal-transfer-stickers","8":"product_tag-3d-metal-transfer-stickers","9":"product_tag-custom-3d-metal-transfer-stickers","10":"product_tag-metallic-transfer-sticker","11":"product_tag-transfer-sticker","13":"first","14":"instock","15":"shipping-taxable","16":"product-type-simple","17":"entry","18":"content-bg","19":"loop-entry"},"_links":{"self":[{"href":"https:\/\/cmykprinted.com\/hu\/wp-json\/wp\/v2\/product\/2705","targetHints":{"allow":["GET"]}}],"collection":[{"href":"https:\/\/cmykprinted.com\/hu\/wp-json\/wp\/v2\/product"}],"about":[{"href":"https:\/\/cmykprinted.com\/hu\/wp-json\/wp\/v2\/types\/product"}],"version-history":[{"count":1,"href":"https:\/\/cmykprinted.com\/hu\/wp-json\/wp\/v2\/product\/2705\/revisions"}],"predecessor-version":[{"id":2714,"href":"https:\/\/cmykprinted.com\/hu\/wp-json\/wp\/v2\/product\/2705\/revisions\/2714"}],"wp:featuredmedia":[{"embeddable":true,"href":"https:\/\/cmykprinted.com\/hu\/wp-json\/wp\/v2\/media\/2711"}],"wp:attachment":[{"href":"https:\/\/cmykprinted.com\/hu\/wp-json\/wp\/v2\/media?parent=2705"}],"wp:term":[{"taxonomy":"product_cat","embeddable":true,"href":"https:\/\/cmykprinted.com\/hu\/wp-json\/wp\/v2\/product_cat?post=2705"},{"taxonomy":"product_tag","embeddable":true,"href":"https:\/\/cmykprinted.com\/hu\/wp-json\/wp\/v2\/product_tag?post=2705"}],"curies":[{"name":"wp","href":"https:\/\/api.w.org\/{rel}","templated":true}]}}