{"id":2716,"date":"2025-06-23T02:33:41","date_gmt":"2025-06-23T02:33:41","guid":{"rendered":"https:\/\/cmykprinted.com\/?post_type=product&#038;p=2716"},"modified":"2025-06-23T02:33:41","modified_gmt":"2025-06-23T02:33:41","slug":"logo-transfer-stickers","status":"publish","type":"product","link":"https:\/\/cmykprinted.com\/hu\/termek\/logo-atviteli-matricak\/","title":{"rendered":"Egyedi f\u00e9m nikkel log\u00f3 transzfer matric\u00e1k K\u00edn\u00e1ban k\u00e9sz\u00fclt"},"content":{"rendered":"","protected":false},"excerpt":{"rendered":"<p>Szeretn\u00e9 m\u00e1rk\u00e1j\u00e1t letisztult, exkluz\u00edv megjelen\u00e9ssel kiemelni? Egyedi f\u00e9m nikkel log\u00f3 transzfer matric\u00e1ink t\u00f6k\u00e9letes megold\u00e1st jelentenek azoknak a v\u00e1llalkoz\u00e1soknak, amelyek min\u0151s\u00e9get, tart\u00f3ss\u00e1got \u00e9s vizu\u00e1lis hat\u00e1st v\u00e1rnak el. K\u00edn\u00e1ban gy\u00e1rtj\u00e1k ezeket a fejlett galvanoform\u00e1z\u00e1si technol\u00f3gi\u00e1val k\u00e9sz\u00fclt matric\u00e1kat, amelyek ultrav\u00e9kony, k\u00f6nny\u0171 nikkel anyagb\u00f3l k\u00e9sz\u00fclnek, leny\u0171g\u00f6z\u0151 f\u00e9mes fel\u00fclettel \u2013 ez\u00fcst, arany, matt, f\u00e9nyes vagy sz\u00e1lcsiszolt text\u00far\u00e1kban kaphat\u00f3k.<\/p>\n<p>Ide\u00e1lis laptopokhoz, elektronikai cikkekhez, csomagol\u00e1shoz, h\u00e1ztart\u00e1si g\u00e9pekhez, prom\u00f3ci\u00f3s cikkekhez, kozmetikai csomagol\u00f3 flakonokhoz, parf\u00fcm\u00f6s \u00fcvegekhez, gyertyacsomagol\u00f3 dobozokhoz \u00e9s sok m\u00e1shoz. Ezek a transzfer matric\u00e1k k\u00f6nnyen felhelyezhet\u0151k, er\u0151s ragaszt\u00f3s h\u00e1tlappal \u00e9s nem hagynak maguk ut\u00e1n maradv\u00e1nyokat. Minden log\u00f3 egyedi v\u00e1g\u00e1s\u00fa, \u00e9les r\u00e9szletekkel, \u00edgy tiszta \u00e9s professzion\u00e1lis megjelen\u00e9st biztos\u00edt b\u00e1rmilyen sima fel\u00fcleten.<\/p>\n<p>A minim\u00e1lis rendel\u00e9si mennyis\u00e9g alacsony, nagy t\u00e9telben kedvezm\u00e9nyek \u00e9rhet\u0151k el, a gyors glob\u00e1lis sz\u00e1ll\u00edt\u00e1s pedig id\u0151ben t\u00f6rt\u00e9n\u0151 k\u00e9zbes\u00edt\u00e9st biztos\u00edt. Ak\u00e1r startup v\u00e1llalkoz\u00e1sr\u00f3l, ak\u00e1r egy m\u00e1r befutott m\u00e1rk\u00e1r\u00f3l van sz\u00f3, v\u00e1lassza a megb\u00edzhat\u00f3 k\u00ednai min\u0151s\u00e9get \u2013 kifinomult, megfizethet\u0151 \u00e9s leny\u0171g\u00f6z\u0151.<\/p>\n<div style=\"width: 726px;\" class=\"wp-video\"><!--[if lt IE 9]><script>document.createElement('video');<\/script><![endif]--><br \/>\n<video class=\"wp-video-shortcode\" id=\"video-2716-1\" width=\"726\" height=\"720\" preload=\"metadata\" controls=\"controls\"><source type=\"video\/mp4\" src=\"https:\/\/cmykprinted.com\/wp-content\/uploads\/2025\/06\/3d-Metal-Transfer-Stickers.mp4?_=1\" \/><a href=\"https:\/\/cmykprinted.com\/wp-content\/uploads\/2025\/06\/3d-Metal-Transfer-Stickers.mp4\">https:\/\/cmykprinted.com\/wp-content\/uploads\/2025\/06\/3d-Metal-Transfer-Stickers.mp4<\/a><\/video><\/div>","protected":false},"featured_media":2717,"template":"","meta":{"_kad_post_transparent":"default","_kad_post_title":"hide","_kad_post_layout":"fullwidth","_kad_post_sidebar_id":"","_kad_post_content_style":"unboxed","_kad_post_vertical_padding":"hide","_kad_post_feature":"hide","_kad_post_feature_position":"","_kad_post_header":false,"_kad_post_footer":false},"product_cat":[101,102],"product_tag":[620,619,621],"class_list":{"0":"post-2716","1":"product","2":"type-product","3":"status-publish","4":"has-post-thumbnail","6":"product_cat-transfer-stickers","7":"product_cat-metal-transfer-stickers","8":"product_tag-custom-logo-transfer-stickers","9":"product_tag-logo-transfer-stickers","10":"product_tag-metal-nickle-logo-transfer-stickers","12":"first","13":"instock","14":"shipping-taxable","15":"product-type-simple","16":"entry","17":"content-bg","18":"loop-entry"},"_links":{"self":[{"href":"https:\/\/cmykprinted.com\/hu\/wp-json\/wp\/v2\/product\/2716","targetHints":{"allow":["GET"]}}],"collection":[{"href":"https:\/\/cmykprinted.com\/hu\/wp-json\/wp\/v2\/product"}],"about":[{"href":"https:\/\/cmykprinted.com\/hu\/wp-json\/wp\/v2\/types\/product"}],"version-history":[{"count":1,"href":"https:\/\/cmykprinted.com\/hu\/wp-json\/wp\/v2\/product\/2716\/revisions"}],"predecessor-version":[{"id":2722,"href":"https:\/\/cmykprinted.com\/hu\/wp-json\/wp\/v2\/product\/2716\/revisions\/2722"}],"wp:featuredmedia":[{"embeddable":true,"href":"https:\/\/cmykprinted.com\/hu\/wp-json\/wp\/v2\/media\/2717"}],"wp:attachment":[{"href":"https:\/\/cmykprinted.com\/hu\/wp-json\/wp\/v2\/media?parent=2716"}],"wp:term":[{"taxonomy":"product_cat","embeddable":true,"href":"https:\/\/cmykprinted.com\/hu\/wp-json\/wp\/v2\/product_cat?post=2716"},{"taxonomy":"product_tag","embeddable":true,"href":"https:\/\/cmykprinted.com\/hu\/wp-json\/wp\/v2\/product_tag?post=2716"}],"curies":[{"name":"wp","href":"https:\/\/api.w.org\/{rel}","templated":true}]}}