{"id":2723,"date":"2025-06-27T03:53:26","date_gmt":"2025-06-27T03:53:26","guid":{"rendered":"https:\/\/cmykprinted.com\/?post_type=product&#038;p=2723"},"modified":"2025-06-27T06:33:48","modified_gmt":"2025-06-27T06:33:48","slug":"custom-made-football-flags","status":"publish","type":"product","link":"https:\/\/cmykprinted.com\/hu\/termek\/egyedi-keszitesu-foci-zaszlok\/","title":{"rendered":"Nagy m\u00e9ret\u0171, egyedi k\u00e9sz\u00edt\u00e9s\u0171 futballz\u00e1szl\u00f3k, bannerek olcs\u00f3 \u00e1ron"},"content":{"rendered":"","protected":false},"excerpt":{"rendered":"<p>Szeretn\u00e9d nagyszab\u00e1s\u00faan kifejezni a futball ir\u00e1nti lelkesed\u00e9sedet? Nagym\u00e9ret\u0171, egyedi k\u00e9sz\u00edt\u00e9s\u0171 futballz\u00e1szl\u00f3ink \u200b\u200bt\u00f6k\u00e9letes megold\u00e1st jelentenek a szenved\u00e9lyes szurkol\u00f3k, klubok vagy rendezv\u00e9nyszervez\u0151k sz\u00e1m\u00e1ra, akik er\u0151teljes kijelent\u00e9seket szeretn\u00e9nek tenni. Pr\u00e9mium min\u0151s\u00e9g\u0171, tart\u00f3s poli\u00e9szter anyagb\u00f3l k\u00e9sz\u00fcltek, ezek a z\u00e1szl\u00f3k ellen\u00e1llnak a k\u00fclt\u00e9ri elemeknek, \u00e9s szezonr\u00f3l szezonra \u00e9l\u00e9nkek maradnak.<\/p>\n<p>Teljes testreszab\u00e1si lehet\u0151s\u00e9get k\u00edn\u00e1lunk \u2013 v\u00e1laszd ki csapatod sz\u00edneit, log\u00f3it, szlogenjeit \u00e9s b\u00e1rmilyen egyedi diz\u00e1jnt, hogy olyan z\u00e1szl\u00f3kat hozz l\u00e9tre, amelyek val\u00f3ban t\u00fckr\u00f6zik a futballszellemedet. Ak\u00e1r stadionokat, szurkol\u00f3i z\u00f3n\u00e1kat, sportb\u00e1rokat vagy szabadt\u00e9ri rendezv\u00e9nyeket d\u00edsz\u00edtesz, nagy felbont\u00e1s\u00fa nyomtat\u00e1sunk \u00e9les grafik\u00e1t \u00e9s szemet gy\u00f6ny\u00f6rk\u00f6dtet\u0151 sz\u00edneket biztos\u00edt, amelyek kit\u0171nnek a t\u00f6megb\u0151l.<\/p>\n<p>Leny\u0171g\u00f6z\u0151 m\u00e9ret\u00fck \u00e9s min\u0151s\u00e9g\u00fck ellen\u00e9re rendk\u00edv\u00fcl versenyk\u00e9pes \u00e1rakat garant\u00e1lunk, amelyek minden k\u00f6lts\u00e9gvet\u00e9shez illeszkednek, \u00edgy minden eddigin\u00e9l k\u00f6nnyebb nagy t\u00e9telben rendelni versenyekre, lig\u00e1kra vagy prom\u00f3ci\u00f3s kamp\u00e1nyokra. A gyors \u00e1tfut\u00e1si id\u0151nek \u00e9s a vil\u00e1gm\u00e9ret\u0171 sz\u00e1ll\u00edt\u00e1snak k\u00f6sz\u00f6nhet\u0151en bannerjeit id\u0151ben megkapja, b\u00e1rhol is legyen.<\/p>\n<p>Ne el\u00e9gedj meg a h\u00e9tk\u00f6znapis\u00e1ggal. Mutasd meg csapatod szenved\u00e9ly\u00e9t hangosan \u00e9s b\u00fcszk\u00e9n nagym\u00e9ret\u0171, egyedi k\u00e9sz\u00edt\u00e9s\u0171 futballz\u00e1szl\u00f3inkkal \u2013 pr\u00e9mium min\u0151s\u00e9g pr\u00e9mium \u00e1ron!<\/p>\n<div style=\"width: 854px;\" class=\"wp-video\"><!--[if lt IE 9]><script>document.createElement('video');<\/script><![endif]--><br \/>\n<video class=\"wp-video-shortcode\" id=\"video-2723-1\" width=\"854\" height=\"480\" preload=\"metadata\" controls=\"controls\"><source type=\"video\/mp4\" src=\"https:\/\/cmykprinted.com\/wp-content\/uploads\/2025\/06\/Large-Flag-Banner-for-Football-Events.mp4?_=1\" \/><a href=\"https:\/\/cmykprinted.com\/wp-content\/uploads\/2025\/06\/Large-Flag-Banner-for-Football-Events.mp4\">https:\/\/cmykprinted.com\/wp-content\/uploads\/2025\/06\/Large-Flag-Banner-for-Football-Events.mp4<\/a><\/video><\/div>","protected":false},"featured_media":2724,"template":"","meta":{"_kad_post_transparent":"default","_kad_post_title":"hide","_kad_post_layout":"fullwidth","_kad_post_sidebar_id":"","_kad_post_content_style":"unboxed","_kad_post_vertical_padding":"hide","_kad_post_feature":"hide","_kad_post_feature_position":"","_kad_post_header":false,"_kad_post_footer":false},"product_cat":[79],"product_tag":[625,622,626,624,623],"class_list":{"0":"post-2723","1":"product","2":"type-product","3":"status-publish","4":"has-post-thumbnail","6":"product_cat-custom-flags","7":"product_tag-custom-football-flags","8":"product_tag-custom-made-football-flags","9":"product_tag-custom-made-sports-flags","10":"product_tag-large-size-flags","11":"product_tag-sports-flags-banners","13":"first","14":"instock","15":"shipping-taxable","16":"product-type-simple","17":"entry","18":"content-bg","19":"loop-entry"},"_links":{"self":[{"href":"https:\/\/cmykprinted.com\/hu\/wp-json\/wp\/v2\/product\/2723","targetHints":{"allow":["GET"]}}],"collection":[{"href":"https:\/\/cmykprinted.com\/hu\/wp-json\/wp\/v2\/product"}],"about":[{"href":"https:\/\/cmykprinted.com\/hu\/wp-json\/wp\/v2\/types\/product"}],"version-history":[{"count":5,"href":"https:\/\/cmykprinted.com\/hu\/wp-json\/wp\/v2\/product\/2723\/revisions"}],"predecessor-version":[{"id":2743,"href":"https:\/\/cmykprinted.com\/hu\/wp-json\/wp\/v2\/product\/2723\/revisions\/2743"}],"wp:featuredmedia":[{"embeddable":true,"href":"https:\/\/cmykprinted.com\/hu\/wp-json\/wp\/v2\/media\/2724"}],"wp:attachment":[{"href":"https:\/\/cmykprinted.com\/hu\/wp-json\/wp\/v2\/media?parent=2723"}],"wp:term":[{"taxonomy":"product_cat","embeddable":true,"href":"https:\/\/cmykprinted.com\/hu\/wp-json\/wp\/v2\/product_cat?post=2723"},{"taxonomy":"product_tag","embeddable":true,"href":"https:\/\/cmykprinted.com\/hu\/wp-json\/wp\/v2\/product_tag?post=2723"}],"curies":[{"name":"wp","href":"https:\/\/api.w.org\/{rel}","templated":true}]}}