{"id":2738,"date":"2025-06-27T06:28:32","date_gmt":"2025-06-27T06:28:32","guid":{"rendered":"https:\/\/cmykprinted.com\/?post_type=product&#038;p=2738"},"modified":"2025-06-27T06:28:33","modified_gmt":"2025-06-27T06:28:33","slug":"business-flags","status":"publish","type":"product","link":"https:\/\/cmykprinted.com\/hu\/termek\/uzleti-zaszlok\/","title":{"rendered":"Egyedi k\u00f6nnycsepp alak\u00fa \u00fczleti z\u00e1szl\u00f3k 24 \u00f3r\u00e1s \u00e1tfut\u00e1si id\u0151vel"},"content":{"rendered":"","protected":false},"excerpt":{"rendered":"<p><strong>T\u0171nj\u00f6n ki azonnal egyedi, k\u00f6nnycsepp alak\u00fa \u00fczleti z\u00e1szl\u00f3inkkal \u2013 mind\u00f6ssze 24 \u00f3r\u00e1n bel\u00fcl kisz\u00e1ll\u00edtva!<\/strong><\/p>\n<p>Szeretn\u00e9, hogy v\u00e1llalkoz\u00e1sa gyorsan felkeltse a figyelmet? Egyedi k\u00f6nnycsepp alak\u00fa \u00fczleti z\u00e1szl\u00f3ink \u200b\u200bt\u00f6k\u00e9letes, nagy hat\u00e1s\u00fa megold\u00e1st k\u00edn\u00e1lnak m\u00e1rk\u00e1ja, prom\u00f3ci\u00f3i vagy esem\u00e9nyei bemutat\u00e1s\u00e1ra. A maxim\u00e1lis l\u00e1that\u00f3s\u00e1gra tervezett z\u00e1szl\u00f3k letisztult, modern form\u00e1j\u00faak, amelyek sz\u00e9pen lobognak, \u00e9s minden ir\u00e1nyb\u00f3l vonzz\u00e1k a tekinteteket.<\/p>\n<p>Pr\u00e9mium poli\u00e9szter anyagra nyomtatott, teljes sz\u00edn\u0171, nagy felbont\u00e1s\u00fa nyomtat\u00e1st k\u00edn\u00e1lunk, \u00edgy log\u00f3i, szlogenei \u00e9s grafik\u00e1i \u00e9l\u00e9nk \u00e9s professzion\u00e1lis megjelen\u00e9st biztos\u00edtanak. T\u00f6bb m\u00e9ret k\u00f6z\u00fcl v\u00e1laszthatja ki a t\u00f6k\u00e9letes magass\u00e1got \u00e9s sz\u00e9less\u00e9get, amely illik \u00fczlet\u00e9hez, ki\u00e1ll\u00edt\u00e1si standj\u00e1hoz, k\u00fclt\u00e9ri rendezv\u00e9ny\u00e9hez vagy \u00fatsz\u00e9li kijelz\u0151j\u00e9hez.<\/p>\n<p>A legjobb az eg\u00e9szben, hogy verhetetlen 24 \u00f3r\u00e1s \u00e1tfut\u00e1si szolg\u00e1ltat\u00e1st k\u00edn\u00e1lunk, \u00edgy a szoros hat\u00e1rid\u0151ket a min\u0151s\u00e9g fel\u00e1ldoz\u00e1sa n\u00e9lk\u00fcl tarthatja. A tervj\u00f3v\u00e1hagy\u00e1st\u00f3l a gy\u00e1rt\u00e1sig, egyszer\u0171s\u00edtett folyamatunk biztos\u00edtja a z\u00e1szl\u00f3k gyors kisz\u00e1ll\u00edt\u00e1s\u00e1t, \u00edgy k\u00e9sedelem n\u00e9lk\u00fcl megragadhatja a lehet\u0151s\u00e9geket.<\/p>\n<p>Megfizethet\u0151 \u00e1rak, tart\u00f3s anyagok \u00e9s egyszer\u0171 \u00f6sszeszerel\u00e9s teszik egyedi k\u00f6nnycsepp alak\u00fa \u00fczleti z\u00e1szl\u00f3inkat a legjobb marketingeszk\u00f6zz\u00e9 b\u00e1rmely v\u00e1llalkoz\u00e1s sz\u00e1m\u00e1ra, amely gyorsan \u00e9s mer\u00e9sz benyom\u00e1st kelt!<\/p>\n<div style=\"width: 1290px;\" class=\"wp-video\"><!--[if lt IE 9]><script>document.createElement('video');<\/script><![endif]--><br \/>\n<video class=\"wp-video-shortcode\" id=\"video-2738-1\" width=\"1290\" height=\"726\" poster=\"https:\/\/cmykprinted.com\/wp-content\/uploads\/2023\/10\/Wholesale-Teardrop-Flags-1026002.jpg\" preload=\"metadata\" controls=\"controls\"><source type=\"video\/mp4\" src=\"https:\/\/cmykprinted.com\/wp-content\/uploads\/2023\/10\/Wholesale-Teardrop-Flags.mp4?_=1\" \/><a href=\"https:\/\/cmykprinted.com\/wp-content\/uploads\/2023\/10\/Wholesale-Teardrop-Flags.mp4\">https:\/\/cmykprinted.com\/wp-content\/uploads\/2023\/10\/Wholesale-Teardrop-Flags.mp4<\/a><\/video><\/div>","protected":false},"featured_media":2741,"template":"","meta":{"_kad_post_transparent":"default","_kad_post_title":"hide","_kad_post_layout":"fullwidth","_kad_post_sidebar_id":"","_kad_post_content_style":"unboxed","_kad_post_vertical_padding":"hide","_kad_post_feature":"hide","_kad_post_feature_position":"","_kad_post_header":false,"_kad_post_footer":false},"product_cat":[64,67],"product_tag":[627,629,628],"class_list":{"0":"post-2738","1":"product","2":"type-product","3":"status-publish","4":"has-post-thumbnail","6":"product_cat-beach-flags","7":"product_cat-teardrop-flags-banners","8":"product_tag-business-flags","9":"product_tag-custom-business-flags","10":"product_tag-teardrop-business-flags","12":"first","13":"instock","14":"shipping-taxable","15":"product-type-simple","16":"entry","17":"content-bg","18":"loop-entry"},"_links":{"self":[{"href":"https:\/\/cmykprinted.com\/hu\/wp-json\/wp\/v2\/product\/2738","targetHints":{"allow":["GET"]}}],"collection":[{"href":"https:\/\/cmykprinted.com\/hu\/wp-json\/wp\/v2\/product"}],"about":[{"href":"https:\/\/cmykprinted.com\/hu\/wp-json\/wp\/v2\/types\/product"}],"version-history":[{"count":1,"href":"https:\/\/cmykprinted.com\/hu\/wp-json\/wp\/v2\/product\/2738\/revisions"}],"predecessor-version":[{"id":2742,"href":"https:\/\/cmykprinted.com\/hu\/wp-json\/wp\/v2\/product\/2738\/revisions\/2742"}],"wp:featuredmedia":[{"embeddable":true,"href":"https:\/\/cmykprinted.com\/hu\/wp-json\/wp\/v2\/media\/2741"}],"wp:attachment":[{"href":"https:\/\/cmykprinted.com\/hu\/wp-json\/wp\/v2\/media?parent=2738"}],"wp:term":[{"taxonomy":"product_cat","embeddable":true,"href":"https:\/\/cmykprinted.com\/hu\/wp-json\/wp\/v2\/product_cat?post=2738"},{"taxonomy":"product_tag","embeddable":true,"href":"https:\/\/cmykprinted.com\/hu\/wp-json\/wp\/v2\/product_tag?post=2738"}],"curies":[{"name":"wp","href":"https:\/\/api.w.org\/{rel}","templated":true}]}}