{"id":2767,"date":"2025-07-03T07:12:11","date_gmt":"2025-07-03T07:12:11","guid":{"rendered":"https:\/\/cmykprinted.com\/?post_type=product&#038;p=2767"},"modified":"2025-07-03T07:55:11","modified_gmt":"2025-07-03T07:55:11","slug":"banner-with-velcro","status":"publish","type":"product","link":"https:\/\/cmykprinted.com\/hu\/termek\/banner-tepozarral\/","title":{"rendered":"Egyedi h\u00e1tt\u00e9rbanner t\u00e9p\u0151z\u00e1rral - 30%-kal olcs\u00f3bb"},"content":{"rendered":"","protected":false},"excerpt":{"rendered":"<p>Alkosson szemet gy\u00f6ny\u00f6rk\u00f6dtet\u0151 l\u00e1tv\u00e1nytervet egyedi h\u00e1tt\u00e9rbanner\u00fcnkkel, amely praktikus t\u00e9p\u0151z\u00e1ras r\u00f6gz\u00edt\u00e9st k\u00edn\u00e1l! A k\u00f6nny\u0171 haszn\u00e1latot \u00e9s sokoldal\u00fas\u00e1got szem el\u0151tt tartva tervezt\u00fck ezt a t\u00e9p\u0151z\u00e1ras h\u00e1tt\u00e9rbannert, amely t\u00f6k\u00e9letes szakki\u00e1ll\u00edt\u00e1sokra, fot\u00f3f\u00fclk\u00e9kre, sajt\u00f3t\u00e1j\u00e9koztat\u00f3kra, \u00fczlethelyis\u00e9gekbe \u00e9s k\u00fcl\u00f6nleges esem\u00e9nyekre. Kiv\u00e1l\u00f3 min\u0151s\u00e9g\u0171, tart\u00f3s anyagb\u00f3l vagy vinilb\u0151l k\u00e9sz\u00fclt, \u00e9l\u00e9nk, teljes sz\u00edn\u0171 nyomtat\u00e1st k\u00edn\u00e1l, amely leny\u0171g\u00f6z\u0151 r\u00e9szletess\u00e9ggel mutatja be m\u00e1rk\u00e1j\u00e1t, \u00fczenet\u00e9t vagy grafik\u00e1j\u00e1t.<\/p>\n<p>A sz\u00e9leken tal\u00e1lhat\u00f3 t\u00e9p\u0151z\u00e1ras cs\u00edkok gyors telep\u00edt\u00e9st \u00e9s z\u00f6kken\u0151mentes illeszked\u00e9st biztos\u00edtanak a keretekhez vagy \u00e1llv\u00e1nyokhoz, \u00edgy k\u00f6nnyed\u00e9n, szersz\u00e1mok n\u00e9lk\u00fcl cser\u00e9lhet grafik\u00e1kat. K\u00fcl\u00f6nb\u00f6z\u0151 m\u00e9retekben kaphat\u00f3, hogy illeszkedjen a hely\u00e9hez, egyedi h\u00e1tt\u00e9rbanner\u00fcnk k\u00f6nny\u0171, hordozhat\u00f3 \u00e9s k\u00f6nnyen sz\u00e1ll\u00edthat\u00f3. Ak\u00e1r belt\u00e9ren, ak\u00e1r k\u00fclt\u00e9ren haszn\u00e1lja, meg\u0151rzi \u00e9l\u00e9nk sz\u00edneit \u00e9s tiszta l\u00e1tv\u00e1ny\u00e1t. Keltsen professzion\u00e1lis benyom\u00e1st, \u00e9s emelje marketingj\u00e9t egy olyan h\u00e1tt\u00e9rmegold\u00e1ssal, amely egyszerre praktikus \u00e9s vizu\u00e1lisan hat\u00e1sos. V\u00e1ltsa val\u00f3ra elk\u00e9pzel\u00e9s\u00e9t t\u00e9p\u0151z\u00e1ras egyedi h\u00e1tt\u00e9rbanner\u00fcnkkel m\u00e9g ma!<\/p>\n<div style=\"width: 1290px;\" class=\"wp-video\"><!--[if lt IE 9]><script>document.createElement('video');<\/script><![endif]--><br \/>\n<video class=\"wp-video-shortcode\" id=\"video-2767-1\" width=\"1290\" height=\"726\" loop autoplay preload=\"auto\" controls=\"controls\"><source type=\"video\/mp4\" src=\"http:\/\/cmykprinted.com\/wp-content\/uploads\/2022\/12\/vinyl-PVC-banners.mp4?_=1\" \/><a href=\"http:\/\/cmykprinted.com\/wp-content\/uploads\/2022\/12\/vinyl-PVC-banners.mp4\">http:\/\/cmykprinted.com\/wp-content\/uploads\/2022\/12\/vinyl-PVC-banners.mp4<\/a><\/video><\/div>\n<p>&nbsp;<\/p>","protected":false},"featured_media":2772,"template":"","meta":{"_kad_post_transparent":"default","_kad_post_title":"hide","_kad_post_layout":"fullwidth","_kad_post_sidebar_id":"","_kad_post_content_style":"unboxed","_kad_post_vertical_padding":"hide","_kad_post_feature":"hide","_kad_post_feature_position":"","_kad_post_header":false,"_kad_post_footer":false},"product_cat":[85,90,91,89],"product_tag":[637,638],"class_list":{"0":"post-2767","1":"product","2":"type-product","3":"status-publish","4":"has-post-thumbnail","6":"product_cat-outdoor-vinyl-banners","7":"product_cat-glossy-pvc-banners","8":"product_cat-matte-vinyl-banners","9":"product_cat-pvc-banners","10":"product_tag-banner-with-velcro","11":"product_tag-custom-backdrop-banner","13":"first","14":"instock","15":"shipping-taxable","16":"product-type-simple","17":"entry","18":"content-bg","19":"loop-entry"},"_links":{"self":[{"href":"https:\/\/cmykprinted.com\/hu\/wp-json\/wp\/v2\/product\/2767","targetHints":{"allow":["GET"]}}],"collection":[{"href":"https:\/\/cmykprinted.com\/hu\/wp-json\/wp\/v2\/product"}],"about":[{"href":"https:\/\/cmykprinted.com\/hu\/wp-json\/wp\/v2\/types\/product"}],"version-history":[{"count":1,"href":"https:\/\/cmykprinted.com\/hu\/wp-json\/wp\/v2\/product\/2767\/revisions"}],"predecessor-version":[{"id":2775,"href":"https:\/\/cmykprinted.com\/hu\/wp-json\/wp\/v2\/product\/2767\/revisions\/2775"}],"wp:featuredmedia":[{"embeddable":true,"href":"https:\/\/cmykprinted.com\/hu\/wp-json\/wp\/v2\/media\/2772"}],"wp:attachment":[{"href":"https:\/\/cmykprinted.com\/hu\/wp-json\/wp\/v2\/media?parent=2767"}],"wp:term":[{"taxonomy":"product_cat","embeddable":true,"href":"https:\/\/cmykprinted.com\/hu\/wp-json\/wp\/v2\/product_cat?post=2767"},{"taxonomy":"product_tag","embeddable":true,"href":"https:\/\/cmykprinted.com\/hu\/wp-json\/wp\/v2\/product_tag?post=2767"}],"curies":[{"name":"wp","href":"https:\/\/api.w.org\/{rel}","templated":true}]}}