{"id":2776,"date":"2025-07-03T08:36:07","date_gmt":"2025-07-03T08:36:07","guid":{"rendered":"https:\/\/cmykprinted.com\/?post_type=product&#038;p=2776"},"modified":"2025-07-03T08:41:55","modified_gmt":"2025-07-03T08:41:55","slug":"street-pole-banners","status":"publish","type":"product","link":"https:\/\/cmykprinted.com\/hu\/termek\/utcalampa-zaszlok\/","title":{"rendered":"Kiv\u00e1l\u00f3 min\u0151s\u00e9g\u0171 utcai oszlopos bannerek olcs\u00f3 gy\u00e1ri \u00e1ron"},"content":{"rendered":"","protected":false},"excerpt":{"rendered":"<p>Tedd \u00e9l\u00e9nkk\u00e9 utc\u00e1idat, \u00e9s emeld ki \u00fczenetedet kiv\u00e1l\u00f3 min\u0151s\u00e9g\u0171 utcai oszlopokra helyezhet\u0151 bannereinkkel, verhetetlen gy\u00e1ri \u00e1ron! Tart\u00f3s, id\u0151j\u00e1r\u00e1s\u00e1ll\u00f3 anyagokb\u00f3l, p\u00e9ld\u00e1ul nagy teherb\u00edr\u00e1s\u00fa vinilb\u0151l vagy poli\u00e9szter sz\u00f6vetb\u0151l k\u00e9sz\u00fcltek, \u00edgy ellen\u00e1llnak a napnak, a sz\u00e9lnek, az es\u0151nek \u00e9s a h\u00f3nak, \u00edgy hossz\u00fa \u00e9lettartamot biztos\u00edtanak k\u00fclt\u00e9ren.<\/p>\n<p>\u00c9l\u00e9nk, nagy felbont\u00e1s\u00fa sz\u00ednekkel nyomtatva vonzz\u00e1k a figyelmet, \u00e9s \u00e9letre keltik terveit, log\u00f3it vagy prom\u00f3ci\u00f3s \u00fczeneteit. Minden egyes bannert a k\u00edv\u00e1nt m\u00e9retre \u00e9s form\u00e1ra k\u00e9sz\u00edt\u00fcnk, meger\u0151s\u00edtett sz\u00e9lekkel \u00e9s r\u00fadzsebekkel a l\u00e1mpaoszlopokra, utcai oszlopokra vagy villanyoszlopokra val\u00f3 biztons\u00e1gos r\u00f6gz\u00edt\u00e9s \u00e9rdek\u00e9ben. Utcai oszlopokra sz\u00e1nt bannereink t\u00f6k\u00e9letesek v\u00e1rossz\u00e9p\u00edt\u00e9shez, szezon\u00e1lis dekor\u00e1ci\u00f3hoz, \u00fczleti prom\u00f3ci\u00f3khoz vagy rendezv\u00e9nyhirdet\u00e9sekhez, a pr\u00e9mium min\u0151s\u00e9get a megfizethet\u0151, k\u00f6zvetlen\u00fcl a gy\u00e1rb\u00f3l sz\u00e1rmaz\u00f3 \u00e1rakkal \u00f6tv\u00f6zik. Fokozza k\u00f6z\u00f6ss\u00e9ge megjelen\u00e9s\u00e9t, vagy n\u00f6velje m\u00e1rk\u00e1ja l\u00e1that\u00f3s\u00e1g\u00e1t an\u00e9lk\u00fcl, hogy t\u00fall\u00e9pn\u00e9 a k\u00f6lts\u00e9gvet\u00e9s\u00e9t.<\/p>\n<p>B\u00edzza r\u00e1nk a kiv\u00e1l\u00f3 min\u0151s\u00e9g\u0171 utcai oszlopokra val\u00f3 bannereket, amelyek maxim\u00e1lis hat\u00e1st biztos\u00edtanak alacsony \u00e1ron!<\/p>\n<p>&nbsp;<\/p>\n<p>&nbsp;<\/p>","protected":false},"featured_media":2782,"template":"","meta":{"_kad_post_transparent":"default","_kad_post_title":"hide","_kad_post_layout":"fullwidth","_kad_post_sidebar_id":"","_kad_post_content_style":"unboxed","_kad_post_vertical_padding":"hide","_kad_post_feature":"hide","_kad_post_feature_position":"","_kad_post_header":false,"_kad_post_footer":false},"product_cat":[85,90,91,89],"product_tag":[640,639],"class_list":{"0":"post-2776","1":"product","2":"type-product","3":"status-publish","4":"has-post-thumbnail","6":"product_cat-outdoor-vinyl-banners","7":"product_cat-glossy-pvc-banners","8":"product_cat-matte-vinyl-banners","9":"product_cat-pvc-banners","10":"product_tag-pole-banners","11":"product_tag-street-pole-banners","13":"first","14":"instock","15":"shipping-taxable","16":"product-type-simple","17":"entry","18":"content-bg","19":"loop-entry"},"_links":{"self":[{"href":"https:\/\/cmykprinted.com\/hu\/wp-json\/wp\/v2\/product\/2776","targetHints":{"allow":["GET"]}}],"collection":[{"href":"https:\/\/cmykprinted.com\/hu\/wp-json\/wp\/v2\/product"}],"about":[{"href":"https:\/\/cmykprinted.com\/hu\/wp-json\/wp\/v2\/types\/product"}],"version-history":[{"count":1,"href":"https:\/\/cmykprinted.com\/hu\/wp-json\/wp\/v2\/product\/2776\/revisions"}],"predecessor-version":[{"id":2783,"href":"https:\/\/cmykprinted.com\/hu\/wp-json\/wp\/v2\/product\/2776\/revisions\/2783"}],"wp:featuredmedia":[{"embeddable":true,"href":"https:\/\/cmykprinted.com\/hu\/wp-json\/wp\/v2\/media\/2782"}],"wp:attachment":[{"href":"https:\/\/cmykprinted.com\/hu\/wp-json\/wp\/v2\/media?parent=2776"}],"wp:term":[{"taxonomy":"product_cat","embeddable":true,"href":"https:\/\/cmykprinted.com\/hu\/wp-json\/wp\/v2\/product_cat?post=2776"},{"taxonomy":"product_tag","embeddable":true,"href":"https:\/\/cmykprinted.com\/hu\/wp-json\/wp\/v2\/product_tag?post=2776"}],"curies":[{"name":"wp","href":"https:\/\/api.w.org\/{rel}","templated":true}]}}