{"id":2784,"date":"2025-07-07T02:32:54","date_gmt":"2025-07-07T02:32:54","guid":{"rendered":"https:\/\/cmykprinted.com\/?post_type=product&#038;p=2784"},"modified":"2025-07-07T02:35:29","modified_gmt":"2025-07-07T02:35:29","slug":"street-light-pole-banner","status":"publish","type":"product","link":"https:\/\/cmykprinted.com\/hu\/termek\/utcai-vilagitooszlop-molino\/","title":{"rendered":"Olcs\u00f3 \u00e1r\u00fa utcai l\u00e1mpaoszlop banner konzolokkal"},"content":{"rendered":"","protected":false},"excerpt":{"rendered":"<p>K\u00f6lts\u00e9gk\u00edm\u00e9l\u0151, m\u00e9gis hat\u00e1sos m\u00f3dot keres m\u00e1rk\u00e1ja bemutat\u00e1s\u00e1ra, rendezv\u00e9nyek n\u00e9pszer\u0171s\u00edt\u00e9s\u00e9re vagy a v\u00e1ros utc\u00e1inak d\u00edsz\u00edt\u00e9s\u00e9re? Olcs\u00f3, konzolos utcai l\u00e1mpaoszlop-bannereink a t\u00f6k\u00e9letes megold\u00e1st jelentik.<\/p>\n<p>Tart\u00f3s, id\u0151j\u00e1r\u00e1s\u00e1ll\u00f3 anyagokb\u00f3l, p\u00e9ld\u00e1ul nagy teherb\u00edr\u00e1s\u00fa vinilb\u0151l vagy poli\u00e9szter sz\u00f6vetb\u0151l k\u00e9sz\u00fcltek, ezek a bannerek \u00e9l\u00e9nk, tart\u00f3s nyomatokat biztos\u00edtanak, amelyek ellen\u00e1llnak a napnak, az es\u0151nek \u00e9s a sz\u00e9lnek. Minden k\u00e9szlethez massz\u00edv konzolok tartoznak a biztons\u00e1gos \u00e9s egyszer\u0171 r\u00f6gz\u00edt\u00e9shez k\u00fcl\u00f6nb\u00f6z\u0151 m\u00e9ret\u0171 oszlopokra, \u00edgy ide\u00e1lisak utc\u00e1kra, parkol\u00f3kba, egyetemekre, bev\u00e1s\u00e1rl\u00f3negyedekbe \u00e9s egyebekbe.<\/p>\n<p>F\u0151bb jellemz\u0151k:<br \/>\n1. K\u00f6lts\u00e9ghat\u00e9kony marketing \u2013 Nagy l\u00e1that\u00f3s\u00e1g megfizethet\u0151 \u00e1ron.<\/p>\n<p>2. Egyedi nyomtat\u00e1s \u2013 Teljes sz\u00edn\u0171 grafika az egyedi \u00fczenet vagy m\u00e1rka kiemel\u00e9s\u00e9re.<\/p>\n<p>3. Tart\u00f3s anyagok \u2013 \u00dagy tervezt\u00e9k, hogy ellen\u00e1lljon a k\u00fclt\u00e9ri k\u00f6r\u00fclm\u00e9nyeknek hosszabb ideig tart\u00f3 haszn\u00e1lat eset\u00e9n.<\/p>\n<p>4. K\u00f6nny\u0171 telep\u00edt\u00e9s \u2013 Megb\u00edzhat\u00f3 konzolokat tartalmaz a gyors r\u00f6gz\u00edt\u00e9shez.<\/p>\n<p>5. Sokoldal\u00fa alkalmaz\u00e1sok \u2013 T\u00f6k\u00e9letes szezon\u00e1lis prom\u00f3ci\u00f3khoz, fesztiv\u00e1lokhoz, k\u00f6z\u00e9leti b\u00fcszkes\u00e9ghez \u00e9s \u00fczleti hirdet\u00e9sekhez.<\/p>\n<p>Ne hagyja, hogy a k\u00f6lts\u00e9gvet\u00e9si korl\u00e1tok korl\u00e1tozz\u00e1k a l\u00e1that\u00f3s\u00e1g\u00e1t. Olcs\u00f3, konzolos utcai l\u00e1mpaoszlop-bannereinkkel felh\u00edvhatja mag\u00e1ra a figyelmet \u00e9s n\u00f6velheti \u00fczenet\u00e9t an\u00e9lk\u00fcl, hogy t\u00falk\u00f6ltekezne. Vegye fel vel\u00fcnk a kapcsolatot m\u00e9g ma egyedi m\u00e9retek\u00e9rt, tervek\u00e9rt \u00e9s ingyenes \u00e1raj\u00e1nlat\u00e9rt!<\/p>\n<figure id=\"attachment_2785\" aria-describedby=\"caption-attachment-2785\" style=\"width: 1000px\" class=\"wp-caption alignnone\"><img fetchpriority=\"high\" decoding=\"async\" class=\"size-full wp-image-2785\" src=\"https:\/\/cmykprinted.com\/wp-content\/uploads\/2025\/07\/Street-Light-Pole-Banner.jpg\" alt=\"Utcai l\u00e1mpaoszlop banner\" width=\"1000\" height=\"560\" srcset=\"https:\/\/cmykprinted.com\/wp-content\/uploads\/2025\/07\/Street-Light-Pole-Banner.jpg 1000w, https:\/\/cmykprinted.com\/wp-content\/uploads\/2025\/07\/Street-Light-Pole-Banner-300x168.jpg 300w, https:\/\/cmykprinted.com\/wp-content\/uploads\/2025\/07\/Street-Light-Pole-Banner-768x430.jpg 768w, https:\/\/cmykprinted.com\/wp-content\/uploads\/2025\/07\/Street-Light-Pole-Banner-18x10.jpg 18w, https:\/\/cmykprinted.com\/wp-content\/uploads\/2025\/07\/Street-Light-Pole-Banner-600x336.jpg 600w\" sizes=\"(max-width: 1000px) 100vw, 1000px\" \/><figcaption id=\"caption-attachment-2785\" class=\"wp-caption-text\">Utcai l\u00e1mpaoszlop banner<\/figcaption><\/figure>\n<p>&nbsp;<\/p>","protected":false},"featured_media":2786,"template":"","meta":{"_kad_post_transparent":"default","_kad_post_title":"hide","_kad_post_layout":"fullwidth","_kad_post_sidebar_id":"","_kad_post_content_style":"unboxed","_kad_post_vertical_padding":"hide","_kad_post_feature":"hide","_kad_post_feature_position":"","_kad_post_header":false,"_kad_post_footer":false},"product_cat":[85,90,91,89],"product_tag":[642,641],"class_list":{"0":"post-2784","1":"product","2":"type-product","3":"status-publish","4":"has-post-thumbnail","6":"product_cat-outdoor-vinyl-banners","7":"product_cat-glossy-pvc-banners","8":"product_cat-matte-vinyl-banners","9":"product_cat-pvc-banners","10":"product_tag-light-pole-banner-with-brackets","11":"product_tag-street-light-pole-banner","13":"first","14":"instock","15":"shipping-taxable","16":"product-type-simple","17":"entry","18":"content-bg","19":"loop-entry"},"_links":{"self":[{"href":"https:\/\/cmykprinted.com\/hu\/wp-json\/wp\/v2\/product\/2784","targetHints":{"allow":["GET"]}}],"collection":[{"href":"https:\/\/cmykprinted.com\/hu\/wp-json\/wp\/v2\/product"}],"about":[{"href":"https:\/\/cmykprinted.com\/hu\/wp-json\/wp\/v2\/types\/product"}],"version-history":[{"count":1,"href":"https:\/\/cmykprinted.com\/hu\/wp-json\/wp\/v2\/product\/2784\/revisions"}],"predecessor-version":[{"id":2789,"href":"https:\/\/cmykprinted.com\/hu\/wp-json\/wp\/v2\/product\/2784\/revisions\/2789"}],"wp:featuredmedia":[{"embeddable":true,"href":"https:\/\/cmykprinted.com\/hu\/wp-json\/wp\/v2\/media\/2786"}],"wp:attachment":[{"href":"https:\/\/cmykprinted.com\/hu\/wp-json\/wp\/v2\/media?parent=2784"}],"wp:term":[{"taxonomy":"product_cat","embeddable":true,"href":"https:\/\/cmykprinted.com\/hu\/wp-json\/wp\/v2\/product_cat?post=2784"},{"taxonomy":"product_tag","embeddable":true,"href":"https:\/\/cmykprinted.com\/hu\/wp-json\/wp\/v2\/product_tag?post=2784"}],"curies":[{"name":"wp","href":"https:\/\/api.w.org\/{rel}","templated":true}]}}