{"id":2790,"date":"2025-07-07T09:16:58","date_gmt":"2025-07-07T09:16:58","guid":{"rendered":"https:\/\/cmykprinted.com\/?post_type=product&#038;p=2790"},"modified":"2025-07-08T00:21:16","modified_gmt":"2025-07-08T00:21:16","slug":"double-sided-vinyl-banners","status":"publish","type":"product","link":"https:\/\/cmykprinted.com\/hu\/termek\/ketoldalas-vinil-molinok\/","title":{"rendered":"18 unci\u00e1s k\u00e9toldalas vinil bannerek 11 doll\u00e1r\u00e9rt"},"content":{"rendered":"","protected":false},"excerpt":{"rendered":"<p>A marketing \u00e9s prom\u00f3ci\u00f3 dinamikus vil\u00e1g\u00e1ban a mer\u00e9sz kijelent\u00e9s \u00e9s a figyelemfelkelt\u00e9s kiemelked\u0151 fontoss\u00e1g\u00fa. \u00cdme a 18 unci\u00e1s k\u00e9toldalas vinil bannerjeink \u2013 a t\u00f6k\u00e9letes megold\u00e1s v\u00e1llalkoz\u00e1sok, rendezv\u00e9nyek \u00e9s mag\u00e1nszem\u00e9lyek sz\u00e1m\u00e1ra, akik kit\u00f6r\u00f6lhetetlen nyomot szeretn\u00e9nek hagyni maguk ut\u00e1n.<\/p>\n<p>A prec\u00edzen elk\u00e9sz\u00edtett \u00e9s a kiv\u00e1l\u00f3s\u00e1gra tervezett bannerek nem csup\u00e1n vinildarabok; hat\u00e9kony eszk\u00f6z\u00f6k, amelyek \u00faj magass\u00e1gokba emelik \u00fczenet\u00e9t.<\/p>\n<p>18 unci\u00e1s k\u00e9toldalas vinil bannereink k\u00f6z\u00e9ppontj\u00e1ban a kiv\u00e9teles tart\u00f3ss\u00e1g \u00e1ll. Kiv\u00e1l\u00f3 min\u0151s\u00e9g\u0171, strapab\u00edr\u00f3 vinil anyagb\u00f3l k\u00e9sz\u00fcltek, \u00edgy ezek a bannerek a legzordabb elemeknek is ellen\u00e1llnak. Legyen sz\u00f3 perzsel\u0151 napr\u00f3l, zuhog\u00f3 es\u0151r\u0151l, er\u0151s sz\u00e9lr\u0151l vagy fagyos h\u0151m\u00e9rs\u00e9kletr\u0151l, bannereink s\u00e9rtetlenek \u00e9s \u00e9l\u00e9nkek maradnak. A 18 unci\u00e1s s\u00faly massz\u00edv \u00e9s robusztus szerkezetet biztos\u00edt, biztos\u00edtva, hogy bannered nem szakad, foszlik \u00e9s nem fakul ki k\u00f6nnyen.<\/p>\n<p>Ez a tart\u00f3ss\u00e1g ide\u00e1liss\u00e1 teszi \u0151ket r\u00f6vid \u00e9s hossz\u00fa t\u00e1v\u00fa k\u00fclt\u00e9ri haszn\u00e1latra egyar\u00e1nt. P\u00e9ld\u00e1ul, ha szezon\u00e1lis le\u00e1raz\u00e1st hirdetsz a kirakatod el\u0151tt, a banner a kamp\u00e1ny teljes ideje alatt meg\u0151rzi integrit\u00e1s\u00e1t. Vagy ha egy nagyszab\u00e1s\u00fa esem\u00e9ny helysz\u00edn\u00e9nek megjel\u00f6l\u00e9s\u00e9re haszn\u00e1lod t\u00f6bb napon kereszt\u00fcl, biztos lehetsz benne, hogy tov\u00e1bbra is remek\u00fcl fog kin\u00e9zni, \u00e9s vil\u00e1gosan k\u00f6zvet\u00edti az \u00fczenetedet.<\/p>\n<p>Ezeknek a bannereknek a k\u00e9toldalas jellege megdupl\u00e1zza a hat\u00e1st. B\u00e1rmelyik ir\u00e1nyb\u00f3l is k\u00f6zeledik a k\u00f6z\u00f6ns\u00e9g, egy\u00e9rtelm\u0171 \u00e9s meggy\u0151z\u0151 \u00fczenet fogadja \u0151ket. Ez k\u00fcl\u00f6n\u00f6sen el\u0151ny\u00f6s a nagy forgalm\u00fa ter\u00fcleteken, p\u00e9ld\u00e1ul forgalmas utc\u00e1kon, keresztez\u0151d\u00e9sekben vagy fesztiv\u00e1lok \u00e9s v\u00e1s\u00e1rok nagy, nyitott ter\u00fcletein.<\/p>\n<p>Maximaliz\u00e1lja m\u00e1rk\u00e1d, term\u00e9ked vagy esem\u00e9nyed l\u00e1that\u00f3s\u00e1g\u00e1t, biztos\u00edtva, hogy marketingbefektet\u00e9sed t\u00f6bbet \u00e9rjen.<\/p>\n<figure id=\"attachment_2785\" aria-describedby=\"caption-attachment-2785\" style=\"width: 1000px\" class=\"wp-caption alignnone\"><img fetchpriority=\"high\" decoding=\"async\" class=\"size-full wp-image-2785\" src=\"https:\/\/cmykprinted.com\/wp-content\/uploads\/2025\/07\/Street-Light-Pole-Banner.jpg\" alt=\" K\u00e9toldalas vinil bannerek\" width=\"1000\" height=\"560\" srcset=\"https:\/\/cmykprinted.com\/wp-content\/uploads\/2025\/07\/Street-Light-Pole-Banner.jpg 1000w, https:\/\/cmykprinted.com\/wp-content\/uploads\/2025\/07\/Street-Light-Pole-Banner-300x168.jpg 300w, https:\/\/cmykprinted.com\/wp-content\/uploads\/2025\/07\/Street-Light-Pole-Banner-768x430.jpg 768w, https:\/\/cmykprinted.com\/wp-content\/uploads\/2025\/07\/Street-Light-Pole-Banner-18x10.jpg 18w, https:\/\/cmykprinted.com\/wp-content\/uploads\/2025\/07\/Street-Light-Pole-Banner-600x336.jpg 600w\" sizes=\"(max-width: 1000px) 100vw, 1000px\" \/><figcaption id=\"caption-attachment-2785\" class=\"wp-caption-text\">K\u00e9toldalas vinil bannerek<\/figcaption><\/figure>","protected":false},"featured_media":2792,"template":"","meta":{"_kad_post_transparent":"default","_kad_post_title":"hide","_kad_post_layout":"fullwidth","_kad_post_sidebar_id":"","_kad_post_content_style":"unboxed","_kad_post_vertical_padding":"hide","_kad_post_feature":"hide","_kad_post_feature_position":"","_kad_post_header":false,"_kad_post_footer":false},"product_cat":[85,90,91,89],"product_tag":[644,645,643],"class_list":{"0":"post-2790","1":"product","2":"type-product","3":"status-publish","4":"has-post-thumbnail","6":"product_cat-outdoor-vinyl-banners","7":"product_cat-glossy-pvc-banners","8":"product_cat-matte-vinyl-banners","9":"product_cat-pvc-banners","10":"product_tag-18-oz-vinyl-banners","11":"product_tag-double-sided-banners","12":"product_tag-double-sided-vinyl-banners","14":"first","15":"instock","16":"shipping-taxable","17":"product-type-simple","18":"entry","19":"content-bg","20":"loop-entry"},"_links":{"self":[{"href":"https:\/\/cmykprinted.com\/hu\/wp-json\/wp\/v2\/product\/2790","targetHints":{"allow":["GET"]}}],"collection":[{"href":"https:\/\/cmykprinted.com\/hu\/wp-json\/wp\/v2\/product"}],"about":[{"href":"https:\/\/cmykprinted.com\/hu\/wp-json\/wp\/v2\/types\/product"}],"version-history":[{"count":1,"href":"https:\/\/cmykprinted.com\/hu\/wp-json\/wp\/v2\/product\/2790\/revisions"}],"predecessor-version":[{"id":2796,"href":"https:\/\/cmykprinted.com\/hu\/wp-json\/wp\/v2\/product\/2790\/revisions\/2796"}],"wp:featuredmedia":[{"embeddable":true,"href":"https:\/\/cmykprinted.com\/hu\/wp-json\/wp\/v2\/media\/2792"}],"wp:attachment":[{"href":"https:\/\/cmykprinted.com\/hu\/wp-json\/wp\/v2\/media?parent=2790"}],"wp:term":[{"taxonomy":"product_cat","embeddable":true,"href":"https:\/\/cmykprinted.com\/hu\/wp-json\/wp\/v2\/product_cat?post=2790"},{"taxonomy":"product_tag","embeddable":true,"href":"https:\/\/cmykprinted.com\/hu\/wp-json\/wp\/v2\/product_tag?post=2790"}],"curies":[{"name":"wp","href":"https:\/\/api.w.org\/{rel}","templated":true}]}}