{"id":2810,"date":"2025-07-10T09:30:52","date_gmt":"2025-07-10T09:30:52","guid":{"rendered":"https:\/\/cmykprinted.com\/?post_type=product&#038;p=2810"},"modified":"2025-07-10T09:30:52","modified_gmt":"2025-07-10T09:30:52","slug":"breakaway-banner-for-football","status":"publish","type":"product","link":"https:\/\/cmykprinted.com\/hu\/termek\/atszakado-molino-focihoz\/","title":{"rendered":"Breakaway banner focihoz versenyk\u00e9pes \u00e1ron"},"content":{"rendered":"","protected":false},"excerpt":{"rendered":"<p>P\u00e1ratlan izgalmat \u00e9s csapatszellemet szeretn\u00e9l vinni a futballm\u00e9rk\u0151z\u00e9seidbe an\u00e9lk\u00fcl, hogy t\u00falterheln\u00e9d a k\u00f6lts\u00e9gvet\u00e9sedet? Breakaway focibannereink t\u00f6k\u00e9letes megold\u00e1st k\u00edn\u00e1lnak versenyk\u00e9pes \u00e1ron. A dr\u00e1mai j\u00e1t\u00e9kosok bevonul\u00e1s\u00e1hoz tervezett bannerek izgalmas l\u00e1tv\u00e1nyoss\u00e1got teremtenek, amely energikuss\u00e1 teszi a sportol\u00f3kat \u00e9s a szurkol\u00f3kat egyar\u00e1nt.<\/p>\n<p>Leny\u0171g\u00f6z\u0151 meccsnapi pillanatokat teremthetsz<\/p>\n<p>Futball-transzparenseink kiv\u00e1l\u00f3 min\u0151s\u00e9g\u0171, tart\u00f3s anyagb\u00f3l k\u00e9sz\u00fclnek, amely meccsr\u0151l meccsre ism\u00e9telt haszn\u00e1latot b\u00edr. A transzparens k\u00e9t panelb\u0151l \u00e1ll, amelyek t\u00e9p\u0151z\u00e1rral r\u00f6gz\u00edthet\u0151k, lehet\u0151v\u00e9 t\u00e9ve a j\u00e1t\u00e9kosok sz\u00e1m\u00e1ra, hogy k\u00f6z\u00e9pen \u00e1tt\u00f6rve robban\u00e1sszer\u0171 p\u00e1ly\u00e1ra l\u00e9p\u00e9st tegyenek. Ez egy felejthetetlen m\u00f3dja annak, hogy megmutassuk a csapat b\u00fcszkes\u00e9g\u00e9t \u00e9s felpezsd\u00edts\u00fck a k\u00f6z\u00f6ns\u00e9get.<\/p>\n<p>K\u00f6nnyen be\u00e1ll\u00edthat\u00f3 \u00e9s \u00fajrafelhaszn\u00e1lhat\u00f3<\/p>\n<p>Minden egyes sz\u00e9tszedhet\u0151 futballbanneren mindk\u00e9t oldalon zsebek tal\u00e1lhat\u00f3k a tart\u00f3rudak sz\u00e1m\u00e1ra. A rudak a talajba r\u00f6gz\u00edthet\u0151k a stabilit\u00e1s \u00e9rdek\u00e9ben, m\u00edg a pompoml\u00e1nyok vagy a szem\u00e9lyzet \u00e1ltal tartott k\u00f6telek tartj\u00e1k a tetej\u00e9t. A fel\u00e1ll\u00edt\u00e1s gyors \u00e9s egyszer\u0171, \u00edgy perceken bel\u00fcl k\u00e9szen \u00e1llsz a kezd\u0151r\u00fag\u00e1sra. A m\u00e9rk\u0151z\u00e9s ut\u00e1n egyszer\u0171en r\u00f6gz\u00edtsd vissza a paneleket, \u00e9s tekerd fel a transzparenst a kompakt t\u00e1rol\u00e1shoz.<\/p>\n<p>\u00c9l\u00e9nk, egyedi nyomtat\u00e1s<\/p>\n<p>Teljes sz\u00edn\u0171, nagy felbont\u00e1s\u00fa nyomtat\u00e1st k\u00edn\u00e1lunk, \u00edgy szem\u00e9lyre szabhatod a banneredet csapatlog\u00f3kkal, iskolanevekkel, kabalafigur\u00e1kkal, szlogenekkel vagy szponzorgrafik\u00e1kkal. Az \u00e9l\u00e9nk nyomatok t\u00f6bbsz\u00f6ri haszn\u00e1lat ut\u00e1n is \u00e9l\u00e9nkek \u00e9s figyelemfelkelt\u0151ek maradnak, seg\u00edtve csapatodat kit\u0171nni a p\u00e1ly\u00e1n.<\/p>\n<div style=\"width: 960px;\" class=\"wp-video\"><!--[if lt IE 9]><script>document.createElement('video');<\/script><![endif]--><br \/>\n<video class=\"wp-video-shortcode\" id=\"video-2810-1\" width=\"960\" height=\"540\" preload=\"metadata\" controls=\"controls\"><source type=\"video\/mp4\" src=\"https:\/\/cmykprinted.com\/wp-content\/uploads\/2025\/07\/Breakaway-Banners.mp4?_=1\" \/><a href=\"https:\/\/cmykprinted.com\/wp-content\/uploads\/2025\/07\/Breakaway-Banners.mp4\">https:\/\/cmykprinted.com\/wp-content\/uploads\/2025\/07\/Breakaway-Banners.mp4<\/a><\/video><\/div>","protected":false},"featured_media":2816,"template":"","meta":{"_kad_post_transparent":"default","_kad_post_title":"hide","_kad_post_layout":"fullwidth","_kad_post_sidebar_id":"","_kad_post_content_style":"unboxed","_kad_post_vertical_padding":"hide","_kad_post_feature":"hide","_kad_post_feature_position":"","_kad_post_header":false,"_kad_post_footer":false},"product_cat":[79],"product_tag":[650,649],"class_list":{"0":"post-2810","1":"product","2":"type-product","3":"status-publish","4":"has-post-thumbnail","6":"product_cat-custom-flags","7":"product_tag-breakaway-banner","8":"product_tag-breakaway-banner-for-football","10":"first","11":"instock","12":"shipping-taxable","13":"product-type-simple","14":"entry","15":"content-bg","16":"loop-entry"},"_links":{"self":[{"href":"https:\/\/cmykprinted.com\/hu\/wp-json\/wp\/v2\/product\/2810","targetHints":{"allow":["GET"]}}],"collection":[{"href":"https:\/\/cmykprinted.com\/hu\/wp-json\/wp\/v2\/product"}],"about":[{"href":"https:\/\/cmykprinted.com\/hu\/wp-json\/wp\/v2\/types\/product"}],"version-history":[{"count":1,"href":"https:\/\/cmykprinted.com\/hu\/wp-json\/wp\/v2\/product\/2810\/revisions"}],"predecessor-version":[{"id":2820,"href":"https:\/\/cmykprinted.com\/hu\/wp-json\/wp\/v2\/product\/2810\/revisions\/2820"}],"wp:featuredmedia":[{"embeddable":true,"href":"https:\/\/cmykprinted.com\/hu\/wp-json\/wp\/v2\/media\/2816"}],"wp:attachment":[{"href":"https:\/\/cmykprinted.com\/hu\/wp-json\/wp\/v2\/media?parent=2810"}],"wp:term":[{"taxonomy":"product_cat","embeddable":true,"href":"https:\/\/cmykprinted.com\/hu\/wp-json\/wp\/v2\/product_cat?post=2810"},{"taxonomy":"product_tag","embeddable":true,"href":"https:\/\/cmykprinted.com\/hu\/wp-json\/wp\/v2\/product_tag?post=2810"}],"curies":[{"name":"wp","href":"https:\/\/api.w.org\/{rel}","templated":true}]}}