{"id":2821,"date":"2025-07-16T07:13:11","date_gmt":"2025-07-16T07:13:11","guid":{"rendered":"https:\/\/cmykprinted.com\/?post_type=product&#038;p=2821"},"modified":"2025-07-16T07:13:11","modified_gmt":"2025-07-16T07:13:11","slug":"branded-backdrops","status":"publish","type":"product","link":"https:\/\/cmykprinted.com\/hu\/termek\/markazott-hatterkepek\/","title":{"rendered":"Olcs\u00f3, egyedi m\u00e1rk\u00e1s h\u00e1tterek sportesem\u00e9nyekre"},"content":{"rendered":"","protected":false},"excerpt":{"rendered":"<p>Az egyedi m\u00e1rk\u00e1s sportesem\u00e9nyekre sz\u00e1nt h\u00e1tterek t\u00f6k\u00e9letes megold\u00e1st jelentenek m\u00e1rk\u00e1ja l\u00e1that\u00f3s\u00e1g\u00e1nak n\u00f6vel\u00e9s\u00e9re \u00e9s professzion\u00e1lis l\u00e9gk\u00f6r megteremt\u00e9s\u00e9re b\u00e1rmely sportl\u00e9tes\u00edtm\u00e9nyben. Kiv\u00e1l\u00f3 min\u0151s\u00e9g\u0171 anyagb\u00f3l \u00e9s teljes sz\u00edn\u0171 szublim\u00e1ci\u00f3s nyomtat\u00e1ssal k\u00e9sz\u00fclt h\u00e1tterek \u00e9l\u00e9nk, tisztas\u00e1ggal mutatj\u00e1k be a log\u00f3kat, szponzorokat, csapatneveket \u00e9s prom\u00f3ci\u00f3s \u00fczeneteket.<\/p>\n<p>Ak\u00e1r p\u00f3diumok m\u00f6g\u00f6tt, sajt\u00f3t\u00e1j\u00e9koztat\u00f3 ter\u00fcleteken, fot\u00f3z\u00f3n\u00e1kban vagy bej\u00e1ratokn\u00e1l haszn\u00e1lj\u00e1k \u0151ket, seg\u00edtenek felh\u00edvni a figyelmet, \u00e9s ide\u00e1lis m\u00e9diabar\u00e1t k\u00f6rnyezetet biztos\u00edtanak.<\/p>\n<p>H\u00e1tt\u00e9rk\u00e9peink k\u00fcl\u00f6nb\u00f6z\u0151 m\u00e9retekben kaphat\u00f3k, \u00e9s az \u00d6n rendezv\u00e9ny\u00e9nek egyedi ig\u00e9nyeihez igaz\u00edthat\u00f3k. K\u00f6nny\u0171ek, hordozhat\u00f3ak \u00e9s k\u00f6nnyen fel\u00e1ll\u00edthat\u00f3k, alum\u00ednium kerettel vagy fesz\u00edt\u0151sz\u00f6vet-rendszerrel kaphat\u00f3k a gyors telep\u00edt\u00e9s \u00e9s a gy\u0171r\u0151d\u00e9smentes fel\u00fclet \u00e9rdek\u00e9ben. Ide\u00e1lisak belt\u00e9ri \u00e9s k\u00fclt\u00e9ri sportesem\u00e9nyekhez egyar\u00e1nt, ezek az egyedi kijelz\u0151k tart\u00f3sak \u00e9s \u00fajrafelhaszn\u00e1lhat\u00f3k.<\/p>\n<p>N\u00f6velje m\u00e1rk\u00e1ja hat\u00e1s\u00e1t, \u00e9s hozzon l\u00e9tre egys\u00e9ges vizu\u00e1lis identit\u00e1st egyedi sportesem\u00e9ny-h\u00e1ttereinkkel.<\/p>\n<div style=\"width: 720px;\" class=\"wp-video\"><!--[if lt IE 9]><script>document.createElement('video');<\/script><![endif]--><br \/>\n<video class=\"wp-video-shortcode\" id=\"video-2821-1\" width=\"720\" height=\"1280\" preload=\"metadata\" controls=\"controls\"><source type=\"video\/mp4\" src=\"https:\/\/cmykprinted.com\/wp-content\/uploads\/2025\/07\/Branded-Backdrops.mp4?_=1\" \/><a href=\"https:\/\/cmykprinted.com\/wp-content\/uploads\/2025\/07\/Branded-Backdrops.mp4\">https:\/\/cmykprinted.com\/wp-content\/uploads\/2025\/07\/Branded-Backdrops.mp4<\/a><\/video><\/div>","protected":false},"featured_media":2825,"template":"","meta":{"_kad_post_transparent":"default","_kad_post_title":"hide","_kad_post_layout":"fullwidth","_kad_post_sidebar_id":"","_kad_post_content_style":"unboxed","_kad_post_vertical_padding":"hide","_kad_post_feature":"hide","_kad_post_feature_position":"","_kad_post_header":false,"_kad_post_footer":false},"product_cat":[97,100],"product_tag":[651,653,654,652],"class_list":{"0":"post-2821","1":"product","2":"type-product","3":"status-publish","4":"has-post-thumbnail","6":"product_cat-tension-fabric-displays","7":"product_cat-straight-tension-fabric-backdrop","8":"product_tag-branded-backdrops","9":"product_tag-branded-backdrops-for-sports-event","10":"product_tag-cheap-custom-branded-backdrops","11":"product_tag-custom-branded-backdrops","13":"first","14":"instock","15":"shipping-taxable","16":"product-type-simple","17":"entry","18":"content-bg","19":"loop-entry"},"_links":{"self":[{"href":"https:\/\/cmykprinted.com\/hu\/wp-json\/wp\/v2\/product\/2821","targetHints":{"allow":["GET"]}}],"collection":[{"href":"https:\/\/cmykprinted.com\/hu\/wp-json\/wp\/v2\/product"}],"about":[{"href":"https:\/\/cmykprinted.com\/hu\/wp-json\/wp\/v2\/types\/product"}],"version-history":[{"count":2,"href":"https:\/\/cmykprinted.com\/hu\/wp-json\/wp\/v2\/product\/2821\/revisions"}],"predecessor-version":[{"id":2829,"href":"https:\/\/cmykprinted.com\/hu\/wp-json\/wp\/v2\/product\/2821\/revisions\/2829"}],"wp:featuredmedia":[{"embeddable":true,"href":"https:\/\/cmykprinted.com\/hu\/wp-json\/wp\/v2\/media\/2825"}],"wp:attachment":[{"href":"https:\/\/cmykprinted.com\/hu\/wp-json\/wp\/v2\/media?parent=2821"}],"wp:term":[{"taxonomy":"product_cat","embeddable":true,"href":"https:\/\/cmykprinted.com\/hu\/wp-json\/wp\/v2\/product_cat?post=2821"},{"taxonomy":"product_tag","embeddable":true,"href":"https:\/\/cmykprinted.com\/hu\/wp-json\/wp\/v2\/product_tag?post=2821"}],"curies":[{"name":"wp","href":"https:\/\/api.w.org\/{rel}","templated":true}]}}