{"id":2837,"date":"2025-07-19T09:37:38","date_gmt":"2025-07-19T09:37:38","guid":{"rendered":"https:\/\/cmykprinted.com\/?post_type=product&#038;p=2837"},"modified":"2025-07-19T09:37:39","modified_gmt":"2025-07-19T09:37:39","slug":"transfer-stickers-for-metal","status":"publish","type":"product","link":"https:\/\/cmykprinted.com\/hu\/termek\/transzfer-matricak-femhez\/","title":{"rendered":"Egyedi transzfer matric\u00e1k f\u00e9mre k\u00ednai gy\u00e1rt\u00f3t\u00f3l"},"content":{"rendered":"","protected":false},"excerpt":{"rendered":"<p>Fedezze fel a megb\u00edzhat\u00f3 k\u00ednai gy\u00e1rt\u00f3 kiv\u00e1l\u00f3 min\u0151s\u00e9g\u0171 f\u00e9m transzfer matric\u00e1it, amelyeket \u00fagy terveztek, hogy tiszta, professzion\u00e1lis megjelen\u00e9st biztos\u00edtsanak m\u00e1rka\u00e9p\u00edt\u00e9si \u00e9s dekor\u00e1ci\u00f3s ig\u00e9nyeihez. Ezeket a matric\u00e1kat kifejezetten \u00fagy tervezt\u00e9k, hogy biztons\u00e1gosan tapadjanak f\u00e9mfel\u00fcletekhez, p\u00e9ld\u00e1ul rozsdamentes ac\u00e9lhoz, alum\u00edniumhoz \u00e9s bevont f\u00e9mekhez, \u00edgy ide\u00e1lisak k\u00e9sz\u00fcl\u00e9keken, g\u00e9peken, szersz\u00e1mokon, n\u00e9vt\u00e1bl\u00e1kon, elektronik\u00e1n \u00e9s egyebeken val\u00f3 haszn\u00e1latra.<\/p>\n<p>Prec\u00edzen gy\u00e1rtott transzfermatric\u00e1ink h\u00e1tt\u00e9r n\u00e9lk\u00fcl \u00e9rkeznek, csak a log\u00f3, a design vagy a sz\u00f6veg marad k\u00f6zvetlen\u00fcl a fel\u00fcleten. Ez letisztult, z\u00f6kken\u0151mentes megjelen\u00e9st biztos\u00edt, amely sokkal alacsonyabb \u00e1ron ut\u00e1nozza az egyedi nyomtat\u00e1s vagy grav\u00edroz\u00e1s megjelen\u00e9s\u00e9t. Tart\u00f3s anyagokb\u00f3l k\u00e9sz\u00fclnek, amelyek ellen\u00e1llnak a fakul\u00e1snak, a karcol\u00e1snak \u00e9s az id\u0151j\u00e1r\u00e1s viszontags\u00e1gainak, \u00edgy hossz\u00fa \u00e9lettartamot biztos\u00edtanak belt\u00e9ren \u00e9s k\u00fclt\u00e9ren egyar\u00e1nt.<\/p>\n<p>K\u00edna vezet\u0151 besz\u00e1ll\u00edt\u00f3jak\u00e9nt versenyk\u00e9pes \u00e1rakat, gyors gy\u00e1rt\u00e1st \u00e9s rugalmas testreszab\u00e1si lehet\u0151s\u00e9geket k\u00edn\u00e1lunk, bele\u00e9rtve a met\u00e1l, matt, f\u00e9nyes \u00e9s \u00e1tl\u00e1tsz\u00f3 fel\u00fcleteket. Ak\u00e1r kis t\u00e9telekre van sz\u00fcks\u00e9ge butikm\u00e1rka\u00e9p\u00edt\u00e9shez, ak\u00e1r nagy t\u00e9telben ipari felhaszn\u00e1l\u00e1sra, gy\u00e1runk megb\u00edzhat\u00f3 DDP sz\u00e1ll\u00edt\u00e1si lehet\u0151s\u00e9gekkel vil\u00e1gszerte k\u00e9pes megfelelni az \u00d6n pontos ig\u00e9nyeinek.<\/p>\n<p>Ide\u00e1lis term\u00e9kc\u00edmk\u00e9z\u00e9shez, c\u00e9ges aj\u00e1nd\u00e9kokhoz, prom\u00f3ci\u00f3s m\u00e1rkajelz\u00e9shez \u00e9s sok m\u00e1shoz \u2013 f\u00e9mre nyomtatott transzfermatric\u00e1ink okos, st\u00edlusos megold\u00e1st k\u00edn\u00e1lnak megfizethet\u0151 \u00e1ron.<\/p>\n<figure id=\"attachment_2838\" aria-describedby=\"caption-attachment-2838\" style=\"width: 500px\" class=\"wp-caption alignnone\"><img fetchpriority=\"high\" decoding=\"async\" class=\"size-full wp-image-2838\" src=\"https:\/\/cmykprinted.com\/wp-content\/uploads\/2025\/07\/Transfer-Stickers-for-Metal.jpg\" alt=\"F\u00e9m transzfer matric\u00e1k\" width=\"500\" height=\"500\" srcset=\"https:\/\/cmykprinted.com\/wp-content\/uploads\/2025\/07\/Transfer-Stickers-for-Metal.jpg 500w, https:\/\/cmykprinted.com\/wp-content\/uploads\/2025\/07\/Transfer-Stickers-for-Metal-300x300.jpg 300w, https:\/\/cmykprinted.com\/wp-content\/uploads\/2025\/07\/Transfer-Stickers-for-Metal-150x150.jpg 150w, https:\/\/cmykprinted.com\/wp-content\/uploads\/2025\/07\/Transfer-Stickers-for-Metal-12x12.jpg 12w, https:\/\/cmykprinted.com\/wp-content\/uploads\/2025\/07\/Transfer-Stickers-for-Metal-100x100.jpg 100w\" sizes=\"(max-width: 500px) 100vw, 500px\" \/><figcaption id=\"caption-attachment-2838\" class=\"wp-caption-text\">F\u00e9m transzfer matric\u00e1k<\/figcaption><\/figure>","protected":false},"featured_media":2839,"template":"","meta":{"_kad_post_transparent":"default","_kad_post_title":"hide","_kad_post_layout":"fullwidth","_kad_post_sidebar_id":"","_kad_post_content_style":"unboxed","_kad_post_vertical_padding":"hide","_kad_post_feature":"hide","_kad_post_feature_position":"","_kad_post_header":false,"_kad_post_footer":false},"product_cat":[101,102],"product_tag":[454,657,658],"class_list":{"0":"post-2837","1":"product","2":"type-product","3":"status-publish","4":"has-post-thumbnail","6":"product_cat-transfer-stickers","7":"product_cat-metal-transfer-stickers","8":"product_tag-custom-transfer-stickers","9":"product_tag-transfer-stickers","10":"product_tag-transfer-stickers-for-metal","12":"first","13":"instock","14":"shipping-taxable","15":"product-type-simple","16":"entry","17":"content-bg","18":"loop-entry"},"_links":{"self":[{"href":"https:\/\/cmykprinted.com\/hu\/wp-json\/wp\/v2\/product\/2837","targetHints":{"allow":["GET"]}}],"collection":[{"href":"https:\/\/cmykprinted.com\/hu\/wp-json\/wp\/v2\/product"}],"about":[{"href":"https:\/\/cmykprinted.com\/hu\/wp-json\/wp\/v2\/types\/product"}],"version-history":[{"count":1,"href":"https:\/\/cmykprinted.com\/hu\/wp-json\/wp\/v2\/product\/2837\/revisions"}],"predecessor-version":[{"id":2844,"href":"https:\/\/cmykprinted.com\/hu\/wp-json\/wp\/v2\/product\/2837\/revisions\/2844"}],"wp:featuredmedia":[{"embeddable":true,"href":"https:\/\/cmykprinted.com\/hu\/wp-json\/wp\/v2\/media\/2839"}],"wp:attachment":[{"href":"https:\/\/cmykprinted.com\/hu\/wp-json\/wp\/v2\/media?parent=2837"}],"wp:term":[{"taxonomy":"product_cat","embeddable":true,"href":"https:\/\/cmykprinted.com\/hu\/wp-json\/wp\/v2\/product_cat?post=2837"},{"taxonomy":"product_tag","embeddable":true,"href":"https:\/\/cmykprinted.com\/hu\/wp-json\/wp\/v2\/product_tag?post=2837"}],"curies":[{"name":"wp","href":"https:\/\/api.w.org\/{rel}","templated":true}]}}