{"id":2856,"date":"2025-10-17T08:07:33","date_gmt":"2025-10-17T08:07:33","guid":{"rendered":"https:\/\/cmykprinted.com\/?post_type=product&#038;p=2856"},"modified":"2025-10-17T08:07:33","modified_gmt":"2025-10-17T08:07:33","slug":"ez-tube-display","status":"publish","type":"product","link":"https:\/\/cmykprinted.com\/hu\/termek\/ez-cso-kijelzo\/","title":{"rendered":"Olcs\u00f3, egyedi, EZ Tube kijelz\u0151 banner, egyenes fesz\u00edt\u00e9s\u0171 sz\u00f6vet h\u00e1tt\u00e9rrel"},"content":{"rendered":"","protected":false},"excerpt":{"rendered":"<p>Ha professzion\u00e1lis, figyelemfelkelt\u0151 \u00e9s hat\u00e9kony m\u00f3don szeretn\u00e9 bemutatni m\u00e1rk\u00e1j\u00e1t, semmi sem foghat\u00f3 az EZ Tube Displayhez. A letisztult st\u00edlust \u00e9s a k\u00f6nny\u0171 \u00f6sszeszerel\u00e9st szem el\u0151tt tartva tervezett hordozhat\u00f3 kijelz\u0151rendszer a ki\u00e1ll\u00edt\u00f3k, rendezv\u00e9nyszervez\u0151k \u00e9s marketing szakemberek kedvence, akik a k\u00e9nyelmet \u00e9s a hat\u00e1st egyar\u00e1nt \u00e9rt\u00e9kelik. Ak\u00e1r szakki\u00e1ll\u00edt\u00e1sokr\u00f3l, term\u00e9kbemutat\u00f3kr\u00f3l, ki\u00e1ll\u00edt\u00e1sokr\u00f3l vagy c\u00e9ges rendezv\u00e9nyekr\u0151l van sz\u00f3, az EZ Tube Display kifinomult, exkluz\u00edv megjelen\u00e9st k\u00f6lcs\u00f6n\u00f6z m\u00e1rk\u00e1j\u00e1nak, amely azonnal mag\u00e1ra vonzza a figyelmet.<\/p>\n<p>A mai versenyk\u00e9pes marketingk\u00f6rnyezetben az EZ Tube Display sokoldal\u00fa, tart\u00f3s \u00e9s vizu\u00e1lisan leny\u0171g\u00f6z\u0151 megold\u00e1sk\u00e9nt t\u0171nik ki azoknak a v\u00e1llalkoz\u00e1soknak, amelyek tart\u00f3s benyom\u00e1st szeretn\u00e9nek kelteni. Szersz\u00e1mmentes be\u00e1ll\u00edt\u00e1s\u00e1val, \u00e9l\u00e9nk nyomtat\u00e1si min\u0151s\u00e9g\u00e9vel \u00e9s \u00fajrafelhaszn\u00e1lhat\u00f3 szerkezet\u00e9vel p\u00e1ratlan \u00e9rt\u00e9ket \u00e9s k\u00e9nyelmet k\u00edn\u00e1l a professzion\u00e1lis rendezv\u00e9nymarketinghez. Emeld magasabb szintre a k\u00f6vetkez\u0151 szakki\u00e1ll\u00edt\u00e1sodat vagy prom\u00f3ci\u00f3s esem\u00e9nyedet egy EZ Tube Display-el \u2013 ahol az egyszer\u0171s\u00e9g tal\u00e1lkozik a kifinomults\u00e1ggal, \u00e9s a m\u00e1rk\u00e1d ker\u00fcl a k\u00f6z\u00e9ppontba.<\/p>\n<div style=\"width: 720px;\" class=\"wp-video\"><!--[if lt IE 9]><script>document.createElement('video');<\/script><![endif]--><br \/>\n<video class=\"wp-video-shortcode\" id=\"video-2856-1\" width=\"720\" height=\"1280\" preload=\"metadata\" controls=\"controls\"><source type=\"video\/mp4\" src=\"https:\/\/cmykprinted.com\/wp-content\/uploads\/2025\/07\/Branded-Backdrops.mp4?_=1\" \/><a href=\"https:\/\/cmykprinted.com\/wp-content\/uploads\/2025\/07\/Branded-Backdrops.mp4\">https:\/\/cmykprinted.com\/wp-content\/uploads\/2025\/07\/Branded-Backdrops.mp4<\/a><\/video><\/div>","protected":false},"featured_media":2857,"template":"","meta":{"_kad_post_transparent":"default","_kad_post_title":"hide","_kad_post_layout":"fullwidth","_kad_post_sidebar_id":"","_kad_post_content_style":"unboxed","_kad_post_vertical_padding":"hide","_kad_post_feature":"hide","_kad_post_feature_position":"","_kad_post_header":false,"_kad_post_footer":false},"product_cat":[97,100],"product_tag":[664,662,663,197],"class_list":{"0":"post-2856","1":"product","2":"type-product","3":"status-publish","4":"has-post-thumbnail","6":"product_cat-tension-fabric-displays","7":"product_cat-straight-tension-fabric-backdrop","8":"product_tag-custom-straight-tension-fabric-backdrop","9":"product_tag-ez-tube-display","10":"product_tag-ez-tube-display-banner","11":"product_tag-tension-fabric-backdrop","13":"first","14":"instock","15":"shipping-taxable","16":"product-type-simple","17":"entry","18":"content-bg","19":"loop-entry"},"_links":{"self":[{"href":"https:\/\/cmykprinted.com\/hu\/wp-json\/wp\/v2\/product\/2856","targetHints":{"allow":["GET"]}}],"collection":[{"href":"https:\/\/cmykprinted.com\/hu\/wp-json\/wp\/v2\/product"}],"about":[{"href":"https:\/\/cmykprinted.com\/hu\/wp-json\/wp\/v2\/types\/product"}],"version-history":[{"count":1,"href":"https:\/\/cmykprinted.com\/hu\/wp-json\/wp\/v2\/product\/2856\/revisions"}],"predecessor-version":[{"id":2863,"href":"https:\/\/cmykprinted.com\/hu\/wp-json\/wp\/v2\/product\/2856\/revisions\/2863"}],"wp:featuredmedia":[{"embeddable":true,"href":"https:\/\/cmykprinted.com\/hu\/wp-json\/wp\/v2\/media\/2857"}],"wp:attachment":[{"href":"https:\/\/cmykprinted.com\/hu\/wp-json\/wp\/v2\/media?parent=2856"}],"wp:term":[{"taxonomy":"product_cat","embeddable":true,"href":"https:\/\/cmykprinted.com\/hu\/wp-json\/wp\/v2\/product_cat?post=2856"},{"taxonomy":"product_tag","embeddable":true,"href":"https:\/\/cmykprinted.com\/hu\/wp-json\/wp\/v2\/product_tag?post=2856"}],"curies":[{"name":"wp","href":"https:\/\/api.w.org\/{rel}","templated":true}]}}