{"id":2866,"date":"2025-10-30T09:12:11","date_gmt":"2025-10-30T09:12:11","guid":{"rendered":"https:\/\/cmykprinted.com\/?post_type=product&#038;p=2866"},"modified":"2025-10-30T09:12:11","modified_gmt":"2025-10-30T09:12:11","slug":"collapsible-trade-show-displays","status":"publish","type":"product","link":"https:\/\/cmykprinted.com\/hu\/termek\/osszecsukhato-kiallitasi-standok\/","title":{"rendered":"Kiv\u00e1l\u00f3 min\u0151s\u00e9g\u0171 \u00f6sszecsukhat\u00f3 ki\u00e1ll\u00edt\u00e1si kijelz\u0151k LED-es vil\u00e1g\u00edt\u00e1ssal"},"content":{"rendered":"","protected":false},"excerpt":{"rendered":"<p>Ragyogtasd m\u00e1rk\u00e1dat minden ki\u00e1ll\u00edt\u00e1son kiv\u00e1l\u00f3 min\u0151s\u00e9g\u0171, \u00f6sszecsukhat\u00f3, LED-es vil\u00e1g\u00edt\u00e1ssal ell\u00e1tott ki\u00e1ll\u00edt\u00e1si displayeinkkel \u2013 a hordozhat\u00f3s\u00e1g, a professzionalizmus \u00e9s a vizu\u00e1lis hat\u00e1s t\u00f6k\u00e9letes kombin\u00e1ci\u00f3j\u00e1val. A modern marketingszakemberek sz\u00e1m\u00e1ra tervezett displayek gyorsan be\u00e1ll\u00edthat\u00f3k \u00e9s azonnal kit\u0171nnek a t\u00f6megb\u0151l. K\u00f6nny\u0171 alum\u00ednium kerettel \u00e9s pr\u00e9mium fesz\u00edtett sz\u00f6vetgrafik\u00e1val rendelkeznek, amelyek leny\u0171g\u00f6z\u0151, gy\u0171r\u0151d\u00e9smentes l\u00e1tv\u00e1nyt ny\u00fajtanak.<\/p>\n<p>Az innovat\u00edv \u00f6sszecsukhat\u00f3 szerkezetnek k\u00f6sz\u00f6nhet\u0151en a fel\u00e1ll\u00edt\u00e1s \u00e9s lebont\u00e1s mind\u00f6ssze perceket vesz ig\u00e9nybe \u2013 nincs sz\u00fcks\u00e9g szersz\u00e1mokra. \u00d6sszeszerel\u00e9s ut\u00e1n a tart\u00f3s v\u00e1z szil\u00e1rd alapot biztos\u00edt, m\u00edg az integr\u00e1lt LED-es vil\u00e1g\u00edt\u00e1si rendszer biztos\u00edtja, hogy m\u00e1rkagrafik\u00e1i ragyog\u00f3an megvil\u00e1g\u00edtottak legyenek, m\u00e9g a legzs\u00fafoltabb szakv\u00e1s\u00e1ri k\u00f6rnyezetben is felh\u00edvva magukra a figyelmet.<\/p>\n<p>Ide\u00e1lisak v\u00e1s\u00e1rokra, ki\u00e1ll\u00edt\u00e1sokra, kongresszusokra \u00e9s kiskereskedelmi prom\u00f3ci\u00f3kra, ezek a displayek k\u00f6nnyen csomagolhat\u00f3k, sz\u00e1ll\u00edthat\u00f3k \u00e9s \u00fajrafelhaszn\u00e1lhat\u00f3k, \u00edgy k\u00f6lts\u00e9ghat\u00e9kony hossz\u00fa t\u00e1v\u00fa befektet\u00e9st jelentenek. Az egyedi nyomtat\u00e1si lehet\u0151s\u00e9gek lehet\u0151v\u00e9 teszik, hogy \u00e9l\u00e9nk, nagy felbont\u00e1s\u00fa min\u0151s\u00e9gben mutassa be v\u00e1llalata sz\u00edneit, log\u00f3it \u00e9s marketing\u00fczeneteit.<\/p>\n<p>Ak\u00e1r \u00faj term\u00e9ket vezet be, ak\u00e1r m\u00e1rkaismerts\u00e9get \u00e9p\u00edt, ak\u00e1r szem\u00e9lyesen kommunik\u00e1l az \u00fcgyfelekkel, \u00f6sszecsukhat\u00f3 LED-es ki\u00e1ll\u00edt\u00e1si kijelz\u0151ink minim\u00e1lis er\u0151fesz\u00edt\u00e9ssel maxim\u00e1lis hat\u00e1st biztos\u00edtanak. Ny\u0171g\u00f6zze le k\u00f6z\u00f6ns\u00e9g\u00e9t, n\u00f6velje m\u00e1rk\u00e1ja l\u00e1that\u00f3s\u00e1g\u00e1t, \u00e9s k\u00e9sz\u00edtsen professzion\u00e1lis prezent\u00e1ci\u00f3t, amely val\u00f3ban kiemelkedik \u2013 b\u00e1rmikor, b\u00e1rhol.<\/p>\n<div style=\"width: 720px;\" class=\"wp-video\"><!--[if lt IE 9]><script>document.createElement('video');<\/script><![endif]--><br \/>\n<video class=\"wp-video-shortcode\" id=\"video-2866-1\" width=\"720\" height=\"1280\" preload=\"metadata\" controls=\"controls\"><source type=\"video\/mp4\" src=\"https:\/\/cmykprinted.com\/wp-content\/uploads\/2025\/10\/Collapsible-Trade-Show-Displays.mp4?_=1\" \/><a href=\"https:\/\/cmykprinted.com\/wp-content\/uploads\/2025\/10\/Collapsible-Trade-Show-Displays.mp4\">https:\/\/cmykprinted.com\/wp-content\/uploads\/2025\/10\/Collapsible-Trade-Show-Displays.mp4<\/a><\/video><\/div>","protected":false},"featured_media":2868,"template":"","meta":{"_kad_post_transparent":"default","_kad_post_title":"hide","_kad_post_layout":"fullwidth","_kad_post_sidebar_id":"","_kad_post_content_style":"unboxed","_kad_post_vertical_padding":"hide","_kad_post_feature":"hide","_kad_post_feature_position":"","_kad_post_header":false,"_kad_post_footer":false},"product_cat":[97,99],"product_tag":[665,667,668,666],"class_list":{"0":"post-2866","1":"product","2":"type-product","3":"status-publish","4":"has-post-thumbnail","6":"product_cat-tension-fabric-displays","7":"product_cat-custom-fabric-displays","8":"product_tag-collapsible-trade-show-displays","9":"product_tag-top-quality-collapsible-trade-show-displays","10":"product_tag-trade-show-displays","11":"product_tag-trade-show-displays-with-led-light","13":"first","14":"instock","15":"shipping-taxable","16":"product-type-simple","17":"entry","18":"content-bg","19":"loop-entry"},"_links":{"self":[{"href":"https:\/\/cmykprinted.com\/hu\/wp-json\/wp\/v2\/product\/2866","targetHints":{"allow":["GET"]}}],"collection":[{"href":"https:\/\/cmykprinted.com\/hu\/wp-json\/wp\/v2\/product"}],"about":[{"href":"https:\/\/cmykprinted.com\/hu\/wp-json\/wp\/v2\/types\/product"}],"version-history":[{"count":1,"href":"https:\/\/cmykprinted.com\/hu\/wp-json\/wp\/v2\/product\/2866\/revisions"}],"predecessor-version":[{"id":2875,"href":"https:\/\/cmykprinted.com\/hu\/wp-json\/wp\/v2\/product\/2866\/revisions\/2875"}],"wp:featuredmedia":[{"embeddable":true,"href":"https:\/\/cmykprinted.com\/hu\/wp-json\/wp\/v2\/media\/2868"}],"wp:attachment":[{"href":"https:\/\/cmykprinted.com\/hu\/wp-json\/wp\/v2\/media?parent=2866"}],"wp:term":[{"taxonomy":"product_cat","embeddable":true,"href":"https:\/\/cmykprinted.com\/hu\/wp-json\/wp\/v2\/product_cat?post=2866"},{"taxonomy":"product_tag","embeddable":true,"href":"https:\/\/cmykprinted.com\/hu\/wp-json\/wp\/v2\/product_tag?post=2866"}],"curies":[{"name":"wp","href":"https:\/\/api.w.org\/{rel}","templated":true}]}}