{"id":2883,"date":"2025-11-03T04:08:00","date_gmt":"2025-11-03T04:08:00","guid":{"rendered":"https:\/\/cmykprinted.com\/?post_type=product&#038;p=2883"},"modified":"2025-11-03T04:08:00","modified_gmt":"2025-11-03T04:08:00","slug":"custom-trade-show-table-runner","status":"publish","type":"product","link":"https:\/\/cmykprinted.com\/hu\/termek\/egyedi-kiallitasi-asztalfuto\/","title":{"rendered":"Olcs\u00f3 nagykereskedelmi egyedi ki\u00e1ll\u00edt\u00e1si asztali fut\u00f3 48 \u00f3r\u00e1s \u00e1tfut\u00e1si id\u0151vel"},"content":{"rendered":"","protected":false},"excerpt":{"rendered":"<p data-start=\"1431\" data-end=\"1712\">T\u0171nj\u00f6n ki minden rendezv\u00e9nyen olcs\u00f3, nagykereskedelmi, egyedi ki\u00e1ll\u00edt\u00e1si asztali fut\u00f3inkkal \u2014 az okos \u00e9s megfizethet\u0151 m\u00f3dja annak, hogy bemutassa m\u00e1rk\u00e1j\u00e1t. Ki\u00e1ll\u00edt\u00e1si asztali fut\u00f3ink tart\u00f3s, gy\u0171r\u0151d\u00e9smentes anyagb\u00f3l k\u00e9sz\u00fclnek, \u00e9s \u00e9l\u00e9nk, teljes sz\u00ednben nyomtatottak, hogy log\u00f3ja ragyogjon.<\/p>\n<p data-start=\"1431\" data-end=\"1712\">T\u00f6k\u00e9letesek ki\u00e1ll\u00edt\u00e1sokra, kongresszusokra \u00e9s prom\u00f3ci\u00f3s rendezv\u00e9nyekre, ezek a kereskedelmi ki\u00e1ll\u00edt\u00e1si asztali fut\u00f3k azonnal professzionalizmust k\u00f6lcs\u00f6n\u00f6znek b\u00e1rmilyen megjelen\u00e9snek. Szabja testre a m\u00e9retet, a diz\u00e1jnt \u00e9s a log\u00f3t, hogy t\u00f6k\u00e9letesen illeszkedjen m\u00e1rk\u00e1j\u00e1hoz.<\/p>\n<p data-start=\"1431\" data-end=\"1712\">48 \u00f3r\u00e1s \u00e1tfut\u00e1si id\u0151nkkel kiv\u00e1l\u00f3 min\u0151s\u00e9g\u0171, ki\u00e1ll\u00edt\u00e1si asztalfut\u00f3kat kap, gyorsan kisz\u00e1ll\u00edtva \u2013 ide\u00e1lis sz\u0171k\u00f6s hat\u00e1rid\u0151k \u00e9s last minute esem\u00e9nyek eset\u00e9n. Ak\u00e1r egyet, ak\u00e1r t\u00f6bb sz\u00e1zat rendel, verhetetlen nagykereskedelmi \u00e1rakat \u00e9s megb\u00edzhat\u00f3 szolg\u00e1ltat\u00e1st k\u00edn\u00e1lunk. Tegye felejthetetlenn\u00e9 standj\u00e1t egyedi ki\u00e1ll\u00edt\u00e1si asztalfut\u00f3kkal, amelyek \u00f6tv\u00f6zik a min\u0151s\u00e9get, a gyorsas\u00e1got \u00e9s az \u00e9rt\u00e9ket.<\/p>\n<div style=\"width: 1280px;\" class=\"wp-video\"><!--[if lt IE 9]><script>document.createElement('video');<\/script><![endif]--><br \/>\n<video class=\"wp-video-shortcode\" id=\"video-2883-1\" width=\"1280\" height=\"720\" preload=\"metadata\" controls=\"controls\"><source type=\"video\/mp4\" src=\"https:\/\/cmykprinted.com\/wp-content\/uploads\/2025\/11\/Custom-Trade-Show-Table-Runner.mp4?_=1\" \/><a href=\"https:\/\/cmykprinted.com\/wp-content\/uploads\/2025\/11\/Custom-Trade-Show-Table-Runner.mp4\">https:\/\/cmykprinted.com\/wp-content\/uploads\/2025\/11\/Custom-Trade-Show-Table-Runner.mp4<\/a><\/video><\/div>","protected":false},"featured_media":2884,"template":"","meta":{"_kad_post_transparent":"default","_kad_post_title":"hide","_kad_post_layout":"fullwidth","_kad_post_sidebar_id":"","_kad_post_content_style":"unboxed","_kad_post_vertical_padding":"hide","_kad_post_feature":"hide","_kad_post_feature_position":"","_kad_post_header":false,"_kad_post_footer":false},"product_cat":[80,81],"product_tag":[244,672,671],"class_list":{"0":"post-2883","1":"product","2":"type-product","3":"status-publish","4":"has-post-thumbnail","6":"product_cat-custom-tablecloth","7":"product_cat-custom-stretch-tablecloth","8":"product_tag-custom-table-runner","9":"product_tag-custom-trade-show-table-runner","10":"product_tag-trade-show-table-runner","12":"first","13":"instock","14":"shipping-taxable","15":"product-type-simple","16":"entry","17":"content-bg","18":"loop-entry"},"_links":{"self":[{"href":"https:\/\/cmykprinted.com\/hu\/wp-json\/wp\/v2\/product\/2883","targetHints":{"allow":["GET"]}}],"collection":[{"href":"https:\/\/cmykprinted.com\/hu\/wp-json\/wp\/v2\/product"}],"about":[{"href":"https:\/\/cmykprinted.com\/hu\/wp-json\/wp\/v2\/types\/product"}],"version-history":[{"count":1,"href":"https:\/\/cmykprinted.com\/hu\/wp-json\/wp\/v2\/product\/2883\/revisions"}],"predecessor-version":[{"id":2890,"href":"https:\/\/cmykprinted.com\/hu\/wp-json\/wp\/v2\/product\/2883\/revisions\/2890"}],"wp:featuredmedia":[{"embeddable":true,"href":"https:\/\/cmykprinted.com\/hu\/wp-json\/wp\/v2\/media\/2884"}],"wp:attachment":[{"href":"https:\/\/cmykprinted.com\/hu\/wp-json\/wp\/v2\/media?parent=2883"}],"wp:term":[{"taxonomy":"product_cat","embeddable":true,"href":"https:\/\/cmykprinted.com\/hu\/wp-json\/wp\/v2\/product_cat?post=2883"},{"taxonomy":"product_tag","embeddable":true,"href":"https:\/\/cmykprinted.com\/hu\/wp-json\/wp\/v2\/product_tag?post=2883"}],"curies":[{"name":"wp","href":"https:\/\/api.w.org\/{rel}","templated":true}]}}