{"id":2891,"date":"2025-11-03T07:59:54","date_gmt":"2025-11-03T07:59:54","guid":{"rendered":"https:\/\/cmykprinted.com\/?post_type=product&#038;p=2891"},"modified":"2025-11-03T07:59:54","modified_gmt":"2025-11-03T07:59:54","slug":"printed-table-runners-trade-show","status":"publish","type":"product","link":"https:\/\/cmykprinted.com\/hu\/termek\/nyomtatott-asztali-futok-kiallitas\/","title":{"rendered":"Alacsony MOQ-\u00fa, sz\u00ednes, grafikusan nyomtatott asztali fut\u00f3k szakki\u00e1ll\u00edt\u00e1s a legjobb \u00e1ron"},"content":{"rendered":"<p>Tegye felejthetetlenn\u00e9 standj\u00e1t alacsony rendel\u00e9si mennyis\u00e9gben kaphat\u00f3, legjobb \u00e1r\u00fa, teljes sz\u00edn\u0171, grafikusan nyomtatott asztali fut\u00f3inkkal a szakv\u00e1s\u00e1rokon. A min\u0151s\u00e9get \u00e9s \u00e9rt\u00e9ket fontos v\u00e1llalkoz\u00e1sok sz\u00e1m\u00e1ra tervezett nyomtatott asztali ter\u00edt\u0151ink \u00e9l\u00e9nk, nagy felbont\u00e1s\u00fa grafik\u00e1t k\u00edn\u00e1lnak, amely \u00e9letre kelti m\u00e1rk\u00e1j\u00e1t. Ak\u00e1r ki\u00e1ll\u00edt\u00e1sokon, konferenci\u00e1kon vagy c\u00e9ges rendezv\u00e9nyeken vesz r\u00e9szt, nyomtatott asztali fut\u00f3ink szakv\u00e1s\u00e1ri standjaink minden sz\u00f6gb\u0151l professzion\u00e1lis \u00e9s szemet gy\u00f6ny\u00f6rk\u00f6dtet\u0151 megjelen\u00e9st biztos\u00edtanak.<\/p>\n<p>Pr\u00e9mium min\u0151s\u00e9g\u0171, gy\u0171r\u0151d\u00e9s\u00e1ll\u00f3 poli\u00e9sztert \u00e9s fejlett szublim\u00e1ci\u00f3s nyomtat\u00e1st haszn\u00e1lunk nyomtatott asztali fut\u00f3k k\u00e9sz\u00edt\u00e9s\u00e9hez, amelyek leny\u0171g\u00f6z\u0151, teljes sz\u00ednben mutatj\u00e1k be log\u00f3j\u00e1t, szlogenj\u00e9t \u00e9s grafik\u00e1j\u00e1t. Alacsony minim\u00e1lis rendel\u00e9si mennyis\u00e9ggel (MOQ) \u00e9s verhetetlen, k\u00f6zvetlen gy\u00e1ri \u00e1rakkal m\u00e9g a kisv\u00e1llalkoz\u00e1sok is \u00e9lvezhetik az egyedi m\u00e1rkajelz\u00e9st t\u00falk\u00f6ltekez\u00e9s n\u00e9lk\u00fcl. V\u00e1lasszon a k\u00fcl\u00f6nb\u00f6z\u0151 m\u00e9retek \u00e9s st\u00edlusok k\u00f6z\u00fcl, hogy t\u00f6k\u00e9letesen illeszkedjenek b\u00e1rmilyen bemutat\u00f3asztalhoz.<\/p>\n<p>Gyors gy\u00e1rt\u00e1s, megb\u00edzhat\u00f3 min\u0151s\u00e9g \u00e9s versenyk\u00e9pes \u00e1rak teszik nyomtatott asztali fut\u00f3inkat a legjobb v\u00e1laszt\u00e1ss\u00e1 m\u00e1rk\u00e1ja hat\u00e1sos \u00e9s st\u00edlusos n\u00e9pszer\u0171s\u00edt\u00e9s\u00e9hez a ki\u00e1ll\u00edt\u00e1son.<\/p>\n<div style=\"width: 1280px;\" class=\"wp-video\"><!--[if lt IE 9]><script>document.createElement('video');<\/script><![endif]-->\n<video class=\"wp-video-shortcode\" id=\"video-2891-1\" width=\"1280\" height=\"720\" preload=\"metadata\" controls=\"controls\"><source type=\"video\/mp4\" src=\"https:\/\/cmykprinted.com\/wp-content\/uploads\/2025\/11\/Printed-Table-Runners-Trade-Show.mp4?_=1\" \/><a href=\"https:\/\/cmykprinted.com\/wp-content\/uploads\/2025\/11\/Printed-Table-Runners-Trade-Show.mp4\">https:\/\/cmykprinted.com\/wp-content\/uploads\/2025\/11\/Printed-Table-Runners-Trade-Show.mp4<\/a><\/video><\/div>","protected":false},"excerpt":{"rendered":"<p>Make your booth unforgettable with our Low MOQ Best Price Full Color Graphic Printed Table Runners Trade Show collection. Designed for businesses that want quality and value, our printed table covers trade show products deliver vibrant, high-definition graphics that bring your brand to life. Whether you\u2019re attending exhibitions, conferences, or corporate events, our printed table&#8230;<\/p>","protected":false},"featured_media":2895,"template":"","meta":{"_kad_post_transparent":"default","_kad_post_title":"hide","_kad_post_layout":"fullwidth","_kad_post_sidebar_id":"","_kad_post_content_style":"unboxed","_kad_post_vertical_padding":"hide","_kad_post_feature":"hide","_kad_post_feature_position":"","_kad_post_header":false,"_kad_post_footer":false},"product_cat":[80,81],"product_tag":[674,673],"class_list":{"0":"post-2891","1":"product","2":"type-product","3":"status-publish","4":"has-post-thumbnail","6":"product_cat-custom-tablecloth","7":"product_cat-custom-stretch-tablecloth","8":"product_tag-full-color-graphic-printed-table-runners","9":"product_tag-printed-table-runners-trade-show","11":"first","12":"instock","13":"shipping-taxable","14":"product-type-simple","15":"entry","16":"content-bg","17":"loop-entry"},"_links":{"self":[{"href":"https:\/\/cmykprinted.com\/hu\/wp-json\/wp\/v2\/product\/2891","targetHints":{"allow":["GET"]}}],"collection":[{"href":"https:\/\/cmykprinted.com\/hu\/wp-json\/wp\/v2\/product"}],"about":[{"href":"https:\/\/cmykprinted.com\/hu\/wp-json\/wp\/v2\/types\/product"}],"version-history":[{"count":1,"href":"https:\/\/cmykprinted.com\/hu\/wp-json\/wp\/v2\/product\/2891\/revisions"}],"predecessor-version":[{"id":2900,"href":"https:\/\/cmykprinted.com\/hu\/wp-json\/wp\/v2\/product\/2891\/revisions\/2900"}],"wp:featuredmedia":[{"embeddable":true,"href":"https:\/\/cmykprinted.com\/hu\/wp-json\/wp\/v2\/media\/2895"}],"wp:attachment":[{"href":"https:\/\/cmykprinted.com\/hu\/wp-json\/wp\/v2\/media?parent=2891"}],"wp:term":[{"taxonomy":"product_cat","embeddable":true,"href":"https:\/\/cmykprinted.com\/hu\/wp-json\/wp\/v2\/product_cat?post=2891"},{"taxonomy":"product_tag","embeddable":true,"href":"https:\/\/cmykprinted.com\/hu\/wp-json\/wp\/v2\/product_tag?post=2891"}],"curies":[{"name":"wp","href":"https:\/\/api.w.org\/{rel}","templated":true}]}}