{"id":393,"date":"2022-12-03T03:54:51","date_gmt":"2022-12-03T03:54:51","guid":{"rendered":"https:\/\/cmykprinted.com\/?post_type=product&#038;p=393"},"modified":"2022-12-09T09:14:36","modified_gmt":"2022-12-09T09:14:36","slug":"custom-printed-advertising-promotional-beach-feather-flag","status":"publish","type":"product","link":"https:\/\/cmykprinted.com\/hu\/termek\/custom-printed-advertising-promotional-beach-feather-flag\/","title":{"rendered":"Egyedi nyomtatott rekl\u00e1m prom\u00f3ci\u00f3s tengerparti tollz\u00e1szl\u00f3"},"content":{"rendered":"","protected":false},"excerpt":{"rendered":"<p>Megpr\u00f3b\u00e1l kit\u0171nni egy forgalmas utc\u00e1n vagy a zs\u00fafolt ki\u00e1ll\u00edt\u00e1sokon? A mer\u00e9sz egyedi z\u00e1szl\u00f3k bev\u00e1lt m\u00f3dja annak, hogy felh\u00edvjuk a figyelmet v\u00e1llalkoz\u00e1sunkra a termel\u0151i piacon, a szakki\u00e1ll\u00edt\u00e1sokon vagy az \u00e9lelmiszer-teheraut\u00f3kon. Hat\u00e9kony, j\u00f3l l\u00e1that\u00f3 marketing is \u2013 lehet\u0151s\u00e9g arra, hogy v\u00e1llalkoz\u00e1sa nev\u00e9t, log\u00f3j\u00e1t \u00e9s sz\u00edneit a gyalogosok \u00e9s a k\u00f6z\u00fati forgalom egyar\u00e1nt felfigyelje. Rekl\u00e1mz\u00e1szl\u00f3ink mindent tartalmaznak, ami a s\u00edk fel\u00fcletre val\u00f3 fel\u00e1ll\u00edt\u00e1shoz sz\u00fcks\u00e9ges. Csomagja tartalmaz egy id\u0151j\u00e1r\u00e1s\u00e1ll\u00f3 poli\u00e9szter z\u00e1szl\u00f3t, \u00fcvegsz\u00e1las \u00e9s alum\u00ednium rudat, egy k\u00f6sz\u00f6r\u00fclt kar\u00f3t \u00e9s m\u00e9g egy puha tokot is a k\u00f6nny\u0171 sz\u00e1ll\u00edt\u00e1s \u00e9rdek\u00e9ben. Fedezze fel egy\u00e9ni z\u00e1szl\u00f3sablonok gal\u00e9ri\u00e1j\u00e1t, bele\u00e9rtve az ipar\u00e1g- \u00e9s esem\u00e9nyspecifikus opci\u00f3kat. Ha megtal\u00e1lta a kedvenc opci\u00f3t, adja hozz\u00e1 egy\u00e9ni adatait online tervez\u0151st\u00fadi\u00f3nkban. A t\u00f6bbir\u0151l mi gondoskodunk, professzion\u00e1lisan kinyomtatjuk \u00e9s kisz\u00e1ll\u00edtjuk rendel\u00e9s\u00e9t. Rekl\u00e1mz\u00e1szl\u00f3ja remek\u00fcl fog kin\u00e9zni, \u00e9s k\u00e9szen \u00e1ll arra, hogy megforduljon.<\/p>\n<div style=\"width: 1280px;\" class=\"wp-video\"><!--[if lt IE 9]><script>document.createElement('video');<\/script><![endif]--><br \/>\n<video class=\"wp-video-shortcode\" id=\"video-393-1\" width=\"1280\" height=\"720\" loop autoplay preload=\"auto\" controls=\"controls\"><source type=\"video\/mp4\" src=\"http:\/\/cmykprinted.com\/wp-content\/uploads\/2022\/12\/Custom-Printed-Advertising-Promotional-Beach-Feather-Flag.mp4?_=1\" \/><a href=\"http:\/\/cmykprinted.com\/wp-content\/uploads\/2022\/12\/Custom-Printed-Advertising-Promotional-Beach-Feather-Flag.mp4\">http:\/\/cmykprinted.com\/wp-content\/uploads\/2022\/12\/Custom-Printed-Advertising-Promotional-Beach-Feather-Flag.mp4<\/a><\/video><\/div>","protected":false},"featured_media":394,"template":"","meta":{"_kad_post_transparent":"default","_kad_post_title":"hide","_kad_post_layout":"fullwidth","_kad_post_sidebar_id":"","_kad_post_content_style":"unboxed","_kad_post_vertical_padding":"hide","_kad_post_feature":"hide","_kad_post_feature_position":"","_kad_post_header":false,"_kad_post_footer":false},"product_cat":[64,65,66,67],"product_tag":[107,104,105,106,108],"class_list":{"0":"post-393","1":"product","2":"type-product","3":"status-publish","4":"has-post-thumbnail","6":"product_cat-beach-flags","7":"product_cat-feather-flags-banners","8":"product_cat-rectangular-flags-banners","9":"product_cat-teardrop-flags-banners","10":"product_tag-advertising-beach-flag","11":"product_tag-beach-feather-flag","12":"product_tag-custom-beach-flag","13":"product_tag-custom-beach-flag-feather-flag","14":"product_tag-promotional-beach-flag","16":"first","17":"instock","18":"shipping-taxable","19":"product-type-simple","20":"entry","21":"content-bg","22":"loop-entry"},"_links":{"self":[{"href":"https:\/\/cmykprinted.com\/hu\/wp-json\/wp\/v2\/product\/393","targetHints":{"allow":["GET"]}}],"collection":[{"href":"https:\/\/cmykprinted.com\/hu\/wp-json\/wp\/v2\/product"}],"about":[{"href":"https:\/\/cmykprinted.com\/hu\/wp-json\/wp\/v2\/types\/product"}],"version-history":[{"count":3,"href":"https:\/\/cmykprinted.com\/hu\/wp-json\/wp\/v2\/product\/393\/revisions"}],"predecessor-version":[{"id":433,"href":"https:\/\/cmykprinted.com\/hu\/wp-json\/wp\/v2\/product\/393\/revisions\/433"}],"wp:featuredmedia":[{"embeddable":true,"href":"https:\/\/cmykprinted.com\/hu\/wp-json\/wp\/v2\/media\/394"}],"wp:attachment":[{"href":"https:\/\/cmykprinted.com\/hu\/wp-json\/wp\/v2\/media?parent=393"}],"wp:term":[{"taxonomy":"product_cat","embeddable":true,"href":"https:\/\/cmykprinted.com\/hu\/wp-json\/wp\/v2\/product_cat?post=393"},{"taxonomy":"product_tag","embeddable":true,"href":"https:\/\/cmykprinted.com\/hu\/wp-json\/wp\/v2\/product_tag?post=393"}],"curies":[{"name":"wp","href":"https:\/\/api.w.org\/{rel}","templated":true}]}}