{"id":450,"date":"2022-12-15T14:11:51","date_gmt":"2022-12-15T14:11:51","guid":{"rendered":"https:\/\/cmykprinted.com\/?post_type=product&#038;p=450"},"modified":"2022-12-16T15:45:11","modified_gmt":"2022-12-16T15:45:11","slug":"10x10-waterproof-40mm-hexagon-frame-outdoor-trade-canopy-tent","status":"publish","type":"product","link":"https:\/\/cmykprinted.com\/hu\/termek\/10x10-waterproof-40mm-hexagon-frame-outdoor-trade-canopy-tent\/","title":{"rendered":"10\u00d710 v\u00edz\u00e1ll\u00f3 40 mm-es hatsz\u00f6glet\u0171 v\u00e1zas k\u00fclt\u00e9ri kereskedelmi ponyvas\u00e1tor"},"content":{"rendered":"","protected":false},"excerpt":{"rendered":"<p>Ez a kiv\u00e1l\u00f3 min\u0151s\u00e9g\u0171 k\u00fclt\u00e9ri el\u0151tet\u0151s s\u00e1tor sokf\u00e9le felhaszn\u00e1l\u00e1sra alkalmas. A v\u00edz\u00e1ll\u00f3, hatsz\u00f6g alak\u00fa keret \u00e9s az \u00e1ll\u00edthat\u00f3 magass\u00e1g sokoldal\u00fav\u00e1 teszi, m\u00edg a sz\u00ednes, mindenre kiterjed\u0151 nyomtat\u00e1si lehet\u0151s\u00e9gek lehet\u0151v\u00e9 teszik a s\u00e1tor megjelen\u00e9s\u00e9nek testreszab\u00e1s\u00e1t. A kerekes tok, a f\u00f6ldi kar\u00f3k \u00e9s a k\u00f6t\u00e9l megk\u00f6nny\u00edti a s\u00e1tor fel\u00e1ll\u00edt\u00e1s\u00e1t \u00e9s r\u00f6gz\u00edt\u00e9s\u00e9t sz\u00e1mos helyen. Ez a s\u00e1tor alkalmas kereskedelmi bemutat\u00f3kra, szabadt\u00e9ri rendezv\u00e9nyekre, valamint ideiglenes mened\u00e9kk\u00e9nt szabadt\u00e9ri tev\u00e9kenys\u00e9gekhez, p\u00e9ld\u00e1ul kempingez\u00e9shez vagy piknikhez.<\/p>\n<div style=\"width: 1290px;\" class=\"wp-video\"><!--[if lt IE 9]><script>document.createElement('video');<\/script><![endif]--><br \/>\n<video class=\"wp-video-shortcode\" id=\"video-450-1\" width=\"1290\" height=\"726\" loop autoplay preload=\"auto\" controls=\"controls\"><source type=\"video\/mp4\" src=\"http:\/\/cmykprinted.com\/wp-content\/uploads\/2022\/12\/Custom-Canopy-Tents.mp4?_=1\" \/><a href=\"http:\/\/cmykprinted.com\/wp-content\/uploads\/2022\/12\/Custom-Canopy-Tents.mp4\">http:\/\/cmykprinted.com\/wp-content\/uploads\/2022\/12\/Custom-Canopy-Tents.mp4<\/a><\/video><\/div>","protected":false},"featured_media":457,"template":"","meta":{"_kad_post_transparent":"default","_kad_post_title":"hide","_kad_post_layout":"fullwidth","_kad_post_sidebar_id":"","_kad_post_content_style":"unboxed","_kad_post_vertical_padding":"hide","_kad_post_feature":"hide","_kad_post_feature_position":"","_kad_post_header":false,"_kad_post_footer":false},"product_cat":[68,70,69],"product_tag":[112,113,114],"class_list":{"0":"post-450","1":"product","2":"type-product","3":"status-publish","4":"has-post-thumbnail","6":"product_cat-custom-canopy-tents","7":"product_cat-10x10ft-custom-branded-canopy-tents","8":"product_cat-40mm-hexagon-aluminum-tents","9":"product_tag-40mm-hexagon-canopy-tent","10":"product_tag-outdoor-trade-canopy","11":"product_tag-outdoor-trade-tent","13":"first","14":"instock","15":"shipping-taxable","16":"product-type-simple","17":"entry","18":"content-bg","19":"loop-entry"},"_links":{"self":[{"href":"https:\/\/cmykprinted.com\/hu\/wp-json\/wp\/v2\/product\/450","targetHints":{"allow":["GET"]}}],"collection":[{"href":"https:\/\/cmykprinted.com\/hu\/wp-json\/wp\/v2\/product"}],"about":[{"href":"https:\/\/cmykprinted.com\/hu\/wp-json\/wp\/v2\/types\/product"}],"version-history":[{"count":3,"href":"https:\/\/cmykprinted.com\/hu\/wp-json\/wp\/v2\/product\/450\/revisions"}],"predecessor-version":[{"id":475,"href":"https:\/\/cmykprinted.com\/hu\/wp-json\/wp\/v2\/product\/450\/revisions\/475"}],"wp:featuredmedia":[{"embeddable":true,"href":"https:\/\/cmykprinted.com\/hu\/wp-json\/wp\/v2\/media\/457"}],"wp:attachment":[{"href":"https:\/\/cmykprinted.com\/hu\/wp-json\/wp\/v2\/media?parent=450"}],"wp:term":[{"taxonomy":"product_cat","embeddable":true,"href":"https:\/\/cmykprinted.com\/hu\/wp-json\/wp\/v2\/product_cat?post=450"},{"taxonomy":"product_tag","embeddable":true,"href":"https:\/\/cmykprinted.com\/hu\/wp-json\/wp\/v2\/product_tag?post=450"}],"curies":[{"name":"wp","href":"https:\/\/api.w.org\/{rel}","templated":true}]}}