{"id":510,"date":"2022-12-17T13:15:19","date_gmt":"2022-12-17T13:15:19","guid":{"rendered":"https:\/\/cmykprinted.com\/?post_type=product&#038;p=510"},"modified":"2022-12-17T14:48:04","modified_gmt":"2022-12-17T14:48:04","slug":"outdoor-flexible-custom-printed-fence-mesh-banners-signs","status":"publish","type":"product","link":"https:\/\/cmykprinted.com\/hu\/termek\/outdoor-flexible-custom-printed-fence-mesh-banners-signs\/","title":{"rendered":"Rugalmas k\u00fclt\u00e9ri, egyedi nyomtatott ker\u00edt\u00e9s h\u00e1l\u00f3s szalaghirdet\u00e9sek"},"content":{"rendered":"","protected":false},"excerpt":{"rendered":"<p>A ker\u00edt\u00e9sh\u00e1l\u00f3s transzparensek olyan k\u00fclt\u00e9ri rekl\u00e1manyagok, amelyeket \u00fagy terveztek, hogy ellen\u00e1lljanak a sz\u00e9lnek \u00e9s egy\u00e9b kedvez\u0151tlen id\u0151j\u00e1r\u00e1si viszonyoknak. Egy h\u00e1l\u00f3szer\u0171 anyagb\u00f3l k\u00e9sz\u00fcltek, amely \u00e1tengedi a sz\u00e9let, \u00edgy kev\u00e9sb\u00e9 val\u00f3sz\u00edn\u0171, hogy a sz\u00e9lben csapkodnak vagy gomolyognak. Ez k\u00fcl\u00f6n\u00f6sen alkalmass\u00e1 teszi \u0151ket oszlopt\u00f3l-oszlopig tart\u00f3 ki\u00e1ll\u00edt\u00e1sokhoz, \u00e9p\u00edt\u0151burkolatokhoz \u00e9s \u00e1llv\u00e1nyt\u00e1bl\u00e1khoz. A h\u00e1l\u00f3s transzparenseket jellemz\u0151en pr\u00e9mium 440-es GSM mesh vinilre nyomtatj\u00e1k, \u00e9s szeg\u00e9lyekkel \u00e9s f\u0171z\u0151lyukakkal sz\u00e1ll\u00edtj\u00e1k, hogy k\u00f6nnyen felakaszthat\u00f3k vagy szerkezetre r\u00f6gz\u00edthet\u0151k. K\u00f6lts\u00e9ghat\u00e9kony m\u00f3dot jelenthetnek v\u00e1llalkoz\u00e1sa vagy rendezv\u00e9nye rekl\u00e1moz\u00e1s\u00e1ra \u00e9s n\u00e9pszer\u0171s\u00edt\u00e9s\u00e9re, gy\u00e1runk pedig t\u00f6meges engedm\u00e9nyeket k\u00edn\u00e1l a nagy megrendel\u00e9sek eset\u00e9n.<\/p>\n<div style=\"width: 1290px;\" class=\"wp-video\"><!--[if lt IE 9]><script>document.createElement('video');<\/script><![endif]--><br \/>\n<video class=\"wp-video-shortcode\" id=\"video-510-1\" width=\"1290\" height=\"726\" loop autoplay preload=\"auto\" controls=\"controls\"><source type=\"video\/mp4\" src=\"http:\/\/cmykprinted.com\/wp-content\/uploads\/2022\/12\/Fence-Mesh-Banners.mp4?_=1\" \/><a href=\"http:\/\/cmykprinted.com\/wp-content\/uploads\/2022\/12\/Fence-Mesh-Banners.mp4\">http:\/\/cmykprinted.com\/wp-content\/uploads\/2022\/12\/Fence-Mesh-Banners.mp4<\/a><\/video><\/div>\n<p>&nbsp;<\/p>","protected":false},"featured_media":512,"template":"","meta":{"_kad_post_transparent":"default","_kad_post_title":"hide","_kad_post_layout":"fullwidth","_kad_post_sidebar_id":"","_kad_post_content_style":"unboxed","_kad_post_vertical_padding":"hide","_kad_post_feature":"hide","_kad_post_feature_position":"","_kad_post_header":false,"_kad_post_footer":false},"product_cat":[85,87,86],"product_tag":[123,121,124,122],"class_list":{"0":"post-510","1":"product","2":"type-product","3":"status-publish","4":"has-post-thumbnail","6":"product_cat-outdoor-vinyl-banners","7":"product_cat-fabric-mesh-banners","8":"product_cat-fence-mesh-banners","9":"product_tag-custom-mesh-banners","10":"product_tag-fence-mesh-banners","11":"product_tag-flexible-mesh-banners","12":"product_tag-outdoor-mesh-banners","14":"first","15":"instock","16":"shipping-taxable","17":"product-type-simple","18":"entry","19":"content-bg","20":"loop-entry"},"_links":{"self":[{"href":"https:\/\/cmykprinted.com\/hu\/wp-json\/wp\/v2\/product\/510","targetHints":{"allow":["GET"]}}],"collection":[{"href":"https:\/\/cmykprinted.com\/hu\/wp-json\/wp\/v2\/product"}],"about":[{"href":"https:\/\/cmykprinted.com\/hu\/wp-json\/wp\/v2\/types\/product"}],"version-history":[{"count":4,"href":"https:\/\/cmykprinted.com\/hu\/wp-json\/wp\/v2\/product\/510\/revisions"}],"predecessor-version":[{"id":522,"href":"https:\/\/cmykprinted.com\/hu\/wp-json\/wp\/v2\/product\/510\/revisions\/522"}],"wp:featuredmedia":[{"embeddable":true,"href":"https:\/\/cmykprinted.com\/hu\/wp-json\/wp\/v2\/media\/512"}],"wp:attachment":[{"href":"https:\/\/cmykprinted.com\/hu\/wp-json\/wp\/v2\/media?parent=510"}],"wp:term":[{"taxonomy":"product_cat","embeddable":true,"href":"https:\/\/cmykprinted.com\/hu\/wp-json\/wp\/v2\/product_cat?post=510"},{"taxonomy":"product_tag","embeddable":true,"href":"https:\/\/cmykprinted.com\/hu\/wp-json\/wp\/v2\/product_tag?post=510"}],"curies":[{"name":"wp","href":"https:\/\/api.w.org\/{rel}","templated":true}]}}