{"id":536,"date":"2022-12-18T04:41:34","date_gmt":"2022-12-18T04:41:34","guid":{"rendered":"https:\/\/cmykprinted.com\/?post_type=product&#038;p=536"},"modified":"2022-12-18T05:05:21","modified_gmt":"2022-12-18T05:05:21","slug":"outdoor-circle-pop-up-banner-stand-with-full-color-printing","status":"publish","type":"product","link":"https:\/\/cmykprinted.com\/hu\/termek\/outdoor-circle-pop-up-banner-stand-with-full-color-printing\/","title":{"rendered":"Outdoor Circle Pop-up Banner \u00e1llv\u00e1ny sz\u00ednes nyomtat\u00e1ssal"},"content":{"rendered":"","protected":false},"excerpt":{"rendered":"<p>Az \u00d6n \u00e1ltal le\u00edrt k\u00f6r alak\u00fa felugr\u00f3 szalaghirdet\u00e9s hasznos marketing- \u00e9s hirdet\u00e9si eszk\u00f6znek t\u0171nik, amellyel egy v\u00e1llalat log\u00f3j\u00e1t vagy m\u00e1rk\u00e1j\u00e1t bemutathatja rendezv\u00e9nyeken, ki\u00e1ll\u00edt\u00e1sokon \u00e9s egy\u00e9b prom\u00f3ci\u00f3s tev\u00e9kenys\u00e9geken. Egyed\u00fcl\u00e1ll\u00f3 form\u00e1ja \u00e9s gyors be\u00e1ll\u00edt\u00e1si ideje miatt kiv\u00e1l\u00f3an haszn\u00e1lhat\u00f3 a legk\u00fcl\u00f6nf\u00e9l\u00e9bb k\u00f6r\u00fclm\u00e9nyek k\u00f6z\u00f6tt, a k\u00fcl\u00f6nb\u00f6z\u0151 m\u00e9retek el\u00e9rhet\u0151s\u00e9ge pedig rugalmass\u00e1got tesz lehet\u0151v\u00e9 a kijelz\u0151 sz\u00e1m\u00e1ra rendelkez\u00e9sre \u00e1ll\u00f3 hely mennyis\u00e9g\u00e9t illet\u0151en. A transzparens strapab\u00edr\u00f3, szabadalmaztatott kerete \u00e9s k\u00f6nny\u0171 kialak\u00edt\u00e1sa megk\u00f6nny\u00edti a sz\u00e1ll\u00edt\u00e1st \u00e9s t\u00e1rol\u00e1st, a hordt\u00e1ska pedig seg\u00edt megv\u00e9deni a sz\u00e1ll\u00edt\u00e1s sor\u00e1n. A sz\u00ednes nyomtat\u00e1s lehet\u0151v\u00e9 teszi a testreszab\u00e1st, \u00e9s lehet\u0151v\u00e9 teszi a l\u00e1tv\u00e1nyos kijelz\u0151k l\u00e9trehoz\u00e1s\u00e1t, amelyek hat\u00e9konyan mutatj\u00e1k be a v\u00e1llalat m\u00e1rk\u00e1j\u00e1t.<\/p>\n<div style=\"width: 1290px;\" class=\"wp-video\"><!--[if lt IE 9]><script>document.createElement('video');<\/script><![endif]--><br \/>\n<video class=\"wp-video-shortcode\" id=\"video-536-1\" width=\"1290\" height=\"726\" loop autoplay preload=\"auto\" controls=\"controls\"><source type=\"video\/mp4\" src=\"http:\/\/cmykprinted.com\/wp-content\/uploads\/2022\/12\/Circle-Pop-Up-Banners.mp4?_=1\" \/><a href=\"http:\/\/cmykprinted.com\/wp-content\/uploads\/2022\/12\/Circle-Pop-Up-Banners.mp4\">http:\/\/cmykprinted.com\/wp-content\/uploads\/2022\/12\/Circle-Pop-Up-Banners.mp4<\/a><\/video><\/div>\n<p>&nbsp;<\/p>","protected":false},"featured_media":537,"template":"","meta":{"_kad_post_transparent":"default","_kad_post_title":"hide","_kad_post_layout":"fullwidth","_kad_post_sidebar_id":"","_kad_post_content_style":"unboxed","_kad_post_vertical_padding":"hide","_kad_post_feature":"hide","_kad_post_feature_position":"","_kad_post_header":false,"_kad_post_footer":false},"product_cat":[92,93],"product_tag":[125,127,126,128],"class_list":{"0":"post-536","1":"product","2":"type-product","3":"status-publish","4":"has-post-thumbnail","6":"product_cat-pop-up-banners","7":"product_cat-circle-pop-up-banners","8":"product_tag-circle-pop-up-banner","9":"product_tag-circle-pop-up-banner-stand","10":"product_tag-outdoor-pop-up-banner","11":"product_tag-pop-up-banner","13":"first","14":"instock","15":"shipping-taxable","16":"product-type-simple","17":"entry","18":"content-bg","19":"loop-entry"},"_links":{"self":[{"href":"https:\/\/cmykprinted.com\/hu\/wp-json\/wp\/v2\/product\/536","targetHints":{"allow":["GET"]}}],"collection":[{"href":"https:\/\/cmykprinted.com\/hu\/wp-json\/wp\/v2\/product"}],"about":[{"href":"https:\/\/cmykprinted.com\/hu\/wp-json\/wp\/v2\/types\/product"}],"version-history":[{"count":3,"href":"https:\/\/cmykprinted.com\/hu\/wp-json\/wp\/v2\/product\/536\/revisions"}],"predecessor-version":[{"id":548,"href":"https:\/\/cmykprinted.com\/hu\/wp-json\/wp\/v2\/product\/536\/revisions\/548"}],"wp:featuredmedia":[{"embeddable":true,"href":"https:\/\/cmykprinted.com\/hu\/wp-json\/wp\/v2\/media\/537"}],"wp:attachment":[{"href":"https:\/\/cmykprinted.com\/hu\/wp-json\/wp\/v2\/media?parent=536"}],"wp:term":[{"taxonomy":"product_cat","embeddable":true,"href":"https:\/\/cmykprinted.com\/hu\/wp-json\/wp\/v2\/product_cat?post=536"},{"taxonomy":"product_tag","embeddable":true,"href":"https:\/\/cmykprinted.com\/hu\/wp-json\/wp\/v2\/product_tag?post=536"}],"curies":[{"name":"wp","href":"https:\/\/api.w.org\/{rel}","templated":true}]}}