{"id":549,"date":"2022-12-18T09:53:56","date_gmt":"2022-12-18T09:53:56","guid":{"rendered":"https:\/\/cmykprinted.com\/?post_type=product&#038;p=549"},"modified":"2022-12-18T10:09:57","modified_gmt":"2022-12-18T10:09:57","slug":"custom-shop-front-flag-double-sided-wall-flag-banner-sign","status":"publish","type":"product","link":"https:\/\/cmykprinted.com\/hu\/termek\/custom-shop-front-flag-double-sided-wall-flag-banner-sign\/","title":{"rendered":"Egyedi \u00fczlet els\u0151 z\u00e1szl\u00f3ja, k\u00e9toldalas fali z\u00e1szl\u00f3 z\u00e1szl\u00f3"},"content":{"rendered":"","protected":false},"excerpt":{"rendered":"<p>Az \u00fczlet el\u0151tti z\u00e1szl\u00f3k n\u00e9pszer\u0171 m\u00f3dja annak, hogy a v\u00e1llalkoz\u00e1sok rekl\u00e1mozz\u00e1k term\u00e9keiket vagy szolg\u00e1ltat\u00e1saikat a j\u00e1r\u00f3kel\u0151knek. Jellemz\u0151en egy \u00fczlet vagy \u00fczlet k\u00fclsej\u00e9re szerelik \u0151ket, \u00e9s \u00fagy tervezt\u00e9k, hogy szemet gy\u00f6ny\u00f6rk\u00f6djenek \u00e9s felh\u00edvj\u00e1k magukra a figyelmet. A bolt els\u0151 z\u00e1szl\u00f3inak k\u00e9t f\u0151 t\u00edpusa a hegyes \u00e9s az egyenes \u00e9l\u0171 st\u00edlus. A hegyes sz\u00e9l\u0171 z\u00e1szl\u00f3k h\u00e1romsz\u00f6g alak\u00faak, \u00e9s jellemz\u0151en r\u00fadra vannak felszerelve, m\u00edg az egyenes \u00e9l\u0171 z\u00e1szl\u00f3k t\u00e9glalap alak\u00faak, \u00e9s falra vagy mennyezetre f\u00fcggeszthet\u0151k. Mindk\u00e9t t\u00edpus\u00fa z\u00e1szl\u00f3 nyomtathat\u00f3 egy- vagy k\u00e9toldalas grafik\u00e1val, a v\u00e1llalkoz\u00e1s ig\u00e9nyeit\u0151l f\u00fcgg\u0151en.<br \/>\nA bolti z\u00e1szl\u00f3k \u00e1ltal\u00e1ban alum\u00edniumb\u00f3l vagy sz\u00f6vetb\u0151l k\u00e9sz\u00fclnek, \u00e9s sz\u00e1mos m\u00f3dszerrel nyomtathat\u00f3k, bele\u00e9rtve az UV digit\u00e1lis nyomtat\u00e1st vagy a fest\u00e9kszublim\u00e1ci\u00f3t. Az UV-digit\u00e1lis nyomtat\u00e1s egy olyan elj\u00e1r\u00e1s, amely UV f\u00e9nyt haszn\u00e1l a tinta kikem\u00e9ny\u00edt\u00e9s\u00e9re, ami hosszabb ideig tart a sz\u00ednben, \u00e9s jobban ellen\u00e1ll a fakul\u00e1snak \u00e9s a v\u00edzk\u00e1rosod\u00e1snak. A fest\u00e9kszublim\u00e1ci\u00f3 egy olyan folyamat, amely h\u0151t haszn\u00e1l a tint\u00e1nak egy speci\u00e1lis pap\u00edrr\u00f3l a sz\u00f6vetre t\u00f6rt\u00e9n\u0151 \u00e1tvitel\u00e9re, ami \u00e9l\u00e9nk \u00e9s \u00e9les fel\u00fcletet eredm\u00e9nyez.<\/p>\n<p>&nbsp;<\/p>","protected":false},"featured_media":550,"template":"","meta":{"_kad_post_transparent":"default","_kad_post_title":"hide","_kad_post_layout":"fullwidth","_kad_post_sidebar_id":"","_kad_post_content_style":"unboxed","_kad_post_vertical_padding":"hide","_kad_post_feature":"hide","_kad_post_feature_position":"","_kad_post_header":false,"_kad_post_footer":false},"product_cat":[79],"product_tag":[131,133,132,129,130],"class_list":{"0":"post-549","1":"product","2":"type-product","3":"status-publish","4":"has-post-thumbnail","6":"product_cat-custom-flags","7":"product_tag-custom-flag","8":"product_tag-custom-wall-sign","9":"product_tag-double-sided-wall-flag","10":"product_tag-shop-front-flag","11":"product_tag-wall-flag","13":"first","14":"instock","15":"shipping-taxable","16":"product-type-simple","17":"entry","18":"content-bg","19":"loop-entry"},"_links":{"self":[{"href":"https:\/\/cmykprinted.com\/hu\/wp-json\/wp\/v2\/product\/549","targetHints":{"allow":["GET"]}}],"collection":[{"href":"https:\/\/cmykprinted.com\/hu\/wp-json\/wp\/v2\/product"}],"about":[{"href":"https:\/\/cmykprinted.com\/hu\/wp-json\/wp\/v2\/types\/product"}],"version-history":[{"count":2,"href":"https:\/\/cmykprinted.com\/hu\/wp-json\/wp\/v2\/product\/549\/revisions"}],"predecessor-version":[{"id":556,"href":"https:\/\/cmykprinted.com\/hu\/wp-json\/wp\/v2\/product\/549\/revisions\/556"}],"wp:featuredmedia":[{"embeddable":true,"href":"https:\/\/cmykprinted.com\/hu\/wp-json\/wp\/v2\/media\/550"}],"wp:attachment":[{"href":"https:\/\/cmykprinted.com\/hu\/wp-json\/wp\/v2\/media?parent=549"}],"wp:term":[{"taxonomy":"product_cat","embeddable":true,"href":"https:\/\/cmykprinted.com\/hu\/wp-json\/wp\/v2\/product_cat?post=549"},{"taxonomy":"product_tag","embeddable":true,"href":"https:\/\/cmykprinted.com\/hu\/wp-json\/wp\/v2\/product_tag?post=549"}],"curies":[{"name":"wp","href":"https:\/\/api.w.org\/{rel}","templated":true}]}}