{"id":590,"date":"2022-12-19T03:28:56","date_gmt":"2022-12-19T03:28:56","guid":{"rendered":"https:\/\/cmykprinted.com\/?post_type=product&#038;p=590"},"modified":"2022-12-19T05:12:32","modified_gmt":"2022-12-19T05:12:32","slug":"high-quality-custom-uv-transfer-stickers-in-various-colors","status":"publish","type":"product","link":"https:\/\/cmykprinted.com\/hu\/termek\/high-quality-custom-uv-transfer-stickers-in-various-colors\/","title":{"rendered":"Kiv\u00e1l\u00f3 min\u0151s\u00e9g\u0171 egyedi UV transzfer matric\u00e1k k\u00fcl\u00f6nb\u00f6z\u0151 sz\u00ednekben"},"content":{"rendered":"","protected":false},"excerpt":{"rendered":"<p>Egyedi UV transzfer matric\u00e1ink kiv\u00e1l\u00f3 \u00e9s k\u00f6lts\u00e9ghat\u00e9kony m\u00f3dja annak, hogy n\u00e9pszer\u0171s\u00edtse v\u00e1llalkoz\u00e1s\u00e1t, vagy szem\u00e9lyre szabott hangulatot adjon j\u00e1rm\u0171v\u00e9nek. T\u00f6bb mint 50 speci\u00e1lis anyag \u00e9s sz\u00edn k\u00f6z\u00fcl v\u00e1laszthat, bele\u00e9rtve a f\u00e9nyvisszaver\u0151, csillog\u00f3 \u00e9s holografikus opci\u00f3kat, \u00edgy t\u00f6k\u00e9letes transzfer matric\u00e1t k\u00e9sz\u00edthet az ig\u00e9nyeinek megfelel\u0151en. Ak\u00e1r c\u00e9ge, m\u00e1rk\u00e1ja vagy csoportja rekl\u00e1moz\u00e1s\u00e1ra szeretn\u00e9 haszn\u00e1lni c\u00e9ges j\u00e1rm\u0171v\u00e9t, ak\u00e1r csak egy\u00e9nis\u00e9get szeretne adni aut\u00f3j\u00e1nak, egyedi matric\u00e1ink kiv\u00e1l\u00f3 v\u00e1laszt\u00e1st jelentenek. R\u00e1ad\u00e1sul a k\u00f6nnyen haszn\u00e1lhat\u00f3 tervez\u0151eszk\u00f6z\u00fcnkkel egyszer\u0171en k\u00e9sz\u00edthet epikus, \u00fatk\u00f6zbeni egyedi matric\u00e1kat, amelyek mindenhol felfigyelnek r\u00e1d. Akkor minek v\u00e1rni? Kezdje el egyedi UV transzfer matric\u00e1it m\u00e9g ma, \u00e9s emelje marketing er\u0151fesz\u00edt\u00e9seit a k\u00f6vetkez\u0151 szintre!<\/p>\n<div style=\"width: 1290px;\" class=\"wp-video\"><!--[if lt IE 9]><script>document.createElement('video');<\/script><![endif]--><br \/>\n<video class=\"wp-video-shortcode\" id=\"video-590-1\" width=\"1290\" height=\"726\" loop autoplay preload=\"auto\" controls=\"controls\"><source type=\"video\/mp4\" src=\"http:\/\/cmykprinted.com\/wp-content\/uploads\/2022\/12\/UV-Transfer-Stickers.mp4?_=1\" \/><a href=\"http:\/\/cmykprinted.com\/wp-content\/uploads\/2022\/12\/UV-Transfer-Stickers.mp4\">http:\/\/cmykprinted.com\/wp-content\/uploads\/2022\/12\/UV-Transfer-Stickers.mp4<\/a><\/video><\/div>\n<p>&nbsp;<\/p>","protected":false},"featured_media":591,"template":"","meta":{"_kad_post_transparent":"default","_kad_post_title":"hide","_kad_post_layout":"fullwidth","_kad_post_sidebar_id":"","_kad_post_content_style":"unboxed","_kad_post_vertical_padding":"hide","_kad_post_feature":"hide","_kad_post_feature_position":"","_kad_post_header":false,"_kad_post_footer":false},"product_cat":[101,103],"product_tag":[139,141,140,138],"class_list":{"0":"post-590","1":"product","2":"type-product","3":"status-publish","4":"has-post-thumbnail","6":"product_cat-transfer-stickers","7":"product_cat-uv-transfer-stickers","8":"product_tag-custom-uv-sticker","9":"product_tag-custom-uv-transfer-stickers","10":"product_tag-high-quality-transfer-stickers","11":"product_tag-uv-transfer-stickers","13":"first","14":"instock","15":"shipping-taxable","16":"product-type-simple","17":"entry","18":"content-bg","19":"loop-entry"},"_links":{"self":[{"href":"https:\/\/cmykprinted.com\/hu\/wp-json\/wp\/v2\/product\/590","targetHints":{"allow":["GET"]}}],"collection":[{"href":"https:\/\/cmykprinted.com\/hu\/wp-json\/wp\/v2\/product"}],"about":[{"href":"https:\/\/cmykprinted.com\/hu\/wp-json\/wp\/v2\/types\/product"}],"version-history":[{"count":3,"href":"https:\/\/cmykprinted.com\/hu\/wp-json\/wp\/v2\/product\/590\/revisions"}],"predecessor-version":[{"id":598,"href":"https:\/\/cmykprinted.com\/hu\/wp-json\/wp\/v2\/product\/590\/revisions\/598"}],"wp:featuredmedia":[{"embeddable":true,"href":"https:\/\/cmykprinted.com\/hu\/wp-json\/wp\/v2\/media\/591"}],"wp:attachment":[{"href":"https:\/\/cmykprinted.com\/hu\/wp-json\/wp\/v2\/media?parent=590"}],"wp:term":[{"taxonomy":"product_cat","embeddable":true,"href":"https:\/\/cmykprinted.com\/hu\/wp-json\/wp\/v2\/product_cat?post=590"},{"taxonomy":"product_tag","embeddable":true,"href":"https:\/\/cmykprinted.com\/hu\/wp-json\/wp\/v2\/product_tag?post=590"}],"curies":[{"name":"wp","href":"https:\/\/api.w.org\/{rel}","templated":true}]}}