{"id":599,"date":"2022-12-21T12:16:59","date_gmt":"2022-12-21T12:16:59","guid":{"rendered":"https:\/\/cmykprinted.com\/?post_type=product&#038;p=599"},"modified":"2022-12-21T13:11:04","modified_gmt":"2022-12-21T13:11:04","slug":"outdoor-promotional-custom-rectangular-beach-flags-banners","status":"publish","type":"product","link":"https:\/\/cmykprinted.com\/hu\/termek\/outdoor-promotional-custom-rectangular-beach-flags-banners\/","title":{"rendered":"K\u00fclt\u00e9ri prom\u00f3ci\u00f3s egyedi t\u00e9glalap alak\u00fa tengerparti z\u00e1szl\u00f3k"},"content":{"rendered":"","protected":false},"excerpt":{"rendered":"<p>M\u00e1s z\u00e1szl\u00f3nyomtat\u00f3 term\u00e9kekt\u0151l elt\u00e9r\u0151en a t\u00e9glalap alak\u00fa strandz\u00e1szl\u00f3 egyenes \u00e9s fesz\u00edtett marad, \u00e9s nem forog a sz\u00e9llel, m\u00e9g a legrosszabb k\u00f6r\u00fclm\u00e9nyek k\u00f6z\u00f6tt sem. Ez egyed\u00fcl\u00e1ll\u00f3 kialak\u00edt\u00e1s\u00e1nak \u00e9s fel\u00e9p\u00edt\u00e9s\u00e9nek k\u00f6sz\u00f6nhet\u0151, amely k\u00f6nny\u0171, tart\u00f3s anyagokat \u00e9s er\u0151s alapot haszn\u00e1l, hogy a z\u00e1szl\u00f3t f\u00fcgg\u0151legesen \u00e9s stabilan tartsa. A rep\u00fcl\u0151 transzparensk\u00e9nt is emlegetett tengerparti z\u00e1szl\u00f3 ide\u00e1lis olyan helyzetekben val\u00f3 haszn\u00e1latra, ahol fontos, hogy j\u00f3l olvashat\u00f3 sz\u00f6veg legyen a rekl\u00e1manyagon. Ezek a nyomtatott z\u00e1szl\u00f3k a szakki\u00e1ll\u00edt\u00e1sok, rendezv\u00e9nyek \u00e9s egy\u00e9b szabadt\u00e9ri \u00f6sszej\u00f6vetelek n\u00e9pszer\u0171 hirdet\u00e9si form\u00e1ja, belt\u00e9ri \u00e9s k\u00fclt\u00e9ri haszn\u00e1latra egyar\u00e1nt alkalmasak. A k\u00e9toldalas opci\u00f3, amelyben a z\u00e1szl\u00f3 mindk\u00e9t oldal\u00e1ra nyomtatva, el\u00e9rhet\u0151 a maxim\u00e1lis hat\u00e1s \u00e9s l\u00e1that\u00f3s\u00e1g \u00e9rdek\u00e9ben, \u00e9s k\u00fcl\u00f6n\u00f6sen hasznos olyan helyzetekben, amikor a z\u00e1szl\u00f3t t\u00f6bb sz\u00f6gb\u0151l n\u00e9zik. Az ezekhez a z\u00e1szl\u00f3khoz el\u00e9rhet\u0151 k\u00fcl\u00f6nb\u00f6z\u0151 m\u00e9retekr\u0151l \u00e9s alapokr\u00f3l tov\u00e1bbi inform\u00e1ci\u00f3\u00e9rt tekintse meg a Specifik\u00e1ci\u00f3k f\u00fclet.<\/p>\n<div style=\"width: 1290px;\" class=\"wp-video\"><!--[if lt IE 9]><script>document.createElement('video');<\/script><![endif]--><br \/>\n<video class=\"wp-video-shortcode\" id=\"video-599-1\" width=\"1290\" height=\"726\" loop autoplay preload=\"auto\" controls=\"controls\"><source type=\"video\/mp4\" src=\"http:\/\/cmykprinted.com\/wp-content\/uploads\/2022\/12\/Rectangular-Beach-Flags.mp4?_=1\" \/><a href=\"http:\/\/cmykprinted.com\/wp-content\/uploads\/2022\/12\/Rectangular-Beach-Flags.mp4\">http:\/\/cmykprinted.com\/wp-content\/uploads\/2022\/12\/Rectangular-Beach-Flags.mp4<\/a><\/video><\/div>","protected":false},"featured_media":600,"template":"","meta":{"_kad_post_transparent":"default","_kad_post_title":"hide","_kad_post_layout":"fullwidth","_kad_post_sidebar_id":"","_kad_post_content_style":"unboxed","_kad_post_vertical_padding":"hide","_kad_post_feature":"hide","_kad_post_feature_position":"","_kad_post_header":false,"_kad_post_footer":false},"product_cat":[64,66],"product_tag":[144,142,146,143,145],"class_list":{"0":"post-599","1":"product","2":"type-product","3":"status-publish","4":"has-post-thumbnail","6":"product_cat-beach-flags","7":"product_cat-rectangular-flags-banners","8":"product_tag-custom-beach-flags","9":"product_tag-outdoor-beach-flags","10":"product_tag-outdoor-promotional-beach-banners","11":"product_tag-promotional-beach-flags","12":"product_tag-rectangular-beach-flags","14":"first","15":"instock","16":"shipping-taxable","17":"product-type-simple","18":"entry","19":"content-bg","20":"loop-entry"},"_links":{"self":[{"href":"https:\/\/cmykprinted.com\/hu\/wp-json\/wp\/v2\/product\/599","targetHints":{"allow":["GET"]}}],"collection":[{"href":"https:\/\/cmykprinted.com\/hu\/wp-json\/wp\/v2\/product"}],"about":[{"href":"https:\/\/cmykprinted.com\/hu\/wp-json\/wp\/v2\/types\/product"}],"version-history":[{"count":5,"href":"https:\/\/cmykprinted.com\/hu\/wp-json\/wp\/v2\/product\/599\/revisions"}],"predecessor-version":[{"id":611,"href":"https:\/\/cmykprinted.com\/hu\/wp-json\/wp\/v2\/product\/599\/revisions\/611"}],"wp:featuredmedia":[{"embeddable":true,"href":"https:\/\/cmykprinted.com\/hu\/wp-json\/wp\/v2\/media\/600"}],"wp:attachment":[{"href":"https:\/\/cmykprinted.com\/hu\/wp-json\/wp\/v2\/media?parent=599"}],"wp:term":[{"taxonomy":"product_cat","embeddable":true,"href":"https:\/\/cmykprinted.com\/hu\/wp-json\/wp\/v2\/product_cat?post=599"},{"taxonomy":"product_tag","embeddable":true,"href":"https:\/\/cmykprinted.com\/hu\/wp-json\/wp\/v2\/product_tag?post=599"}],"curies":[{"name":"wp","href":"https:\/\/api.w.org\/{rel}","templated":true}]}}