{"id":612,"date":"2022-12-21T13:15:52","date_gmt":"2022-12-21T13:15:52","guid":{"rendered":"https:\/\/cmykprinted.com\/?post_type=product&#038;p=612"},"modified":"2022-12-21T14:08:22","modified_gmt":"2022-12-21T14:08:22","slug":"outdoor-folding-50mm-heavy-duty-hexagonal-aluminum-tents","status":"publish","type":"product","link":"https:\/\/cmykprinted.com\/hu\/termek\/outdoor-folding-50mm-heavy-duty-hexagonal-aluminum-tents\/","title":{"rendered":"K\u00fclt\u00e9ri \u00f6sszecsukhat\u00f3 50 mm-es nagy teherb\u00edr\u00e1s\u00fa hatsz\u00f6glet\u0171 alum\u00ednium s\u00e1trak"},"content":{"rendered":"","protected":false},"excerpt":{"rendered":"<p>50 mm-es nagy teherb\u00edr\u00e1s\u00fa, hatsz\u00f6glet\u0171 alum\u00ednium s\u00e1traink a t\u00f6k\u00e9letes megold\u00e1st jelentenek b\u00e1rmilyen szabadt\u00e9ri rendezv\u00e9nyhez, bele\u00e9rtve a bolhapiacokat, k\u00e9zm\u0171ves bemutat\u00f3kat, sportesem\u00e9nyeket \u00e9s m\u0171v\u00e9szeti fesztiv\u00e1lokat. Belt\u00e9ri haszn\u00e1latra is alkalmasak, \u00edgy hihetetlen\u00fcl sokoldal\u00faak \u00e9s k\u00e9nyelmesek. A lombkorona teteje nagy teherb\u00edr\u00e1s\u00fa poli\u00e9szterb\u0151l k\u00e9sz\u00fcl, amely v\u00edz\u00e1ll\u00f3 \u00e9s UV-v\u00e9dett tint\u00e1kkal van nyomtatva, \u00edgy biztos\u00edtva, hogy tart\u00f3sak \u00e9s ellen\u00e1lljanak az id\u0151j\u00e1r\u00e1s viszontags\u00e1gainak. Tart\u00f3ss\u00e1guk \u00e9s funkcionalit\u00e1suk mellett egyedi s\u00e1traink nagym\u00e9rt\u00e9kben hordozhat\u00f3ak is, \u00edgy t\u00f6k\u00e9letes v\u00e1laszt\u00e1st jelentenek azoknak az egy\u00e9neknek \u00e9s szervezeteknek, akiknek megb\u00edzhat\u00f3 \u00e9s k\u00f6nnyen haszn\u00e1lhat\u00f3 mened\u00e9khelyi megold\u00e1sra van sz\u00fcks\u00e9g\u00fck, amely szinte b\u00e1rhov\u00e1 eljuthat. Ak\u00e1r ideiglenes el\u0151tet\u0151re van sz\u00fcks\u00e9ge egy egyszeri esem\u00e9nyhez, ak\u00e1r hossz\u00fa t\u00e1v\u00fa mened\u00e9kes megold\u00e1sra van sz\u00fcks\u00e9ge v\u00e1llalkoz\u00e1sa vagy szervezete sz\u00e1m\u00e1ra, az 50 mm-es nagy teherb\u00edr\u00e1s\u00fa, hatsz\u00f6glet\u0171 alum\u00ednium s\u00e1traink az er\u0151, a tart\u00f3ss\u00e1g \u00e9s a k\u00e9nyelem t\u00f6k\u00e9letes kombin\u00e1ci\u00f3j\u00e1t k\u00edn\u00e1lj\u00e1k.<\/p>\n<div style=\"width: 1290px;\" class=\"wp-video\"><!--[if lt IE 9]><script>document.createElement('video');<\/script><![endif]--><br \/>\n<video class=\"wp-video-shortcode\" id=\"video-612-1\" width=\"1290\" height=\"726\" loop autoplay preload=\"auto\" controls=\"controls\"><source type=\"video\/mp4\" src=\"http:\/\/cmykprinted.com\/wp-content\/uploads\/2022\/12\/50mm-Heavy-Duty-Hexagon-Aluminum-Tents.mp4?_=1\" \/><a href=\"http:\/\/cmykprinted.com\/wp-content\/uploads\/2022\/12\/50mm-Heavy-Duty-Hexagon-Aluminum-Tents.mp4\">http:\/\/cmykprinted.com\/wp-content\/uploads\/2022\/12\/50mm-Heavy-Duty-Hexagon-Aluminum-Tents.mp4<\/a><\/video><\/div>","protected":false},"featured_media":613,"template":"","meta":{"_kad_post_transparent":"default","_kad_post_title":"hide","_kad_post_layout":"fullwidth","_kad_post_sidebar_id":"","_kad_post_content_style":"unboxed","_kad_post_vertical_padding":"hide","_kad_post_feature":"hide","_kad_post_feature_position":"","_kad_post_header":false,"_kad_post_footer":false},"product_cat":[68,75,74],"product_tag":[147,151,149,148,150],"class_list":{"0":"post-612","1":"product","2":"type-product","3":"status-publish","4":"has-post-thumbnail","6":"product_cat-custom-canopy-tents","7":"product_cat-10x10-custom-branded-canopy-tents","8":"product_cat-50mm-heavy-duty-hexagon-aluminum-tents","9":"product_tag-50mm-heavy-duty-hexagonal-aluminum-tents","10":"product_tag-folding-aluminum-tents","11":"product_tag-heavy-duty-aluminum-tents","12":"product_tag-hexagonal-aluminum-tents","13":"product_tag-outdoor-aluminum-tents","15":"first","16":"instock","17":"shipping-taxable","18":"product-type-simple","19":"entry","20":"content-bg","21":"loop-entry"},"_links":{"self":[{"href":"https:\/\/cmykprinted.com\/hu\/wp-json\/wp\/v2\/product\/612","targetHints":{"allow":["GET"]}}],"collection":[{"href":"https:\/\/cmykprinted.com\/hu\/wp-json\/wp\/v2\/product"}],"about":[{"href":"https:\/\/cmykprinted.com\/hu\/wp-json\/wp\/v2\/types\/product"}],"version-history":[{"count":3,"href":"https:\/\/cmykprinted.com\/hu\/wp-json\/wp\/v2\/product\/612\/revisions"}],"predecessor-version":[{"id":623,"href":"https:\/\/cmykprinted.com\/hu\/wp-json\/wp\/v2\/product\/612\/revisions\/623"}],"wp:featuredmedia":[{"embeddable":true,"href":"https:\/\/cmykprinted.com\/hu\/wp-json\/wp\/v2\/media\/613"}],"wp:attachment":[{"href":"https:\/\/cmykprinted.com\/hu\/wp-json\/wp\/v2\/media?parent=612"}],"wp:term":[{"taxonomy":"product_cat","embeddable":true,"href":"https:\/\/cmykprinted.com\/hu\/wp-json\/wp\/v2\/product_cat?post=612"},{"taxonomy":"product_tag","embeddable":true,"href":"https:\/\/cmykprinted.com\/hu\/wp-json\/wp\/v2\/product_tag?post=612"}],"curies":[{"name":"wp","href":"https:\/\/api.w.org\/{rel}","templated":true}]}}