{"id":624,"date":"2022-12-22T03:01:03","date_gmt":"2022-12-22T03:01:03","guid":{"rendered":"https:\/\/cmykprinted.com\/?post_type=product&#038;p=624"},"modified":"2022-12-22T03:51:54","modified_gmt":"2022-12-22T03:51:54","slug":"custom-printed-hand-flags-handheld-stick-flag-at-cheap-price","status":"publish","type":"product","link":"https:\/\/cmykprinted.com\/hu\/termek\/custom-printed-hand-flags-handheld-stick-flag-at-cheap-price\/","title":{"rendered":"Egyedi nyomtatott k\u00e9zi z\u00e1szl\u00f3k K\u00e9zi botz\u00e1szl\u00f3 olcs\u00f3n"},"content":{"rendered":"","protected":false},"excerpt":{"rendered":"<p>Az egyedi nyomtatott k\u00e9zi z\u00e1szl\u00f3k kiv\u00e1l\u00f3 m\u00f3dja annak, hogy \u00fczenet\u00e9t eljuttassa b\u00e1rmilyen esem\u00e9nyhez vagy prom\u00f3ci\u00f3hoz. Megfizethet\u0151ek, m\u00e9gis nagyot tesznek a figyelem felkelt\u00e9s\u00e9ben. Ak\u00e1r egy ki\u00e1ll\u00edt\u00e1son, egy sportm\u00e9rk\u0151z\u00e9sen, egy felvonul\u00e1son, konferenci\u00e1n vagy b\u00e1rmilyen m\u00e1s esem\u00e9nyen vesz r\u00e9szt, az egyedi nyomtatott k\u00e9zi z\u00e1szl\u00f3k nagyszer\u0171 m\u00f3dja annak, hogy megmutassa m\u00e1rk\u00e1j\u00e1t vagy \u00fczenet\u00e9t. Tart\u00f3s poli\u00e9szter sz\u00f6vetb\u0151l k\u00e9sz\u00fclnek, \u00e9s fest\u00e9kszublim\u00e1ci\u00f3s nyomtat\u00e1ssal nyomtatj\u00e1k, ami biztos\u00edtja, hogy a sz\u00ednek er\u0151sek \u00e9s \u00e9l\u00e9nkek legyenek. A z\u00e1szl\u00f3k egyetlen h\u00e1toldalon nyomtatottak, ami azt jelenti, hogy az egyik oldalon a k\u00e9p l\u00e1that\u00f3, a h\u00e1toldalon pedig t\u00fck\u00f6rk\u00e9p. M\u0171anyag vagy fa tiplivel vannak ell\u00e1tva, \u00e9s z\u00e1szl\u00f3s h\u00fcvely seg\u00edts\u00e9g\u00e9vel r\u00f6gz\u00edtik a p\u00e1lc\u00e1hoz. Az egyedi nyomtatott k\u00e9zi z\u00e1szl\u00f3k nem csup\u00e1n a m\u00e1rka vagy \u00fczenet n\u00e9pszer\u0171s\u00edt\u00e9s\u00e9nek nagyszer\u0171 m\u00f3djai, hanem sz\u00f3rakoztat\u00f3 \u00e9s interakt\u00edv m\u00f3dot is jelentenek a k\u00f6z\u00f6ns\u00e9g bevon\u00e1s\u00e1ra. Akkor minek v\u00e1rni? Szerezze meg egyedi nyomtatott k\u00e9zi z\u00e1szl\u00f3it m\u00e9g ma, \u00e9s n\u00e9zze meg, ahogy \u00fczenete rep\u00fcl!<\/p>\n<div style=\"width: 1290px;\" class=\"wp-video\"><!--[if lt IE 9]><script>document.createElement('video');<\/script><![endif]--><br \/>\n<video class=\"wp-video-shortcode\" id=\"video-624-1\" width=\"1290\" height=\"726\" loop autoplay preload=\"auto\" controls=\"controls\"><source type=\"video\/mp4\" src=\"http:\/\/cmykprinted.com\/wp-content\/uploads\/2022\/12\/Custom-Printed-Hand-Flags.mp4?_=1\" \/><a href=\"http:\/\/cmykprinted.com\/wp-content\/uploads\/2022\/12\/Custom-Printed-Hand-Flags.mp4\">http:\/\/cmykprinted.com\/wp-content\/uploads\/2022\/12\/Custom-Printed-Hand-Flags.mp4<\/a><\/video><\/div>\n<p>&nbsp;<\/p>","protected":false},"featured_media":625,"template":"","meta":{"_kad_post_transparent":"default","_kad_post_title":"hide","_kad_post_layout":"fullwidth","_kad_post_sidebar_id":"","_kad_post_content_style":"unboxed","_kad_post_vertical_padding":"hide","_kad_post_feature":"hide","_kad_post_feature_position":"","_kad_post_header":false,"_kad_post_footer":false},"product_cat":[79],"product_tag":[153,155,152,154],"class_list":{"0":"post-624","1":"product","2":"type-product","3":"status-publish","4":"has-post-thumbnail","6":"product_cat-custom-flags","7":"product_tag-custom-hand-flags","8":"product_tag-custom-handheld-flag","9":"product_tag-custom-printed-hand-flags","10":"product_tag-handheld-stick-flag","12":"first","13":"instock","14":"shipping-taxable","15":"product-type-simple","16":"entry","17":"content-bg","18":"loop-entry"},"_links":{"self":[{"href":"https:\/\/cmykprinted.com\/hu\/wp-json\/wp\/v2\/product\/624","targetHints":{"allow":["GET"]}}],"collection":[{"href":"https:\/\/cmykprinted.com\/hu\/wp-json\/wp\/v2\/product"}],"about":[{"href":"https:\/\/cmykprinted.com\/hu\/wp-json\/wp\/v2\/types\/product"}],"version-history":[{"count":4,"href":"https:\/\/cmykprinted.com\/hu\/wp-json\/wp\/v2\/product\/624\/revisions"}],"predecessor-version":[{"id":635,"href":"https:\/\/cmykprinted.com\/hu\/wp-json\/wp\/v2\/product\/624\/revisions\/635"}],"wp:featuredmedia":[{"embeddable":true,"href":"https:\/\/cmykprinted.com\/hu\/wp-json\/wp\/v2\/media\/625"}],"wp:attachment":[{"href":"https:\/\/cmykprinted.com\/hu\/wp-json\/wp\/v2\/media?parent=624"}],"wp:term":[{"taxonomy":"product_cat","embeddable":true,"href":"https:\/\/cmykprinted.com\/hu\/wp-json\/wp\/v2\/product_cat?post=624"},{"taxonomy":"product_tag","embeddable":true,"href":"https:\/\/cmykprinted.com\/hu\/wp-json\/wp\/v2\/product_tag?post=624"}],"curies":[{"name":"wp","href":"https:\/\/api.w.org\/{rel}","templated":true}]}}