{"id":644,"date":"2022-12-22T07:18:12","date_gmt":"2022-12-22T07:18:12","guid":{"rendered":"https:\/\/cmykprinted.com\/?post_type=product&#038;p=644"},"modified":"2022-12-22T07:55:34","modified_gmt":"2022-12-22T07:55:34","slug":"custom-table-runners-table-cover-trade-show-tablecloth","status":"publish","type":"product","link":"https:\/\/cmykprinted.com\/hu\/termek\/custom-table-runners-table-cover-trade-show-tablecloth\/","title":{"rendered":"Egyedi asztali fut\u00f3k asztalter\u00edt\u0151 kereskedelmi ki\u00e1ll\u00edt\u00e1si ter\u00edt\u0151"},"content":{"rendered":"","protected":false},"excerpt":{"rendered":"<p>Ha egy\u00e9ni asztali fut\u00f3kra van sz\u00fcks\u00e9ge \u00fczleti vagy szem\u00e9lyes rendezv\u00e9nyeihez, mi gondoskodunk r\u00f3la. Kiv\u00e1l\u00f3 min\u0151s\u00e9g\u0171 asztalter\u00edt\u0151ink mindenre t\u00f6k\u00e9letesek, a ki\u00e1ll\u00edt\u00e1sokt\u00f3l kezdve az adom\u00e1nygy\u0171jt\u00e9sekig, \u00e9s tart\u00f3san tervezt\u00e9k \u0151ket. Pr\u00e9mium min\u0151s\u00e9g\u0171 poli\u00e9szter sz\u00f6vetb\u0151l k\u00e9sz\u00fclt, sz\u00ednes, 1440 DPI-s fest\u00e9kszublim\u00e1ci\u00f3s nyomtat\u00e1ssal, ezek az egyedi nyomtat\u00e1s\u00fa asztali fut\u00f3k garant\u00e1ltan maradand\u00f3 benyom\u00e1st keltenek. Haszn\u00e1lja \u0151ket m\u00e1rk\u00e1j\u00e1nak vagy log\u00f3j\u00e1nak n\u00e9pszer\u0171s\u00edt\u00e9s\u00e9re konferenci\u00e1kon, rendezv\u00e9nyeken vagy kereskedelmi ki\u00e1ll\u00edt\u00e1sokon, vagy egyszer\u0171en helyezze el \u0151ket egy t\u00f6m\u00f6r asztaltakar\u00f3hoz az elegancia \u00e9s a dekor\u00e1ci\u00f3 \u00e9rdek\u00e9ben. El\u0151re meghat\u00e1rozott, 2&#039;x7,5\u2032-os m\u00e9retben kaphat\u00f3, \u00e9s ak\u00e1r egyedi m\u00e9reteket is v\u00e1laszthat, hogy t\u00f6k\u00e9letesen megfeleljen az \u00d6n ig\u00e9nyeinek. B\u00edzzon benn\u00fcnk, mint az egy\u00e9ni asztali fut\u00f3k megb\u00edzhat\u00f3 forr\u00e1sa, amely hat\u00e9konyan hirdeti v\u00e1llalkoz\u00e1s\u00e1t, \u00e9s ki\u00e1llja az id\u0151 pr\u00f3b\u00e1j\u00e1t.<\/p>","protected":false},"featured_media":647,"template":"","meta":{"_kad_post_transparent":"default","_kad_post_title":"hide","_kad_post_layout":"fullwidth","_kad_post_sidebar_id":"","_kad_post_content_style":"unboxed","_kad_post_vertical_padding":"hide","_kad_post_feature":"hide","_kad_post_feature_position":"","_kad_post_header":false,"_kad_post_footer":false},"product_cat":[80,82],"product_tag":[157,156,158,159],"class_list":{"0":"post-644","1":"product","2":"type-product","3":"status-publish","4":"has-post-thumbnail","6":"product_cat-custom-tablecloth","7":"product_cat-custom-table-runner","8":"product_tag-custom-table-cover","9":"product_tag-custom-table-runners","10":"product_tag-custom-tablecloth","11":"product_tag-trade-show-tablecloth","13":"first","14":"instock","15":"shipping-taxable","16":"product-type-simple","17":"entry","18":"content-bg","19":"loop-entry"},"_links":{"self":[{"href":"https:\/\/cmykprinted.com\/hu\/wp-json\/wp\/v2\/product\/644","targetHints":{"allow":["GET"]}}],"collection":[{"href":"https:\/\/cmykprinted.com\/hu\/wp-json\/wp\/v2\/product"}],"about":[{"href":"https:\/\/cmykprinted.com\/hu\/wp-json\/wp\/v2\/types\/product"}],"version-history":[{"count":2,"href":"https:\/\/cmykprinted.com\/hu\/wp-json\/wp\/v2\/product\/644\/revisions"}],"predecessor-version":[{"id":646,"href":"https:\/\/cmykprinted.com\/hu\/wp-json\/wp\/v2\/product\/644\/revisions\/646"}],"wp:featuredmedia":[{"embeddable":true,"href":"https:\/\/cmykprinted.com\/hu\/wp-json\/wp\/v2\/media\/647"}],"wp:attachment":[{"href":"https:\/\/cmykprinted.com\/hu\/wp-json\/wp\/v2\/media?parent=644"}],"wp:term":[{"taxonomy":"product_cat","embeddable":true,"href":"https:\/\/cmykprinted.com\/hu\/wp-json\/wp\/v2\/product_cat?post=644"},{"taxonomy":"product_tag","embeddable":true,"href":"https:\/\/cmykprinted.com\/hu\/wp-json\/wp\/v2\/product_tag?post=644"}],"curies":[{"name":"wp","href":"https:\/\/api.w.org\/{rel}","templated":true}]}}