{"id":654,"date":"2022-12-22T08:00:58","date_gmt":"2022-12-22T08:00:58","guid":{"rendered":"https:\/\/cmykprinted.com\/?post_type=product&#038;p=654"},"modified":"2022-12-22T09:11:25","modified_gmt":"2022-12-22T09:11:25","slug":"custom-size-outdoor-vinyl-pvc-banners-with-free-printing","status":"publish","type":"product","link":"https:\/\/cmykprinted.com\/hu\/termek\/custom-size-outdoor-vinyl-pvc-banners-with-free-printing\/","title":{"rendered":"Egyedi m\u00e9ret\u0171 k\u00fclt\u00e9ri vinil PVC szalaghirdet\u00e9sek ingyenes nyomtat\u00e1ssal"},"content":{"rendered":"","protected":false},"excerpt":{"rendered":"<p>A k\u00fclt\u00e9ri PVC bannerek rendk\u00edv\u00fcl hat\u00e9kony m\u00f3dja annak, hogy felh\u00edvja a figyelmet a helysz\u00ednre, \u00e9s fontos inform\u00e1ci\u00f3kat k\u00f6z\u00f6lj\u00f6n az \u00e1thalad\u00f3 forgalommal. V\u00e1logatott pr\u00e9mium min\u0151s\u00e9g\u0171, id\u0151j\u00e1r\u00e1s\u00e1ll\u00f3 anyagokra vannak nyomtatva, \u00e9s szeg\u00e9lyekkel \u00e9s akaszt\u00f3f\u00fclekkel vannak kieg\u00e9sz\u00edtve, \u00edgy biztos\u00edtva, hogy tart\u00f3s, k\u00f6lts\u00e9ghat\u00e9kony eredm\u00e9nyt adnak. C\u00e9g\u00fcnkn\u00e9l a legjobb anyagokat tudjuk aj\u00e1nlani az \u00d6n egyedi ig\u00e9nyeihez. Ha banner\u00e9t szabadon \u00e1ll\u00f3 k\u00fclt\u00e9ri kijelz\u0151k\u00e9nt k\u00edv\u00e1nja haszn\u00e1lni, javasoljuk a h\u00e1l\u00f3s PVC bannerek haszn\u00e1lat\u00e1t, amelyek nagyobb sz\u00e9l\u00e1ll\u00f3s\u00e1got biztos\u00edtanak. Ezen k\u00edv\u00fcl k\u00f6rnyezetbar\u00e1tabb, nem PVC bannereket is k\u00edn\u00e1lunk azok sz\u00e1m\u00e1ra, akik fenntarthat\u00f3bb megold\u00e1st keresnek.<\/p>\n<div style=\"width: 1290px;\" class=\"wp-video\"><!--[if lt IE 9]><script>document.createElement('video');<\/script><![endif]--><br \/>\n<video class=\"wp-video-shortcode\" id=\"video-654-1\" width=\"1290\" height=\"726\" loop autoplay preload=\"auto\" controls=\"controls\"><source type=\"video\/mp4\" src=\"http:\/\/cmykprinted.com\/wp-content\/uploads\/2022\/12\/vinyl-PVC-banners.mp4?_=1\" \/><a href=\"http:\/\/cmykprinted.com\/wp-content\/uploads\/2022\/12\/vinyl-PVC-banners.mp4\">http:\/\/cmykprinted.com\/wp-content\/uploads\/2022\/12\/vinyl-PVC-banners.mp4<\/a><\/video><\/div>\n<p>&nbsp;<\/p>","protected":false},"featured_media":655,"template":"","meta":{"_kad_post_transparent":"default","_kad_post_title":"hide","_kad_post_layout":"fullwidth","_kad_post_sidebar_id":"","_kad_post_content_style":"unboxed","_kad_post_vertical_padding":"hide","_kad_post_feature":"hide","_kad_post_feature_position":"","_kad_post_header":false,"_kad_post_footer":false},"product_cat":[85,90,91,89],"product_tag":[161,162,163,164,160],"class_list":{"0":"post-654","1":"product","2":"type-product","3":"status-publish","4":"has-post-thumbnail","6":"product_cat-outdoor-vinyl-banners","7":"product_cat-glossy-pvc-banners","8":"product_cat-matte-vinyl-banners","9":"product_cat-pvc-banners","10":"product_tag-custom-vinyl-banners","11":"product_tag-outdoor-pvc-banners","12":"product_tag-outdoor-vinyl-banners","13":"product_tag-vinyl-banners-printing","14":"product_tag-vinyl-pvc-banners","16":"first","17":"instock","18":"shipping-taxable","19":"product-type-simple","20":"entry","21":"content-bg","22":"loop-entry"},"_links":{"self":[{"href":"https:\/\/cmykprinted.com\/hu\/wp-json\/wp\/v2\/product\/654","targetHints":{"allow":["GET"]}}],"collection":[{"href":"https:\/\/cmykprinted.com\/hu\/wp-json\/wp\/v2\/product"}],"about":[{"href":"https:\/\/cmykprinted.com\/hu\/wp-json\/wp\/v2\/types\/product"}],"version-history":[{"count":2,"href":"https:\/\/cmykprinted.com\/hu\/wp-json\/wp\/v2\/product\/654\/revisions"}],"predecessor-version":[{"id":663,"href":"https:\/\/cmykprinted.com\/hu\/wp-json\/wp\/v2\/product\/654\/revisions\/663"}],"wp:featuredmedia":[{"embeddable":true,"href":"https:\/\/cmykprinted.com\/hu\/wp-json\/wp\/v2\/media\/655"}],"wp:attachment":[{"href":"https:\/\/cmykprinted.com\/hu\/wp-json\/wp\/v2\/media?parent=654"}],"wp:term":[{"taxonomy":"product_cat","embeddable":true,"href":"https:\/\/cmykprinted.com\/hu\/wp-json\/wp\/v2\/product_cat?post=654"},{"taxonomy":"product_tag","embeddable":true,"href":"https:\/\/cmykprinted.com\/hu\/wp-json\/wp\/v2\/product_tag?post=654"}],"curies":[{"name":"wp","href":"https:\/\/api.w.org\/{rel}","templated":true}]}}