{"id":664,"date":"2022-12-22T09:47:33","date_gmt":"2022-12-22T09:47:33","guid":{"rendered":"https:\/\/cmykprinted.com\/?post_type=product&#038;p=664"},"modified":"2022-12-22T14:15:54","modified_gmt":"2022-12-22T14:15:54","slug":"horizontal-pop-up-banners-with-free-custom-printing-services","status":"publish","type":"product","link":"https:\/\/cmykprinted.com\/hu\/termek\/horizontal-pop-up-banners-with-free-custom-printing-services\/","title":{"rendered":"V\u00edzszintes felugr\u00f3 szalaghirdet\u00e9sek ingyenes egy\u00e9ni nyomtat\u00e1si szolg\u00e1ltat\u00e1sokkal"},"content":{"rendered":"","protected":false},"excerpt":{"rendered":"<p>V\u00edzszintes pop-up bannerjeink tart\u00f3s anyagokb\u00f3l k\u00e9sz\u00fclnek, amelyeket \u00fagy terveztek, hogy ellen\u00e1lljanak az id\u0151j\u00e1r\u00e1s viszontags\u00e1gainak, \u00edgy belt\u00e9ri \u00e9s k\u00fclt\u00e9ri haszn\u00e1latra egyar\u00e1nt t\u00f6k\u00e9letesek. K\u00f6nnyen fel- \u00e9s leszerelhet\u0151k, k\u00f6nnyen t\u00e1rolhat\u00f3k \u00e9s sz\u00e1ll\u00edthat\u00f3k, \u00edgy k\u00e9nyelmes v\u00e1laszt\u00e1st jelentenek az \u00faton l\u00e9v\u0151 v\u00e1llalkoz\u00e1sok sz\u00e1m\u00e1ra. Ingyenes egyedi nyomtat\u00e1si szolg\u00e1ltat\u00e1sainkkal bannerjeit kinyomtathatja c\u00e9ge log\u00f3j\u00e1val, m\u00e1rka\u00fczenet\u00e9vel vagy b\u00e1rmilyen m\u00e1s, \u00d6n \u00e1ltal v\u00e1lasztott egyedi diz\u00e1jnnal. Ezek a v\u00edzszintes felugr\u00f3 szalaghirdet\u00e9sek minden esem\u00e9nyen nagy hat\u00e1st fejtenek ki, \u00e9s seg\u00edtenek abban, hogy hat\u00e9konyan n\u00e9pszer\u0171s\u00edtse v\u00e1llalkoz\u00e1s\u00e1t a potenci\u00e1lis \u00fcgyfelek k\u00f6r\u00e9ben. Ak\u00e1r egy ki\u00e1ll\u00edt\u00e1son, sportesem\u00e9nyen vagy c\u00e9ges rendezv\u00e9nyen szeretn\u00e9 n\u00e9pszer\u0171s\u00edteni m\u00e1rk\u00e1j\u00e1t, v\u00edzszintes pop-up bannereink a t\u00f6k\u00e9letes v\u00e1laszt\u00e1s.<\/p>\n<div style=\"width: 1290px;\" class=\"wp-video\"><!--[if lt IE 9]><script>document.createElement('video');<\/script><![endif]--><br \/>\n<video class=\"wp-video-shortcode\" id=\"video-664-1\" width=\"1290\" height=\"726\" loop autoplay preload=\"auto\" controls=\"controls\"><source type=\"video\/mp4\" src=\"http:\/\/cmykprinted.com\/wp-content\/uploads\/2022\/12\/horizontal-pop-up-banners.mp4?_=1\" \/><a href=\"http:\/\/cmykprinted.com\/wp-content\/uploads\/2022\/12\/horizontal-pop-up-banners.mp4\">http:\/\/cmykprinted.com\/wp-content\/uploads\/2022\/12\/horizontal-pop-up-banners.mp4<\/a><\/video><\/div>\n<p>&nbsp;<\/p>","protected":false},"featured_media":665,"template":"","meta":{"_kad_post_transparent":"default","_kad_post_title":"hide","_kad_post_layout":"fullwidth","_kad_post_sidebar_id":"","_kad_post_content_style":"unboxed","_kad_post_vertical_padding":"hide","_kad_post_feature":"hide","_kad_post_feature_position":"","_kad_post_header":false,"_kad_post_footer":false},"product_cat":[92,94],"product_tag":[167,165,166],"class_list":{"0":"post-664","1":"product","2":"type-product","3":"status-publish","4":"has-post-thumbnail","6":"product_cat-pop-up-banners","7":"product_cat-horizontal-pop-up-banners","8":"product_tag-custom-pop-up-banners","9":"product_tag-horizontal-pop-up-banners","10":"product_tag-pop-up-banners","12":"first","13":"instock","14":"shipping-taxable","15":"product-type-simple","16":"entry","17":"content-bg","18":"loop-entry"},"_links":{"self":[{"href":"https:\/\/cmykprinted.com\/hu\/wp-json\/wp\/v2\/product\/664","targetHints":{"allow":["GET"]}}],"collection":[{"href":"https:\/\/cmykprinted.com\/hu\/wp-json\/wp\/v2\/product"}],"about":[{"href":"https:\/\/cmykprinted.com\/hu\/wp-json\/wp\/v2\/types\/product"}],"version-history":[{"count":3,"href":"https:\/\/cmykprinted.com\/hu\/wp-json\/wp\/v2\/product\/664\/revisions"}],"predecessor-version":[{"id":672,"href":"https:\/\/cmykprinted.com\/hu\/wp-json\/wp\/v2\/product\/664\/revisions\/672"}],"wp:featuredmedia":[{"embeddable":true,"href":"https:\/\/cmykprinted.com\/hu\/wp-json\/wp\/v2\/media\/665"}],"wp:attachment":[{"href":"https:\/\/cmykprinted.com\/hu\/wp-json\/wp\/v2\/media?parent=664"}],"wp:term":[{"taxonomy":"product_cat","embeddable":true,"href":"https:\/\/cmykprinted.com\/hu\/wp-json\/wp\/v2\/product_cat?post=664"},{"taxonomy":"product_tag","embeddable":true,"href":"https:\/\/cmykprinted.com\/hu\/wp-json\/wp\/v2\/product_tag?post=664"}],"curies":[{"name":"wp","href":"https:\/\/api.w.org\/{rel}","templated":true}]}}