{"id":673,"date":"2022-12-22T14:59:51","date_gmt":"2022-12-22T14:59:51","guid":{"rendered":"https:\/\/cmykprinted.com\/?post_type=product&#038;p=673"},"modified":"2022-12-22T15:10:44","modified_gmt":"2022-12-22T15:10:44","slug":"free-custom-curved-tension-fabric-pop-up-displays-backwall","status":"publish","type":"product","link":"https:\/\/cmykprinted.com\/hu\/termek\/free-custom-curved-tension-fabric-pop-up-displays-backwall\/","title":{"rendered":"Ingyenes, egyedi, \u00edvelt, fesz\u00edtett sz\u00f6vetb\u0151l k\u00e9sz\u00fclt felugr\u00f3 kijelz\u0151k h\u00e1tfal\u00e1hoz"},"content":{"rendered":"","protected":false},"excerpt":{"rendered":"<p>Az \u00edvelt, fesz\u00edtett sz\u00f6vetb\u0151l k\u00e9sz\u00fclt pop-up kijelz\u0151k mag\u00e1val ragad\u00f3 \u00e9s mag\u00e1val ragad\u00f3 k\u00f6z\u00f6ns\u00e9g\u00e9lm\u00e9nyt k\u00edn\u00e1lnak, amely t\u00f6k\u00e9letes kereskedelmi bemutat\u00f3khoz, j\u00f3t\u00e9konys\u00e1gi rendezv\u00e9nyekhez, ipari tal\u00e1lkoz\u00f3khoz \u00e9s egy\u00e9b funkci\u00f3khoz. Ezek a kijelz\u0151k val\u00f3s\u00e1gh\u0171, fest\u00e9kszublim\u00e1lt k\u00e9peket tartalmaznak, amelyek 3D-szer\u0171 hat\u00e1st keltenek, biztos\u00edtva, hogy kiemelkedjenek, \u00e9s felh\u00edvj\u00e1k a figyelmet az \u00fczenet\u00e9re. \u00c9l\u00e9nk, \u00fajrafelhaszn\u00e1lhat\u00f3 sz\u00f6vetanyagot haszn\u00e1lunk, amely minim\u00e1lisra cs\u00f6kkenti a f\u00e9nyvisszaver\u0151d\u00e9st, hogy a nyomatok l\u00e1that\u00f3ak maradjanak, \u00edgy biztos\u00edtva, hogy \u00fczenet\u00e9t tiszt\u00e1n l\u00e1thassa a k\u00f6z\u00f6ns\u00e9g. Leny\u0171g\u00f6z\u0151 vizu\u00e1lis hat\u00e1suk mellett ezek a kijelz\u0151k ugyanazokat az el\u0151ny\u00f6ket k\u00edn\u00e1lj\u00e1k, mint a beh\u00fazhat\u00f3 bannerek, \u00edgy t\u00f6k\u00e9letesek a ki\u00e1ll\u00edt\u00e1si standok \u00e9s pop-up \u00fczletek h\u00e1tter\u00e9nek. Nagy m\u00e9ret\u00fck ellen\u00e9re ezek a kijelz\u0151k k\u00f6nny\u0171ek \u00e9s k\u00f6nnyen fel\u00e1ll\u00edthat\u00f3k, csup\u00e1n az alum\u00ednium keret \u00f6sszeszerel\u00e9s\u00e9t, valamint a sz\u00f6vet r\u00e1helyez\u00e9s\u00e9t \u00e9s r\u00e1h\u00faz\u00e1s\u00e1t ig\u00e9nylik. Saj\u00e1t \u00edvelt fesz\u00edt\u0151anyag\u00fa pop-up kijelz\u0151inek nyomtat\u00e1s\u00e1val magasabb szintre emelheti rendezv\u00e9nymarketingj\u00e9t, \u00e9s hat\u00e9konyan n\u00e9pszer\u0171s\u00edtheti m\u00e1rk\u00e1j\u00e1t vagy \u00fczenet\u00e9t sz\u00e9les k\u00f6z\u00f6ns\u00e9g sz\u00e1m\u00e1ra.<\/p>","protected":false},"featured_media":674,"template":"","meta":{"_kad_post_transparent":"default","_kad_post_title":"hide","_kad_post_layout":"fullwidth","_kad_post_sidebar_id":"","_kad_post_content_style":"unboxed","_kad_post_vertical_padding":"hide","_kad_post_feature":"hide","_kad_post_feature_position":"","_kad_post_header":false,"_kad_post_footer":false},"product_cat":[97,98],"product_tag":[168,170,134,169],"class_list":{"0":"post-673","1":"product","2":"type-product","3":"status-publish","4":"has-post-thumbnail","6":"product_cat-tension-fabric-displays","7":"product_cat-curved-tension-fabric-pop-up-displays","8":"product_tag-curved-tension-fabric-pop-up-displays","9":"product_tag-pop-up-tension-fabric-displays","10":"product_tag-tension-fabric-displays","11":"product_tag-tension-fabric-pop-up-display","13":"first","14":"instock","15":"shipping-taxable","16":"product-type-simple","17":"entry","18":"content-bg","19":"loop-entry"},"_links":{"self":[{"href":"https:\/\/cmykprinted.com\/hu\/wp-json\/wp\/v2\/product\/673","targetHints":{"allow":["GET"]}}],"collection":[{"href":"https:\/\/cmykprinted.com\/hu\/wp-json\/wp\/v2\/product"}],"about":[{"href":"https:\/\/cmykprinted.com\/hu\/wp-json\/wp\/v2\/types\/product"}],"version-history":[{"count":1,"href":"https:\/\/cmykprinted.com\/hu\/wp-json\/wp\/v2\/product\/673\/revisions"}],"predecessor-version":[{"id":680,"href":"https:\/\/cmykprinted.com\/hu\/wp-json\/wp\/v2\/product\/673\/revisions\/680"}],"wp:featuredmedia":[{"embeddable":true,"href":"https:\/\/cmykprinted.com\/hu\/wp-json\/wp\/v2\/media\/674"}],"wp:attachment":[{"href":"https:\/\/cmykprinted.com\/hu\/wp-json\/wp\/v2\/media?parent=673"}],"wp:term":[{"taxonomy":"product_cat","embeddable":true,"href":"https:\/\/cmykprinted.com\/hu\/wp-json\/wp\/v2\/product_cat?post=673"},{"taxonomy":"product_tag","embeddable":true,"href":"https:\/\/cmykprinted.com\/hu\/wp-json\/wp\/v2\/product_tag?post=673"}],"curies":[{"name":"wp","href":"https:\/\/api.w.org\/{rel}","templated":true}]}}