{"id":682,"date":"2022-12-29T09:44:31","date_gmt":"2022-12-29T09:44:31","guid":{"rendered":"https:\/\/cmykprinted.com\/?post_type=product&#038;p=682"},"modified":"2022-12-29T10:03:18","modified_gmt":"2022-12-29T10:03:18","slug":"custom-3d-metal-transfer-sticker-metallic-logo-label-sticker","status":"publish","type":"product","link":"https:\/\/cmykprinted.com\/hu\/termek\/custom-3d-metal-transfer-sticker-metallic-logo-label-sticker\/","title":{"rendered":"Egyedi 3D f\u00e9m transzfer matrica F\u00e9m log\u00f3s c\u00edmkematrica"},"content":{"rendered":"","protected":false},"excerpt":{"rendered":"<p>A 3D f\u00e9mtranszfer matric\u00e1k olyan c\u00edmk\u00e9z\u00e9si megold\u00e1sok, amelyek rendk\u00edv\u00fcl tart\u00f3s nikkelf\u00f3li\u00e1t haszn\u00e1lnak a h\u00e1romdimenzi\u00f3s hat\u00e1s l\u00e9trehoz\u00e1s\u00e1hoz. Ezeket a matric\u00e1kat \u00fagy tervezt\u00e9k, hogy \u201ec\u00edmke n\u00e9lk\u00fcli\u201d megjelen\u00e9st k\u00f6lcs\u00f6n\u00f6zzenek az\u00e1ltal, hogy elt\u00e1vol\u00edtj\u00e1k a felesleges anyagot a diz\u00e1jnr\u00f3l, ami kifinomultabb \u00e9s professzion\u00e1lisabb megjelen\u00e9st eredm\u00e9nyez. Gyakran haszn\u00e1lj\u00e1k cs\u00facskateg\u00f3ri\u00e1s term\u00e9kc\u00edmk\u00e9kk\u00e9nt vagy online \u00e1ruh\u00e1zakban t\u00f6rt\u00e9n\u0151 kiskereskedelemben.<br \/>\nA 3D-s f\u00e9mtranszfer matric\u00e1k l\u00e9trehoz\u00e1s\u00e1hoz a mint\u00e1t el\u0151sz\u00f6r egy nikkelf\u00f3lia lapra nyomtatj\u00e1k speci\u00e1lis nyomtat\u00e1si elj\u00e1r\u00e1ssal. Ezut\u00e1n a felesleges anyagot elt\u00e1vol\u00edtj\u00e1k, \u00e9s csak a kialak\u00edt\u00e1s kiemelked\u0151 elemei maradnak meg. A kapott matric\u00e1t ezut\u00e1n egy ragaszt\u00f3r\u00e9teggel vonj\u00e1k be, \u00e9s sz\u00e1mos fel\u00fcletre felhordhat\u00f3, bele\u00e9rtve a m\u0171anyagot, f\u00e9met \u00e9s pap\u00edrt.<br \/>\nA 3D f\u00e9m transzfer matric\u00e1k haszn\u00e1lat\u00e1nak egyik el\u0151nye a tart\u00f3ss\u00e1guk. A nikkel er\u0151s \u00e9s korr\u00f3zi\u00f3\u00e1ll\u00f3 anyag, \u00edgy ezek a matric\u00e1k ellen\u00e1llnak a kop\u00e1snak, \u00e9s id\u0151vel meg\u0151rzik min\u0151s\u00e9g\u00fcket. Ellen\u00e1llnak a fakul\u00e1snak \u00e9s az elsz\u00ednez\u0151d\u00e9snek is, \u00edgy tart\u00f3s c\u00edmk\u00e9z\u00e9si megold\u00e1st jelentenek. Ezenk\u00edv\u00fcl ezeknek a matric\u00e1knak a h\u00e1romdimenzi\u00f3s hat\u00e1sa egyedi \u00e9s szemet gy\u00f6ny\u00f6rk\u00f6dtet\u0151 elemet adhat a term\u00e9k csomagol\u00e1s\u00e1hoz vagy m\u00e1rkajelz\u00e9s\u00e9hez.<\/p>\n<div style=\"width: 1280px;\" class=\"wp-video\"><!--[if lt IE 9]><script>document.createElement('video');<\/script><![endif]--><br \/>\n<video class=\"wp-video-shortcode\" id=\"video-682-1\" width=\"1280\" height=\"720\" loop autoplay preload=\"metadata\" controls=\"controls\"><source type=\"video\/mp4\" src=\"http:\/\/cmykprinted.com\/wp-content\/uploads\/2022\/12\/Metal-Transfer-Sticker.mp4?_=1\" \/><a href=\"http:\/\/cmykprinted.com\/wp-content\/uploads\/2022\/12\/Metal-Transfer-Sticker.mp4\">http:\/\/cmykprinted.com\/wp-content\/uploads\/2022\/12\/Metal-Transfer-Sticker.mp4<\/a><\/video><\/div>\n<p>&nbsp;<\/p>","protected":false},"featured_media":683,"template":"","meta":{"_kad_post_transparent":"default","_kad_post_title":"hide","_kad_post_layout":"fullwidth","_kad_post_sidebar_id":"","_kad_post_content_style":"unboxed","_kad_post_vertical_padding":"hide","_kad_post_feature":"hide","_kad_post_feature_position":"","_kad_post_header":false,"_kad_post_footer":false},"product_cat":[101,102],"product_tag":[174,173,171,172],"class_list":{"0":"post-682","1":"product","2":"type-product","3":"status-publish","4":"has-post-thumbnail","6":"product_cat-transfer-stickers","7":"product_cat-metal-transfer-stickers","8":"product_tag-3d-metal-transfer-sticker","9":"product_tag-custom-metal-transfer-sticker","10":"product_tag-metal-transfer-sticker","11":"product_tag-metallic-logo-label-sticker","13":"first","14":"instock","15":"shipping-taxable","16":"product-type-simple","17":"entry","18":"content-bg","19":"loop-entry"},"_links":{"self":[{"href":"https:\/\/cmykprinted.com\/hu\/wp-json\/wp\/v2\/product\/682","targetHints":{"allow":["GET"]}}],"collection":[{"href":"https:\/\/cmykprinted.com\/hu\/wp-json\/wp\/v2\/product"}],"about":[{"href":"https:\/\/cmykprinted.com\/hu\/wp-json\/wp\/v2\/types\/product"}],"version-history":[{"count":2,"href":"https:\/\/cmykprinted.com\/hu\/wp-json\/wp\/v2\/product\/682\/revisions"}],"predecessor-version":[{"id":691,"href":"https:\/\/cmykprinted.com\/hu\/wp-json\/wp\/v2\/product\/682\/revisions\/691"}],"wp:featuredmedia":[{"embeddable":true,"href":"https:\/\/cmykprinted.com\/hu\/wp-json\/wp\/v2\/media\/683"}],"wp:attachment":[{"href":"https:\/\/cmykprinted.com\/hu\/wp-json\/wp\/v2\/media?parent=682"}],"wp:term":[{"taxonomy":"product_cat","embeddable":true,"href":"https:\/\/cmykprinted.com\/hu\/wp-json\/wp\/v2\/product_cat?post=682"},{"taxonomy":"product_tag","embeddable":true,"href":"https:\/\/cmykprinted.com\/hu\/wp-json\/wp\/v2\/product_tag?post=682"}],"curies":[{"name":"wp","href":"https:\/\/api.w.org\/{rel}","templated":true}]}}