{"id":704,"date":"2022-12-29T12:00:11","date_gmt":"2022-12-29T12:00:11","guid":{"rendered":"https:\/\/cmykprinted.com\/?post_type=product&#038;p=704"},"modified":"2022-12-29T15:39:11","modified_gmt":"2022-12-29T15:39:11","slug":"40mm-hexagonal-folding-aluminum-frame-10x15ft-pop-up-tent","status":"publish","type":"product","link":"https:\/\/cmykprinted.com\/hu\/termek\/40mm-hexagonal-folding-aluminum-frame-10x15ft-pop-up-tent\/","title":{"rendered":"40 mm-es hatsz\u00f6glet\u0171 \u00f6sszecsukhat\u00f3 alum\u00ednium keret 10x15 l\u00e1b felugr\u00f3 s\u00e1tor"},"content":{"rendered":"","protected":false},"excerpt":{"rendered":"<p>Ez a felugr\u00f3 lombkorona er\u0151sebb, tov\u00e1bbfejlesztett ac\u00e9lszerkezetb\u0151l k\u00e9sz\u00fclt kerettel rendelkezik, nagyobb r\u00e1csos rudak \u00e9s egy meger\u0151s\u00edtett kereszttart\u00f3, amely 26 x 13 m\u00e9ret\u0171 a nagyobb szil\u00e1rds\u00e1g \u00e9s a jobb sz\u00e9l\u00e1ll\u00f3s\u00e1g \u00e9rdek\u00e9ben. Az ac\u00e9ll\u00e1bakon k\u00e9t furat van a nagyobb stabilit\u00e1s \u00e9rdek\u00e9ben. Maga a lombkorona 10\u00d715 l\u00e1b m\u00e9ret\u0171, \u00e9s b\u0151s\u00e9ges, 150 n\u00e9gyzetm\u00e9teres \u00e1rny\u00e9kot biztos\u00edt, 8-13 f\u0151s \u00f6sszej\u00f6vetelekre alkalmas. Napos \u00e9s es\u0151s id\u0151ben is haszn\u00e1lhat\u00f3. A lombkorona fel\u00e1ll\u00edt\u00e1sa egyszer\u0171, nem ig\u00e9nyel szersz\u00e1mokat, \u00e9s mind\u00f6ssze n\u00e9h\u00e1ny percet vesz ig\u00e9nybe, am\u00edg egy szem\u00e9ly befejezi. A tart\u00f3cs\u00f6vek h\u00e1rom k\u00fcl\u00f6nb\u00f6z\u0151 szintre \u00e1ll\u00edthat\u00f3k a sokoldal\u00fas\u00e1g n\u00f6vel\u00e9se \u00e9rdek\u00e9ben. A lombkorona 300D poli\u00e9szterb\u0151l k\u00e9sz\u00fclt, PU bevonattal, amely k\u00f6r\u00fclbel\u00fcl 99% UV-sugarakat blokkol, \u00e9s v\u00edz\u00e1ll\u00f3 cs\u00edkokkal rendelkezik. A lombkorona a tartoz\u00e9kok teljes k\u00e9szlet\u00e9vel \u00e9rkezik, bele\u00e9rtve a g\u00f6rg\u0151s zs\u00e1kot, homokzs\u00e1kokat, f\u00f6lddug\u00f3kat, nylon k\u00f6teleket \u00e9s p\u00e1ntokat. Ezek a tartoz\u00e9kok, valamint a p\u00f3talkatr\u00e9szek eg\u00e9sz \u00e9leten \u00e1t rendelkez\u00e9sre \u00e1llnak.<\/p>\n<div style=\"width: 1280px;\" class=\"wp-video\"><!--[if lt IE 9]><script>document.createElement('video');<\/script><![endif]--><br \/>\n<video class=\"wp-video-shortcode\" id=\"video-704-1\" width=\"1280\" height=\"720\" loop autoplay preload=\"auto\" controls=\"controls\"><source type=\"video\/mp4\" src=\"http:\/\/cmykprinted.com\/wp-content\/uploads\/2022\/12\/10x15ft-Pop-up-Tent.mp4?_=1\" \/><a href=\"http:\/\/cmykprinted.com\/wp-content\/uploads\/2022\/12\/10x15ft-Pop-up-Tent.mp4\">http:\/\/cmykprinted.com\/wp-content\/uploads\/2022\/12\/10x15ft-Pop-up-Tent.mp4<\/a><\/video><\/div>","protected":false},"featured_media":705,"template":"","meta":{"_kad_post_transparent":"default","_kad_post_title":"hide","_kad_post_layout":"fullwidth","_kad_post_sidebar_id":"","_kad_post_content_style":"unboxed","_kad_post_vertical_padding":"hide","_kad_post_feature":"hide","_kad_post_feature_position":"","_kad_post_header":false,"_kad_post_footer":false},"product_cat":[68,71,69],"product_tag":[179,180,182,181],"class_list":{"0":"post-704","1":"product","2":"type-product","3":"status-publish","4":"has-post-thumbnail","6":"product_cat-custom-canopy-tents","7":"product_cat-10x15ft-pop-up-tents","8":"product_cat-40mm-hexagon-aluminum-tents","9":"product_tag-10x15ft-pop-up-tent","10":"product_tag-40mm-hexagonal-pop-up-tent","11":"product_tag-aluminum-frame-pop-up-tent","12":"product_tag-folding-pop-up-tent","14":"first","15":"instock","16":"shipping-taxable","17":"product-type-simple","18":"entry","19":"content-bg","20":"loop-entry"},"_links":{"self":[{"href":"https:\/\/cmykprinted.com\/hu\/wp-json\/wp\/v2\/product\/704","targetHints":{"allow":["GET"]}}],"collection":[{"href":"https:\/\/cmykprinted.com\/hu\/wp-json\/wp\/v2\/product"}],"about":[{"href":"https:\/\/cmykprinted.com\/hu\/wp-json\/wp\/v2\/types\/product"}],"version-history":[{"count":3,"href":"https:\/\/cmykprinted.com\/hu\/wp-json\/wp\/v2\/product\/704\/revisions"}],"predecessor-version":[{"id":714,"href":"https:\/\/cmykprinted.com\/hu\/wp-json\/wp\/v2\/product\/704\/revisions\/714"}],"wp:featuredmedia":[{"embeddable":true,"href":"https:\/\/cmykprinted.com\/hu\/wp-json\/wp\/v2\/media\/705"}],"wp:attachment":[{"href":"https:\/\/cmykprinted.com\/hu\/wp-json\/wp\/v2\/media?parent=704"}],"wp:term":[{"taxonomy":"product_cat","embeddable":true,"href":"https:\/\/cmykprinted.com\/hu\/wp-json\/wp\/v2\/product_cat?post=704"},{"taxonomy":"product_tag","embeddable":true,"href":"https:\/\/cmykprinted.com\/hu\/wp-json\/wp\/v2\/product_tag?post=704"}],"curies":[{"name":"wp","href":"https:\/\/api.w.org\/{rel}","templated":true}]}}