{"id":715,"date":"2022-12-29T22:23:16","date_gmt":"2022-12-29T22:23:16","guid":{"rendered":"https:\/\/cmykprinted.com\/?post_type=product&#038;p=715"},"modified":"2022-12-29T22:34:28","modified_gmt":"2022-12-29T22:34:28","slug":"personalized-stretch-fitted-table-cover-tablecloth-with-logo","status":"publish","type":"product","link":"https:\/\/cmykprinted.com\/hu\/termek\/personalized-stretch-fitted-table-cover-tablecloth-with-logo\/","title":{"rendered":"Szem\u00e9lyre szabott, rugalmas ter\u00edt\u0151, log\u00f3val ell\u00e1tott asztalter\u00edt\u0151"},"content":{"rendered":"","protected":false},"excerpt":{"rendered":"<p>A spandexszel ell\u00e1tott asztaltakar\u00f3nkat kifejezetten \u00fagy tervezt\u00e9k, hogy szorosan illeszkedjen egy \u00f6sszecsukhat\u00f3 asztalhoz vagy bankettasztalhoz, amelynek m\u00e9retei 72 h\u00fcvelyk hossz\u00faak, 30 h\u00fcvelyk sz\u00e9lesek \u00e9s 30 h\u00fcvelyk magasak. Ez a t\u00e9glalap alak\u00fa ter\u00edt\u0151 kiv\u00e1l\u00f3 v\u00e1laszt\u00e1s k\u00fcl\u00f6nf\u00e9le rendezv\u00e9nyekre, mint p\u00e9ld\u00e1ul esk\u00fcv\u0151kre, sz\u00fclet\u00e9snapokra, zuhanyoz\u00e1sokra, vacsorapr\u00f3b\u00e1kra, de ak\u00e1r egyszer\u0171 csal\u00e1di \u00f6sszej\u00f6vetelekre is. Pr\u00e9mium min\u0151s\u00e9g\u0171 sztreccs poli\u00e9szterb\u0151l k\u00e9sz\u00fclt, 6 h\u00fcvelykes spandexszel ell\u00e1tott ter\u00edt\u0151ink tart\u00f3sak, strapab\u00edr\u00f3 szerkezettel, amely ellen\u00e1ll a gy\u0171r\u0151d\u00e9snek \u00e9s a foltosod\u00e1snak. R\u00e1ad\u00e1sul ezek az asztalter\u00edt\u0151k sz\u00e1mtalanszor kimoshat\u00f3k, \u00edgy gazdas\u00e1gos v\u00e1laszt\u00e1s lehet minden rendezv\u00e9nyszervez\u0151 vagy lak\u00e1stulajdonos sz\u00e1m\u00e1ra. Ak\u00e1r hivatalos esem\u00e9nynek, ak\u00e1r alkalmi \u00f6sszej\u00f6vetelnek ad otthont, spandex-bevonat\u00fa asztaltakar\u00f3nk vonz\u00f3 \u00e9s praktikus kieg\u00e9sz\u00edt\u0151je a ter\u00edt\u00e9knek.<\/p>\n<div style=\"width: 1290px;\" class=\"wp-video\"><!--[if lt IE 9]><script>document.createElement('video');<\/script><![endif]--><br \/>\n<video class=\"wp-video-shortcode\" id=\"video-715-1\" width=\"1290\" height=\"726\" loop autoplay preload=\"auto\" controls=\"controls\"><source type=\"video\/mp4\" src=\"http:\/\/cmykprinted.com\/wp-content\/uploads\/2022\/12\/Custom-Stretch-Tablecloth.mp4?_=1\" \/><a href=\"http:\/\/cmykprinted.com\/wp-content\/uploads\/2022\/12\/Custom-Stretch-Tablecloth.mp4\">http:\/\/cmykprinted.com\/wp-content\/uploads\/2022\/12\/Custom-Stretch-Tablecloth.mp4<\/a><\/video><\/div>","protected":false},"featured_media":716,"template":"","meta":{"_kad_post_transparent":"default","_kad_post_title":"hide","_kad_post_layout":"fullwidth","_kad_post_sidebar_id":"","_kad_post_content_style":"unboxed","_kad_post_vertical_padding":"hide","_kad_post_feature":"hide","_kad_post_feature_position":"","_kad_post_header":false,"_kad_post_footer":false},"product_cat":[80,81,83],"product_tag":[185,183,186,184],"class_list":{"0":"post-715","1":"product","2":"type-product","3":"status-publish","4":"has-post-thumbnail","6":"product_cat-custom-tablecloth","7":"product_cat-custom-stretch-tablecloth","8":"product_cat-fitted-table-cover","9":"product_tag-fitted-table-cover","10":"product_tag-personalized-fitted-table-cover","11":"product_tag-personalized-stretch-tablecloth","12":"product_tag-stretch-fitted-table-cover","14":"first","15":"instock","16":"shipping-taxable","17":"product-type-simple","18":"entry","19":"content-bg","20":"loop-entry"},"_links":{"self":[{"href":"https:\/\/cmykprinted.com\/hu\/wp-json\/wp\/v2\/product\/715","targetHints":{"allow":["GET"]}}],"collection":[{"href":"https:\/\/cmykprinted.com\/hu\/wp-json\/wp\/v2\/product"}],"about":[{"href":"https:\/\/cmykprinted.com\/hu\/wp-json\/wp\/v2\/types\/product"}],"version-history":[{"count":1,"href":"https:\/\/cmykprinted.com\/hu\/wp-json\/wp\/v2\/product\/715\/revisions"}],"predecessor-version":[{"id":722,"href":"https:\/\/cmykprinted.com\/hu\/wp-json\/wp\/v2\/product\/715\/revisions\/722"}],"wp:featuredmedia":[{"embeddable":true,"href":"https:\/\/cmykprinted.com\/hu\/wp-json\/wp\/v2\/media\/716"}],"wp:attachment":[{"href":"https:\/\/cmykprinted.com\/hu\/wp-json\/wp\/v2\/media?parent=715"}],"wp:term":[{"taxonomy":"product_cat","embeddable":true,"href":"https:\/\/cmykprinted.com\/hu\/wp-json\/wp\/v2\/product_cat?post=715"},{"taxonomy":"product_tag","embeddable":true,"href":"https:\/\/cmykprinted.com\/hu\/wp-json\/wp\/v2\/product_tag?post=715"}],"curies":[{"name":"wp","href":"https:\/\/api.w.org\/{rel}","templated":true}]}}