{"id":723,"date":"2022-12-30T02:47:50","date_gmt":"2022-12-30T02:47:50","guid":{"rendered":"https:\/\/cmykprinted.com\/?post_type=product&#038;p=723"},"modified":"2022-12-30T03:52:19","modified_gmt":"2022-12-30T03:52:19","slug":"all-weather-outdoor-advertising-pvc-mesh-banner-printing","status":"publish","type":"product","link":"https:\/\/cmykprinted.com\/hu\/termek\/all-weather-outdoor-advertising-pvc-mesh-banner-printing\/","title":{"rendered":"Minden id\u0151j\u00e1r\u00e1si k\u00f6r\u00fclm\u00e9nyek k\u00f6z\u00f6tt szabadt\u00e9ri rekl\u00e1m PVC h\u00e1l\u00f3s banner nyomtat\u00e1s"},"content":{"rendered":"","protected":false},"excerpt":{"rendered":"<p>PVC h\u00e1l\u00f3s szalaghirdet\u00e9s\u00fcnk egy rendk\u00edv\u00fcl speci\u00e1lis anyag, amelyet kifejezetten er\u0151s sz\u00e9lnek \u00e9s m\u00e1s zord k\u00fclt\u00e9ri k\u00f6r\u00fclm\u00e9nyeknek val\u00f3 ellen\u00e1ll\u00e1sra terveztek. Az anyagban l\u00e9v\u0151 perfor\u00e1ci\u00f3k lehet\u0151v\u00e9 teszik a sz\u00e9l \u00e1thalad\u00e1s\u00e1t, cs\u00f6kkentve a transzparens s\u00e9r\u00fcl\u00e9s\u00e9nek kock\u00e1zat\u00e1t, \u00e9s minim\u00e1lisra cs\u00f6kkentve annak az es\u00e9ly\u00e9t, hogy elszakadjon vagy elrep\u00fclj\u00f6n.<br \/>\nA PVC h\u00e1l\u00f3s banner sz\u00e9l\u00e1ll\u00f3 tulajdons\u00e1gai mellett rendk\u00edv\u00fcl k\u00f6nny\u0171 is, \u00edgy k\u00f6nnyen felszerelhet\u0151 \u00e9s kezelhet\u0151. Ez ide\u00e1lis v\u00e1laszt\u00e1ss\u00e1 teszi sz\u00e1mos speci\u00e1lis alkalmaz\u00e1shoz, ahol r\u00e9szben \u00e1tl\u00e1tsz\u00f3 anyagra van sz\u00fcks\u00e9g, amely lehet\u0151v\u00e9 teszi a f\u00e9ny, a hang \u00e9s a leveg\u0151 \u00e1tjut\u00e1s\u00e1t.<br \/>\nMind a h\u00e1l\u00f3s bannereink, mind a sz\u00ednpadi bannereink vagy h\u00e1l\u00f3s PVC-re vagy sz\u00f6vet AIRTEC anyagra vannak nyomtatva, mindkett\u0151 a teljes szalaghirdet\u00e9sen \u00e1t van perfor\u00e1lva, kis lyukak nagyon intenz\u00edv mint\u00e1zat\u00e1val. Ez biztos\u00edtja, hogy a Stage Bannerek meg\u0151rizz\u00e9k szerkezeti integrit\u00e1sukat \u00e9s l\u00e1tv\u00e1nyoss\u00e1gukat m\u00e9g a legig\u00e9nyesebb k\u00f6rnyezetben is. F\u00fcggetlen\u00fcl att\u00f3l, hogy szabadt\u00e9ri rendezv\u00e9nyre, ki\u00e1ll\u00edt\u00e1sra vagy m\u00e1s k\u00fcl\u00f6nleges alkalomra van sz\u00fcks\u00e9ge bannerre, PVC h\u00e1l\u00f3ink \u00e9s sz\u00ednpadi bannereink kiv\u00e1l\u00f3 v\u00e1laszt\u00e1st jelentenek minden bannerig\u00e9ny\u00e9hez.<\/p>\n<div style=\"width: 1280px;\" class=\"wp-video\"><!--[if lt IE 9]><script>document.createElement('video');<\/script><![endif]--><br \/>\n<video class=\"wp-video-shortcode\" id=\"video-723-1\" width=\"1280\" height=\"720\" loop autoplay preload=\"metadata\" controls=\"controls\"><source type=\"video\/mp4\" src=\"http:\/\/cmykprinted.com\/wp-content\/uploads\/2022\/12\/PVC-Mesh-Banner.mp4?_=1\" \/><a href=\"http:\/\/cmykprinted.com\/wp-content\/uploads\/2022\/12\/PVC-Mesh-Banner.mp4\">http:\/\/cmykprinted.com\/wp-content\/uploads\/2022\/12\/PVC-Mesh-Banner.mp4<\/a><\/video><\/div>","protected":false},"featured_media":724,"template":"","meta":{"_kad_post_transparent":"default","_kad_post_title":"hide","_kad_post_layout":"fullwidth","_kad_post_sidebar_id":"","_kad_post_content_style":"unboxed","_kad_post_vertical_padding":"hide","_kad_post_feature":"hide","_kad_post_feature_position":"","_kad_post_header":false,"_kad_post_footer":false},"product_cat":[85,90,91,89,88],"product_tag":[189,191,188,190,187],"class_list":{"0":"post-723","1":"product","2":"type-product","3":"status-publish","4":"has-post-thumbnail","6":"product_cat-outdoor-vinyl-banners","7":"product_cat-glossy-pvc-banners","8":"product_cat-matte-vinyl-banners","9":"product_cat-pvc-banners","10":"product_cat-pvc-mesh-banners","11":"product_tag-advertising-mesh-banner","12":"product_tag-all-weather-mesh-banner","13":"product_tag-mesh-banner-printing","14":"product_tag-outdoor-mesh-banner","15":"product_tag-pvc-mesh-banner","17":"first","18":"instock","19":"shipping-taxable","20":"product-type-simple","21":"entry","22":"content-bg","23":"loop-entry"},"_links":{"self":[{"href":"https:\/\/cmykprinted.com\/hu\/wp-json\/wp\/v2\/product\/723","targetHints":{"allow":["GET"]}}],"collection":[{"href":"https:\/\/cmykprinted.com\/hu\/wp-json\/wp\/v2\/product"}],"about":[{"href":"https:\/\/cmykprinted.com\/hu\/wp-json\/wp\/v2\/types\/product"}],"version-history":[{"count":2,"href":"https:\/\/cmykprinted.com\/hu\/wp-json\/wp\/v2\/product\/723\/revisions"}],"predecessor-version":[{"id":732,"href":"https:\/\/cmykprinted.com\/hu\/wp-json\/wp\/v2\/product\/723\/revisions\/732"}],"wp:featuredmedia":[{"embeddable":true,"href":"https:\/\/cmykprinted.com\/hu\/wp-json\/wp\/v2\/media\/724"}],"wp:attachment":[{"href":"https:\/\/cmykprinted.com\/hu\/wp-json\/wp\/v2\/media?parent=723"}],"wp:term":[{"taxonomy":"product_cat","embeddable":true,"href":"https:\/\/cmykprinted.com\/hu\/wp-json\/wp\/v2\/product_cat?post=723"},{"taxonomy":"product_tag","embeddable":true,"href":"https:\/\/cmykprinted.com\/hu\/wp-json\/wp\/v2\/product_tag?post=723"}],"curies":[{"name":"wp","href":"https:\/\/api.w.org\/{rel}","templated":true}]}}