{"id":733,"date":"2022-12-30T03:56:29","date_gmt":"2022-12-30T03:56:29","guid":{"rendered":"https:\/\/cmykprinted.com\/?post_type=product&#038;p=733"},"modified":"2022-12-30T04:21:48","modified_gmt":"2022-12-30T04:21:48","slug":"promotional-triangle-pop-up-banners-a-frame-pop-out-banners","status":"publish","type":"product","link":"https:\/\/cmykprinted.com\/hu\/termek\/promotional-triangle-pop-up-banners-a-frame-pop-out-banners\/","title":{"rendered":"Prom\u00f3ci\u00f3s h\u00e1romsz\u00f6g el\u0151ugr\u00f3 bannerek A-keret kiugr\u00f3 szalaghirdet\u00e9sek"},"content":{"rendered":"","protected":false},"excerpt":{"rendered":"<p>A h\u00e1romsz\u00f6g alak\u00fa pop-up bannerek sokoldal\u00fa \u00e9s szemet gy\u00f6ny\u00f6rk\u00f6dtet\u0151 m\u00f3dot k\u00edn\u00e1lnak v\u00e1llalkoz\u00e1sa vagy m\u00e1rk\u00e1ja n\u00e9pszer\u0171s\u00edt\u00e9s\u00e9re. \u00dagy tervezt\u00e9k, hogy k\u00f6nnyen fel- \u00e9s leszerelhet\u0151k, \u00edgy t\u00f6k\u00e9letesek a ki\u00e1ll\u00edt\u00e1sokon, konferenci\u00e1kon \u00e9s egy\u00e9b rendezv\u00e9nyeken val\u00f3 haszn\u00e1latra. A tart\u00f3s \u0151szibarack b\u0151rsz\u00f6vetb\u0151l k\u00e9sz\u00fclt transzparensek k\u00f6nny\u0171ek \u00e9s k\u00f6nnyen sz\u00e1ll\u00edthat\u00f3k, \u00e9s egy k\u00e9nyelmes hordt\u00e1sk\u00e1t is tartalmaznak a t\u00e1rol\u00e1shoz.<br \/>\nAmellett, hogy k\u00f6nnyen haszn\u00e1lhat\u00f3ak, h\u00e1romsz\u00f6g alak\u00fa pop-up bannereink rendk\u00edv\u00fcl hat\u00e9konyak a figyelem felkelt\u00e9s\u00e9ben is. Ak\u00e1r egy \u00faj term\u00e9k bevezet\u00e9s\u00e9t, ak\u00e1r egy \u00e9rt\u00e9kes\u00edt\u00e9st vagy egy k\u00f6zelg\u0151 esem\u00e9nyt szeretne hirdetni, ezek a szalaghirdet\u00e9sek nagyszer\u0171 m\u00f3dja annak, hogy felkeltse az emberek \u00e9rdekl\u0151d\u00e9s\u00e9t v\u00e1llalkoz\u00e1sa ir\u00e1nt. Belt\u00e9ren \u00e9s k\u00fclt\u00e9ren is haszn\u00e1lhat\u00f3k, rug\u00f3s f\u00e9mac\u00e9l \u00e9s csapok vasalatuk megk\u00f6nny\u00edti az \u00f6ssze- \u00e9s sz\u00e9tszerel\u00e9s\u00fcket.<br \/>\nHa m\u00f3dot keres arra, hogy v\u00e1llalkoz\u00e1sa hirdet\u00e9s\u00e9t a k\u00f6vetkez\u0151 szintre emelje, fontolja meg egy h\u00e1romsz\u00f6g alak\u00fa felugr\u00f3 szalaghirdet\u00e9sbe val\u00f3 befektet\u00e9st. Nagyszer\u0171 m\u00f3dja annak, hogy felh\u00edvja a figyelmet v\u00e1llalkoz\u00e1s\u00e1ra, \u00e9s maradand\u00f3 benyom\u00e1st keltsen a potenci\u00e1lis \u00fcgyfelekben. \u00c1tfog\u00f3 telep\u00edt\u00e9si k\u00e9zik\u00f6nyv\u00fcnknek k\u00f6sz\u00f6nhet\u0151en pedig mindent megtal\u00e1l, amire sz\u00fcks\u00e9ge van a szalaghirdet\u00e9s egyszer\u0171 be\u00e1ll\u00edt\u00e1s\u00e1hoz \u00e9s elt\u00e1vol\u00edt\u00e1s\u00e1hoz. Teh\u00e1t ezek a bannerek t\u00f6k\u00e9letes v\u00e1laszt\u00e1st jelentenek minden olyan v\u00e1llalkoz\u00e1s sz\u00e1m\u00e1ra, amely a k\u00f6vetkez\u0151 rendezv\u00e9ny\u00e9n vagy konferenci\u00e1j\u00e1n szeretne felt\u0171n\u00e9st kelteni.<\/p>\n<div style=\"width: 1280px;\" class=\"wp-video\"><!--[if lt IE 9]><script>document.createElement('video');<\/script><![endif]--><br \/>\n<video class=\"wp-video-shortcode\" id=\"video-733-1\" width=\"1280\" height=\"720\" loop autoplay preload=\"metadata\" controls=\"controls\"><source type=\"video\/mp4\" src=\"http:\/\/cmykprinted.com\/wp-content\/uploads\/2022\/12\/Triangle-Pop-Up-Banners.mp4?_=1\" \/><a href=\"http:\/\/cmykprinted.com\/wp-content\/uploads\/2022\/12\/Triangle-Pop-Up-Banners.mp4\">http:\/\/cmykprinted.com\/wp-content\/uploads\/2022\/12\/Triangle-Pop-Up-Banners.mp4<\/a><\/video><\/div>","protected":false},"featured_media":734,"template":"","meta":{"_kad_post_transparent":"default","_kad_post_title":"hide","_kad_post_layout":"fullwidth","_kad_post_sidebar_id":"","_kad_post_content_style":"unboxed","_kad_post_vertical_padding":"hide","_kad_post_feature":"hide","_kad_post_feature_position":"","_kad_post_header":false,"_kad_post_footer":false},"product_cat":[92,95],"product_tag":[193,194,128,195,192],"class_list":{"0":"post-733","1":"product","2":"type-product","3":"status-publish","4":"has-post-thumbnail","6":"product_cat-pop-up-banners","7":"product_cat-triangle-pop-up-banners","8":"product_tag-a-frame-pop-out-banners","9":"product_tag-pop-out-banners","10":"product_tag-pop-up-banner","11":"product_tag-promotional-pop-up-banners","12":"product_tag-triangle-pop-up-banner","14":"first","15":"instock","16":"shipping-taxable","17":"product-type-simple","18":"entry","19":"content-bg","20":"loop-entry"},"_links":{"self":[{"href":"https:\/\/cmykprinted.com\/hu\/wp-json\/wp\/v2\/product\/733","targetHints":{"allow":["GET"]}}],"collection":[{"href":"https:\/\/cmykprinted.com\/hu\/wp-json\/wp\/v2\/product"}],"about":[{"href":"https:\/\/cmykprinted.com\/hu\/wp-json\/wp\/v2\/types\/product"}],"version-history":[{"count":3,"href":"https:\/\/cmykprinted.com\/hu\/wp-json\/wp\/v2\/product\/733\/revisions"}],"predecessor-version":[{"id":743,"href":"https:\/\/cmykprinted.com\/hu\/wp-json\/wp\/v2\/product\/733\/revisions\/743"}],"wp:featuredmedia":[{"embeddable":true,"href":"https:\/\/cmykprinted.com\/hu\/wp-json\/wp\/v2\/media\/734"}],"wp:attachment":[{"href":"https:\/\/cmykprinted.com\/hu\/wp-json\/wp\/v2\/media?parent=733"}],"wp:term":[{"taxonomy":"product_cat","embeddable":true,"href":"https:\/\/cmykprinted.com\/hu\/wp-json\/wp\/v2\/product_cat?post=733"},{"taxonomy":"product_tag","embeddable":true,"href":"https:\/\/cmykprinted.com\/hu\/wp-json\/wp\/v2\/product_tag?post=733"}],"curies":[{"name":"wp","href":"https:\/\/api.w.org\/{rel}","templated":true}]}}