{"id":744,"date":"2022-12-30T08:55:17","date_gmt":"2022-12-30T08:55:17","guid":{"rendered":"https:\/\/cmykprinted.com\/?post_type=product&#038;p=744"},"modified":"2022-12-30T12:44:27","modified_gmt":"2022-12-30T12:44:27","slug":"straight-tension-fabric-backdrop-media-wall-wholesale-price","status":"publish","type":"product","link":"https:\/\/cmykprinted.com\/hu\/termek\/straight-tension-fabric-backdrop-media-wall-wholesale-price\/","title":{"rendered":"Egyenes fesz\u00fclts\u00e9g\u0171 sz\u00f6vet h\u00e1tt\u00e9r m\u00e9diafal nagykereskedelmi \u00e1r"},"content":{"rendered":"","protected":false},"excerpt":{"rendered":"<p>A legkeresettebb egyenes fesz\u00edtett sz\u00f6vet h\u00e1tter\u00fcnk sokoldal\u00fa, \u00e9s t\u00f6bbf\u00e9le c\u00e9lra alkalmas, bele\u00e9rtve a st\u00fadi\u00f3 h\u00e1tter\u00e9nek, sz\u00ednpadi vagy rendezv\u00e9nyh\u00e1tt\u00e9rnek, fot\u00f3kabin h\u00e1tter\u00e9nek, sajt\u00f3t\u00e1j\u00e9koztat\u00f3 h\u00e1tter\u00e9nek, d\u00edj\u00e1tad\u00f3 h\u00e1tter\u00e9nek \u00e9s v\u00f6r\u00f6s sz\u0151nyeges h\u00e1tter\u00e9nek. Azzal a lehet\u0151s\u00e9ggel, hogy k\u00e9t k\u00fcl\u00f6nb\u00f6z\u0151 diz\u00e1jnt is elhelyezhet ugyanazon a szalaghirdet\u00e9sen, maximaliz\u00e1lhatja \u00e9rt\u00e9k\u00e9t \u00e9s sz\u00e1ll\u00edt\u00e1s\u00e1nak k\u00e9nyelm\u00e9t. A sztreccs sz\u00f6vet h\u00e1ttere er\u0151s \u00e9s rugalmas 100%, g\u00e9pben moshat\u00f3 poli\u00e9szterb\u0151l k\u00e9sz\u00fclt, egyedi sz\u00f6vetnyomtat\u00e1si elj\u00e1r\u00e1sunkkal nyomtatva, amely biztos\u00edtja, hogy a design \u00e9l\u00e9nk \u00e9s tiszta maradjon m\u00e9g t\u00f6bbsz\u00f6ri mos\u00e1s ut\u00e1n \u00e9s b\u00e1rmilyen id\u0151j\u00e1r\u00e1si viszonyok k\u00f6z\u00f6tt. Nyomtat\u00e1si elj\u00e1r\u00e1sunk is \u00f6ko-old\u00f3szer, teljesen term\u00e9szetes, biol\u00f3giailag leboml\u00f3 old\u00f3szereket haszn\u00e1l, amelyek kev\u00e9sb\u00e9 durv\u00e1k \u00e9s biztons\u00e1gosabbak a szervezet sz\u00e1m\u00e1ra. A k\u00f6nny\u0171 \u00e9s er\u0151s alum\u00ednium keretet \u00fagy tervezt\u00e9k, hogy hosszabb ideig t\u00e1mogassa a sz\u00f6vet ny\u00fal\u00e1s\u00e1t, \u00e9s pattinthat\u00f3 z\u00e1rcs\u00f6vekkel rendelkezik a k\u00f6nny\u0171 \u00e9s gyors be\u00e1ll\u00edt\u00e1s \u00e9rdek\u00e9ben, tov\u00e1bbi szersz\u00e1mok n\u00e9lk\u00fcl. Az \u00e1llv\u00e1ny a k\u00edv\u00e1nt m\u00e9retre \u00e1ll\u00edthat\u00f3, \u00e9s egy gurul\u00f3s kem\u00e9nytokos dobog\u00f3val rendelkezik a k\u00f6nny\u0171 hordozhat\u00f3s\u00e1g \u00e9rdek\u00e9ben. Az egyenes fesz\u00edt\u00e9s\u0171 sz\u00f6vet h\u00e1tteret n\u00e9gy-\u00f6t munkanapon bel\u00fcl ingyenesen sz\u00e1ll\u00edtjuk.<\/p>\n<div style=\"width: 1280px;\" class=\"wp-video\"><!--[if lt IE 9]><script>document.createElement('video');<\/script><![endif]--><br \/>\n<video class=\"wp-video-shortcode\" id=\"video-744-1\" width=\"1280\" height=\"720\" loop autoplay preload=\"auto\" controls=\"controls\"><source type=\"video\/mp4\" src=\"http:\/\/cmykprinted.com\/wp-content\/uploads\/2022\/12\/Straight-Tension-Fabric-Backdrop.mp4?_=1\" \/><a href=\"http:\/\/cmykprinted.com\/wp-content\/uploads\/2022\/12\/Straight-Tension-Fabric-Backdrop.mp4\">http:\/\/cmykprinted.com\/wp-content\/uploads\/2022\/12\/Straight-Tension-Fabric-Backdrop.mp4<\/a><\/video><\/div>","protected":false},"featured_media":745,"template":"","meta":{"_kad_post_transparent":"default","_kad_post_title":"hide","_kad_post_layout":"fullwidth","_kad_post_sidebar_id":"","_kad_post_content_style":"unboxed","_kad_post_vertical_padding":"hide","_kad_post_feature":"hide","_kad_post_feature_position":"","_kad_post_header":false,"_kad_post_footer":false},"product_cat":[97,100],"product_tag":[196,197,198],"class_list":{"0":"post-744","1":"product","2":"type-product","3":"status-publish","4":"has-post-thumbnail","6":"product_cat-tension-fabric-displays","7":"product_cat-straight-tension-fabric-backdrop","8":"product_tag-straight-tension-fabric-backdrop","9":"product_tag-tension-fabric-backdrop","10":"product_tag-tension-fabric-media-wall","12":"first","13":"instock","14":"shipping-taxable","15":"product-type-simple","16":"entry","17":"content-bg","18":"loop-entry"},"_links":{"self":[{"href":"https:\/\/cmykprinted.com\/hu\/wp-json\/wp\/v2\/product\/744","targetHints":{"allow":["GET"]}}],"collection":[{"href":"https:\/\/cmykprinted.com\/hu\/wp-json\/wp\/v2\/product"}],"about":[{"href":"https:\/\/cmykprinted.com\/hu\/wp-json\/wp\/v2\/types\/product"}],"version-history":[{"count":4,"href":"https:\/\/cmykprinted.com\/hu\/wp-json\/wp\/v2\/product\/744\/revisions"}],"predecessor-version":[{"id":750,"href":"https:\/\/cmykprinted.com\/hu\/wp-json\/wp\/v2\/product\/744\/revisions\/750"}],"wp:featuredmedia":[{"embeddable":true,"href":"https:\/\/cmykprinted.com\/hu\/wp-json\/wp\/v2\/media\/745"}],"wp:attachment":[{"href":"https:\/\/cmykprinted.com\/hu\/wp-json\/wp\/v2\/media?parent=744"}],"wp:term":[{"taxonomy":"product_cat","embeddable":true,"href":"https:\/\/cmykprinted.com\/hu\/wp-json\/wp\/v2\/product_cat?post=744"},{"taxonomy":"product_tag","embeddable":true,"href":"https:\/\/cmykprinted.com\/hu\/wp-json\/wp\/v2\/product_tag?post=744"}],"curies":[{"name":"wp","href":"https:\/\/api.w.org\/{rel}","templated":true}]}}