{"id":751,"date":"2022-12-30T12:03:52","date_gmt":"2022-12-30T12:03:52","guid":{"rendered":"https:\/\/cmykprinted.com\/?post_type=product&#038;p=751"},"modified":"2022-12-30T12:39:33","modified_gmt":"2022-12-30T12:39:33","slug":"multipurpose-wholesale-adhesive-uv-transfer-stickers-labels","status":"publish","type":"product","link":"https:\/\/cmykprinted.com\/hu\/termek\/multipurpose-wholesale-adhesive-uv-transfer-stickers-labels\/","title":{"rendered":"T\u00f6bbc\u00e9l\u00fa nagykereskedelmi \u00f6ntapad\u00f3 UV transzfer matric\u00e1k"},"content":{"rendered":"","protected":false},"excerpt":{"rendered":"<p>A 3D sztere\u00f3 hat\u00e1s\u00fa UV transzfer matric\u00e1k lehet\u0151v\u00e9 teszik egyedi mint\u00e1k l\u00e9trehoz\u00e1s\u00e1t saj\u00e1t mint\u00e1kkal, log\u00f3kkal \u00e9s sz\u00f6vegekkel. Ezek a matric\u00e1k UV transzfer paszt\u00e1b\u00f3l k\u00e9sz\u00fclnek, amely er\u0151s tapad\u00f3 tulajdons\u00e1gair\u00f3l \u00e9s v\u00edz\u00e1ll\u00f3 tulajdons\u00e1gair\u00f3l ismert. A karcol\u00e1sokkal szemben is ellen\u00e1ll\u00f3, \u00edgy strapab\u00edr\u00f3 \u00e9s hossz\u00fa \u00e9lettartam\u00fa v\u00e1laszt\u00e1s k\u00fcl\u00f6nf\u00e9le fel\u00fcletekre. Fontos azonban megjegyezni, hogy ezeket a matric\u00e1kat nem szabad forr\u00f3 v\u00edznek vagy meleg\u00edt\u00e9snek kitenni, mert ez befoly\u00e1solhatja a ragad\u00f3ss\u00e1gukat.<br \/>\nEzek a matric\u00e1k sokf\u00e9le fel\u00fcleten haszn\u00e1lhat\u00f3k, bele\u00e9rtve a f\u00e9met, m\u0171anyagot, \u00fcveget, festett fel\u00fcleteket, k\u00f6nyveket, kartont, f\u00e1t, kartonokat, m\u0171gyanta anyagokat, ker\u00e1mia anyagokat, kem\u00e9ny fedeles anyagokat, tollakat, tr\u00f3fe\u00e1kat, palackokat, termoszokat, jegyzett\u00f6mb\u00f6ket, pendrive-ok \u00e9s b\u00e1rmilyen m\u00e1s sima anyag. Ak\u00e1r az aut\u00f3j\u00e1ra is felvihet\u0151k, amennyiben a fel\u00fclet haszn\u00e1lat el\u0151tt tiszta.<br \/>\nEzen t\u00falmen\u0151en ezek a matric\u00e1k tetsz\u0151leges form\u00e1ra v\u00e1ghat\u00f3k, az \u00fagynevezett stancol\u00e1si vagy cs\u00f3kv\u00e1g\u00e1sos elj\u00e1r\u00e1ssal. Ez lehet\u0151v\u00e9 teszi egyedi \u00e9s szem\u00e9lyre szabott matric\u00e1k l\u00e9trehoz\u00e1s\u00e1t, amelyek k\u00fcl\u00f6nf\u00e9le c\u00e9lokra haszn\u00e1lhat\u00f3k, p\u00e9ld\u00e1ul m\u00e1rka\u00e9p\u00edt\u00e9sre, marketingre vagy szem\u00e9lyes kifejez\u00e9sre. Teh\u00e1t ezek a matric\u00e1k nagyon sokoldal\u00faak, \u00e9s sokf\u00e9le alkalmaz\u00e1sban haszn\u00e1lhat\u00f3k.<\/p>\n<div style=\"width: 1280px;\" class=\"wp-video\"><!--[if lt IE 9]><script>document.createElement('video');<\/script><![endif]--><br \/>\n<video class=\"wp-video-shortcode\" id=\"video-751-1\" width=\"1280\" height=\"720\" loop autoplay preload=\"auto\" controls=\"controls\"><source type=\"video\/mp4\" src=\"http:\/\/cmykprinted.com\/wp-content\/uploads\/2022\/12\/UV-transfer-stickers.mp4?_=1\" \/><a href=\"http:\/\/cmykprinted.com\/wp-content\/uploads\/2022\/12\/UV-transfer-stickers.mp4\">http:\/\/cmykprinted.com\/wp-content\/uploads\/2022\/12\/UV-transfer-stickers.mp4<\/a><\/video><\/div>","protected":false},"featured_media":752,"template":"","meta":{"_kad_post_transparent":"default","_kad_post_title":"hide","_kad_post_layout":"fullwidth","_kad_post_sidebar_id":"","_kad_post_content_style":"unboxed","_kad_post_vertical_padding":"hide","_kad_post_feature":"hide","_kad_post_feature_position":"","_kad_post_header":false,"_kad_post_footer":false},"product_cat":[101,103],"product_tag":[202,200,199,138,201],"class_list":{"0":"post-751","1":"product","2":"type-product","3":"status-publish","4":"has-post-thumbnail","6":"product_cat-transfer-stickers","7":"product_cat-uv-transfer-stickers","8":"product_tag-adhesive-transfer-stickers","9":"product_tag-multipurpose-transfer-stickers","10":"product_tag-uv-transfer-labels","11":"product_tag-uv-transfer-stickers","12":"product_tag-wholesale-transfer-stickers","14":"first","15":"instock","16":"shipping-taxable","17":"product-type-simple","18":"entry","19":"content-bg","20":"loop-entry"},"_links":{"self":[{"href":"https:\/\/cmykprinted.com\/hu\/wp-json\/wp\/v2\/product\/751","targetHints":{"allow":["GET"]}}],"collection":[{"href":"https:\/\/cmykprinted.com\/hu\/wp-json\/wp\/v2\/product"}],"about":[{"href":"https:\/\/cmykprinted.com\/hu\/wp-json\/wp\/v2\/types\/product"}],"version-history":[{"count":3,"href":"https:\/\/cmykprinted.com\/hu\/wp-json\/wp\/v2\/product\/751\/revisions"}],"predecessor-version":[{"id":761,"href":"https:\/\/cmykprinted.com\/hu\/wp-json\/wp\/v2\/product\/751\/revisions\/761"}],"wp:featuredmedia":[{"embeddable":true,"href":"https:\/\/cmykprinted.com\/hu\/wp-json\/wp\/v2\/media\/752"}],"wp:attachment":[{"href":"https:\/\/cmykprinted.com\/hu\/wp-json\/wp\/v2\/media?parent=751"}],"wp:term":[{"taxonomy":"product_cat","embeddable":true,"href":"https:\/\/cmykprinted.com\/hu\/wp-json\/wp\/v2\/product_cat?post=751"},{"taxonomy":"product_tag","embeddable":true,"href":"https:\/\/cmykprinted.com\/hu\/wp-json\/wp\/v2\/product_tag?post=751"}],"curies":[{"name":"wp","href":"https:\/\/api.w.org\/{rel}","templated":true}]}}