{"id":778,"date":"2022-12-31T02:58:49","date_gmt":"2022-12-31T02:58:49","guid":{"rendered":"https:\/\/cmykprinted.com\/?post_type=product&#038;p=778"},"modified":"2022-12-31T03:33:16","modified_gmt":"2022-12-31T03:33:16","slug":"heavy-duty-instant-enclosed-10x20ft-pop-up-canopies-gazebo","status":"publish","type":"product","link":"https:\/\/cmykprinted.com\/hu\/termek\/heavy-duty-instant-enclosed-10x20ft-pop-up-canopies-gazebo\/","title":{"rendered":"Nagy teherb\u00edr\u00e1s\u00fa, azonnal fel\u00e1ll\u00edthat\u00f3, z\u00e1rt, 3 x 6 m\u00e9teres felnyithat\u00f3 pavilon"},"content":{"rendered":"","protected":false},"excerpt":{"rendered":"<p>A 10x20 l\u00e1b felugr\u00f3 el\u0151tet\u0151ket szabadt\u00e9ri rendezv\u00e9nyekre tervezt\u00e9k, \u00e9s k\u00e9nyelmes hordt\u00e1sk\u00e1val rendelkeznek a k\u00f6nny\u0171 sz\u00e1ll\u00edt\u00e1s \u00e9rdek\u00e9ben. A 10 x 20 l\u00e1b m\u00e9ret\u0171 felugr\u00f3 el\u0151tet\u0151k nagy, 200 n\u00e9gyzetl\u00e1b \u00e1rny\u00e9kol\u00f3 ter\u00fcletet k\u00edn\u00e1lnak, amely elegend\u0151 egy 8 l\u00e1b hossz\u00fa, t\u00e9glalap alak\u00fa asztal elhelyez\u00e9s\u00e9hez 25 sz\u00e9kkel vagy k\u00f6r\u00fclbel\u00fcl 30 ember egyidej\u0171 elhelyez\u00e9s\u00e9vel. A lombkorona tart\u00f3s 420D Oxford sz\u00f6vetb\u0151l k\u00e9sz\u00fclt, PVC bevonattal a sz\u00e9l- \u00e9s kop\u00e1s\u00e1ll\u00f3s\u00e1g, valamint az UV30+ v\u00e9delem \u00e9s a v\u00edz\u00e1ll\u00f3s\u00e1g \u00e9rdek\u00e9ben. Gyorsan \u00e9s egyszer\u0171en fel\u00e1ll\u00edthat\u00f3, szersz\u00e1m n\u00e9lk\u00fcli szerel\u00e9si folyamattal \u00e9s nagy teherb\u00edr\u00e1s\u00fa ac\u00e9lkerettel, 4 poz\u00edci\u00f3ban \u00e1ll\u00edthat\u00f3 magass\u00e1ggal. A lombkorona oldalfalai \u00e1tl\u00e1tsz\u00f3 ablakokkal \u00e9s egy k\u00f6zponti cipz\u00e1ras ajt\u00f3val rendelkeznek, amely fokozott v\u00e9delmet ny\u00fajt a sz\u00e9l \u00e9s a k\u00e1ros napsug\u00e1rz\u00e1s ellen, mik\u00f6zben tov\u00e1bbra is szabad kil\u00e1t\u00e1st biztos\u00edt a k\u00fclvil\u00e1gra. Az oldalfalak kamp\u00f3s-hurkos r\u00f6gz\u00edt\u0151kkel k\u00f6nnyen fel- vagy lev\u00e1laszthat\u00f3k a lombkorona keret\u00e9r\u0151l.<\/p>\n<div style=\"width: 1280px;\" class=\"wp-video\"><!--[if lt IE 9]><script>document.createElement('video');<\/script><![endif]--><br \/>\n<video class=\"wp-video-shortcode\" id=\"video-778-1\" width=\"1280\" height=\"720\" loop autoplay preload=\"auto\" controls=\"controls\"><source type=\"video\/mp4\" src=\"http:\/\/cmykprinted.com\/wp-content\/uploads\/2022\/12\/10x20ft-Pop-Up-Canopies.mp4?_=1\" \/><a href=\"http:\/\/cmykprinted.com\/wp-content\/uploads\/2022\/12\/10x20ft-Pop-Up-Canopies.mp4\">http:\/\/cmykprinted.com\/wp-content\/uploads\/2022\/12\/10x20ft-Pop-Up-Canopies.mp4<\/a><\/video><\/div>","protected":false},"featured_media":780,"template":"","meta":{"_kad_post_transparent":"default","_kad_post_title":"hide","_kad_post_layout":"fullwidth","_kad_post_sidebar_id":"","_kad_post_content_style":"unboxed","_kad_post_vertical_padding":"hide","_kad_post_feature":"hide","_kad_post_feature_position":"","_kad_post_header":false,"_kad_post_footer":false},"product_cat":[68,72,69],"product_tag":[208,211,209,210],"class_list":{"0":"post-778","1":"product","2":"type-product","3":"status-publish","4":"has-post-thumbnail","6":"product_cat-custom-canopy-tents","7":"product_cat-10x20ft-pop-up-canopies","8":"product_cat-40mm-hexagon-aluminum-tents","9":"product_tag-10x20ft-pop-up-canopies","10":"product_tag-heavy-duty-gazebo","11":"product_tag-heavy-duty-pop-up-canopies","12":"product_tag-instant-pop-up-canopies","14":"first","15":"instock","16":"shipping-taxable","17":"product-type-simple","18":"entry","19":"content-bg","20":"loop-entry"},"_links":{"self":[{"href":"https:\/\/cmykprinted.com\/hu\/wp-json\/wp\/v2\/product\/778","targetHints":{"allow":["GET"]}}],"collection":[{"href":"https:\/\/cmykprinted.com\/hu\/wp-json\/wp\/v2\/product"}],"about":[{"href":"https:\/\/cmykprinted.com\/hu\/wp-json\/wp\/v2\/types\/product"}],"version-history":[{"count":4,"href":"https:\/\/cmykprinted.com\/hu\/wp-json\/wp\/v2\/product\/778\/revisions"}],"predecessor-version":[{"id":790,"href":"https:\/\/cmykprinted.com\/hu\/wp-json\/wp\/v2\/product\/778\/revisions\/790"}],"wp:featuredmedia":[{"embeddable":true,"href":"https:\/\/cmykprinted.com\/hu\/wp-json\/wp\/v2\/media\/780"}],"wp:attachment":[{"href":"https:\/\/cmykprinted.com\/hu\/wp-json\/wp\/v2\/media?parent=778"}],"wp:term":[{"taxonomy":"product_cat","embeddable":true,"href":"https:\/\/cmykprinted.com\/hu\/wp-json\/wp\/v2\/product_cat?post=778"},{"taxonomy":"product_tag","embeddable":true,"href":"https:\/\/cmykprinted.com\/hu\/wp-json\/wp\/v2\/product_tag?post=778"}],"curies":[{"name":"wp","href":"https:\/\/api.w.org\/{rel}","templated":true}]}}